{"id":1621,"date":"2019-10-31T22:40:53","date_gmt":"2019-10-31T21:40:53","guid":{"rendered":"https:\/\/muralunique.com\/?page_id=1621"},"modified":"2020-03-28T22:33:11","modified_gmt":"2020-03-29T02:33:11","slug":"categorie-produit","status":"publish","type":"page","link":"https:\/\/www.muralunique.com\/fr\/categorie-produit\/","title":{"rendered":"Cat\u00e9gories"},"content":{"rendered":"\t\t<div data-elementor-type=\"wp-page\" data-elementor-id=\"1621\" class=\"elementor elementor-1621\" data-elementor-post-type=\"page\">\n\t\t\t\t\t\t<section class=\"elementor-section elementor-top-section elementor-element elementor-element-f285066 elementor-section-height-min-height elementor-section-boxed elementor-section-height-default elementor-section-items-middle\" data-id=\"f285066\" data-element_type=\"section\" data-e-type=\"section\" data-settings=\"{&quot;background_background&quot;:&quot;classic&quot;}\">\n\t\t\t\t\t\t<div class=\"elementor-container elementor-column-gap-default\">\n\t\t\t\t\t<div class=\"elementor-column elementor-col-100 elementor-top-column elementor-element elementor-element-e52de63\" data-id=\"e52de63\" data-element_type=\"column\" data-e-type=\"column\">\n\t\t\t<div class=\"elementor-widget-wrap elementor-element-populated\">\n\t\t\t\t\t\t<div class=\"elementor-element elementor-element-fcfb064 elementor-widget elementor-widget-heading\" data-id=\"fcfb064\" data-element_type=\"widget\" data-e-type=\"widget\" data-widget_type=\"heading.default\">\n\t\t\t\t<div class=\"elementor-widget-container\">\n\t\t\t\t\t<h1 class=\"elementor-heading-title elementor-size-default\">Cat\u00e9gories<\/h1>\t\t\t\t<\/div>\n\t\t\t\t<\/div>\n\t\t\t\t\t<\/div>\n\t\t<\/div>\n\t\t\t\t\t<\/div>\n\t\t<\/section>\n\t\t\t\t<section class=\"elementor-section elementor-top-section elementor-element elementor-element-e252ec3 pv90  elementor-section-boxed elementor-section-height-default elementor-section-height-default\" data-id=\"e252ec3\" data-element_type=\"section\" data-e-type=\"section\">\n\t\t\t\t\t\t<div class=\"elementor-container elementor-column-gap-default\">\n\t\t\t\t\t<div class=\"elementor-column elementor-col-100 elementor-top-column elementor-element elementor-element-c2da30d\" data-id=\"c2da30d\" data-element_type=\"column\" data-e-type=\"column\">\n\t\t\t<div class=\"elementor-widget-wrap elementor-element-populated\">\n\t\t\t\t\t\t<div class=\"elementor-element elementor-element-09c276f elementor-grid-4 elementor-grid-tablet-3 elementor-grid-mobile-2 elementor-products-grid elementor-wc-products elementor-widget elementor-widget-wc-categories\" data-id=\"09c276f\" data-element_type=\"widget\" data-e-type=\"widget\" data-widget_type=\"wc-categories.default\">\n\t\t\t\t<div class=\"elementor-widget-container\">\n\t\t\t\t\t<div class=\"woocommerce columns-4\"><ul class=\"products elementor-grid columns-4\">\n<li class=\"product-category product first\">\n\t<a aria-label=\"Acc\u00e9der \u00e0 la cat\u00e9gorie de produits Abstrait et G\u00e9om\u00e9trie\" href=\"https:\/\/www.muralunique.com\/fr\/categorie-produit\/abstrait-et-geometrie\/\"><img fetchpriority=\"high\" decoding=\"async\" src=\"https:\/\/www.muralunique.com\/wp-content\/uploads\/2019\/10\/wc-placeholder.png\" alt=\"Abstrait et G\u00e9om\u00e9trie\" width=\"300\" height=\"225\" \/>\t\t<h2 class=\"woocommerce-loop-category__title\">\n\t\t\tAbstrait et G\u00e9om\u00e9trie <mark class=\"count\">(130)<\/mark>\t\t<\/h2>\n\t\t<\/a><\/li>\n<li class=\"product-category product\">\n\t<a aria-label=\"Acc\u00e9der \u00e0 la cat\u00e9gorie de produits Adolescents\" href=\"https:\/\/www.muralunique.com\/fr\/categorie-produit\/adolescents\/\"><img decoding=\"async\" src=\"https:\/\/www.muralunique.com\/wp-content\/uploads\/2019\/10\/wc-placeholder.png\" alt=\"Adolescents\" width=\"300\" height=\"225\" \/>\t\t<h2 class=\"woocommerce-loop-category__title\">\n\t\t\tAdolescents <mark class=\"count\">(78)<\/mark>\t\t<\/h2>\n\t\t<\/a><\/li>\n<li class=\"product-category product\">\n\t<a aria-label=\"Acc\u00e9der \u00e0 la cat\u00e9gorie de produits Affiches\" href=\"https:\/\/www.muralunique.com\/fr\/categorie-produit\/affiches-muralunique-com\/\"><img decoding=\"async\" src=\"https:\/\/www.muralunique.com\/wp-content\/uploads\/2019\/10\/wc-placeholder.png\" alt=\"Affiches\" width=\"300\" height=\"225\" \/>\t\t<h2 class=\"woocommerce-loop-category__title\">\n\t\t\tAffiches <mark class=\"count\">(19)<\/mark>\t\t<\/h2>\n\t\t<\/a><\/li>\n<li class=\"product-category product last\">\n\t<a aria-label=\"Acc\u00e9der \u00e0 la cat\u00e9gorie de produits Animaux\" href=\"https:\/\/www.muralunique.com\/fr\/categorie-produit\/animaux\/\"><img loading=\"lazy\" decoding=\"async\" src=\"https:\/\/www.muralunique.com\/wp-content\/uploads\/2019\/10\/wc-placeholder.png\" alt=\"Animaux\" width=\"300\" height=\"225\" \/>\t\t<h2 class=\"woocommerce-loop-category__title\">\n\t\t\tAnimaux <mark class=\"count\">(102)<\/mark>\t\t<\/h2>\n\t\t<\/a><\/li>\n<li class=\"product-category product first\">\n\t<a aria-label=\"Acc\u00e9der \u00e0 la cat\u00e9gorie de produits Cartes et Drapeaux\" href=\"https:\/\/www.muralunique.com\/fr\/categorie-produit\/cartes-et-drapeaux\/\"><img loading=\"lazy\" decoding=\"async\" src=\"https:\/\/www.muralunique.com\/wp-content\/uploads\/2020\/01\/1036R_Word-Map-French-Version-300x225.jpg\" alt=\"Cartes et Drapeaux\" width=\"300\" height=\"225\" \/>\t\t<h2 class=\"woocommerce-loop-category__title\">\n\t\t\tCartes et Drapeaux <mark class=\"count\">(21)<\/mark>\t\t<\/h2>\n\t\t<\/a><\/li>\n<li class=\"product-category product\">\n\t<a aria-label=\"Acc\u00e9der \u00e0 la cat\u00e9gorie de produits Collections EcoLUX\" href=\"https:\/\/www.muralunique.com\/fr\/categorie-produit\/collections-ecolux\/\"><img loading=\"lazy\" decoding=\"async\" src=\"https:\/\/www.muralunique.com\/wp-content\/uploads\/2019\/10\/wc-placeholder.png\" alt=\"Collections EcoLUX\" width=\"300\" height=\"225\" \/>\t\t<h2 class=\"woocommerce-loop-category__title\">\n\t\t\tCollections EcoLUX <mark class=\"count\">(131)<\/mark>\t\t<\/h2>\n\t\t<\/a><\/li>\n<li class=\"product-category product\">\n\t<a aria-label=\"Acc\u00e9der \u00e0 la cat\u00e9gorie de produits Cuisine | Nourriture\" href=\"https:\/\/www.muralunique.com\/fr\/categorie-produit\/cuisine-nourriture\/\"><img loading=\"lazy\" decoding=\"async\" src=\"https:\/\/www.muralunique.com\/wp-content\/uploads\/2019\/10\/wc-placeholder.png\" alt=\"Cuisine | Nourriture\" width=\"300\" height=\"225\" \/>\t\t<h2 class=\"woocommerce-loop-category__title\">\n\t\t\tCuisine | Nourriture <mark class=\"count\">(21)<\/mark>\t\t<\/h2>\n\t\t<\/a><\/li>\n<li class=\"product-category product last\">\n\t<a aria-label=\"Acc\u00e9der \u00e0 la cat\u00e9gorie de produits Eau et Plages\" href=\"https:\/\/www.muralunique.com\/fr\/categorie-produit\/eau-et-plages\/\"><img loading=\"lazy\" decoding=\"async\" src=\"https:\/\/www.muralunique.com\/wp-content\/uploads\/2019\/10\/wc-placeholder.png\" alt=\"Eau et Plages\" width=\"300\" height=\"225\" \/>\t\t<h2 class=\"woocommerce-loop-category__title\">\n\t\t\tEau et Plages <mark class=\"count\">(100)<\/mark>\t\t<\/h2>\n\t\t<\/a><\/li>\n<li class=\"product-category product first\">\n\t<a aria-label=\"Acc\u00e9der \u00e0 la cat\u00e9gorie de produits EcoLUX\" href=\"https:\/\/www.muralunique.com\/fr\/categorie-produit\/ecolux\/\"><img loading=\"lazy\" decoding=\"async\" src=\"https:\/\/www.muralunique.com\/wp-content\/uploads\/2025\/09\/Logo_EcoLUX.svg\" alt=\"EcoLUX\" width=\"300\" height=\"225\" \/>\t\t<h2 class=\"woocommerce-loop-category__title\">\n\t\t\tEcoLUX <mark class=\"count\">(66)<\/mark>\t\t<\/h2>\n\t\t<\/a><\/li>\n<li class=\"product-category product\">\n\t<a aria-label=\"Acc\u00e9der \u00e0 la cat\u00e9gorie de produits Enfants\" href=\"https:\/\/www.muralunique.com\/fr\/categorie-produit\/enfants\/\"><img loading=\"lazy\" decoding=\"async\" src=\"https:\/\/www.muralunique.com\/wp-content\/uploads\/2019\/10\/wc-placeholder.png\" alt=\"Enfants\" width=\"300\" height=\"225\" \/>\t\t<h2 class=\"woocommerce-loop-category__title\">\n\t\t\tEnfants <mark class=\"count\">(188)<\/mark>\t\t<\/h2>\n\t\t<\/a><\/li>\n<li class=\"product-category product\">\n\t<a aria-label=\"Acc\u00e9der \u00e0 la cat\u00e9gorie de produits Espace\" href=\"https:\/\/www.muralunique.com\/fr\/categorie-produit\/espace\/\"><img loading=\"lazy\" decoding=\"async\" src=\"https:\/\/www.muralunique.com\/wp-content\/uploads\/2019\/10\/wc-placeholder.png\" alt=\"Espace\" width=\"300\" height=\"225\" \/>\t\t<h2 class=\"woocommerce-loop-category__title\">\n\t\t\tEspace <mark class=\"count\">(15)<\/mark>\t\t<\/h2>\n\t\t<\/a><\/li>\n<li class=\"product-category product last\">\n\t<a aria-label=\"Acc\u00e9der \u00e0 la cat\u00e9gorie de produits Fleurs et Feuillages\" href=\"https:\/\/www.muralunique.com\/fr\/categorie-produit\/fleurs-et-feuillages\/\"><img loading=\"lazy\" decoding=\"async\" src=\"https:\/\/www.muralunique.com\/wp-content\/uploads\/2019\/10\/wc-placeholder.png\" alt=\"Fleurs et Feuillages\" width=\"300\" height=\"225\" \/>\t\t<h2 class=\"woocommerce-loop-category__title\">\n\t\t\tFleurs et Feuillages <mark class=\"count\">(239)<\/mark>\t\t<\/h2>\n\t\t<\/a><\/li>\n<li class=\"product-category product first\">\n\t<a aria-label=\"Acc\u00e9der \u00e0 la cat\u00e9gorie de produits Images Panoramiques\" href=\"https:\/\/www.muralunique.com\/fr\/categorie-produit\/images-panoramiques\/\"><img loading=\"lazy\" decoding=\"async\" src=\"https:\/\/www.muralunique.com\/wp-content\/uploads\/2020\/02\/1791_Silver-Falls-State-Park-Oregon_new-300x225.jpg\" alt=\"Images Panoramiques\" width=\"300\" height=\"225\" \/>\t\t<h2 class=\"woocommerce-loop-category__title\">\n\t\t\tImages Panoramiques <mark class=\"count\">(85)<\/mark>\t\t<\/h2>\n\t\t<\/a><\/li>\n<li class=\"product-category product\">\n\t<a aria-label=\"Acc\u00e9der \u00e0 la cat\u00e9gorie de produits Inspiration Artistique\" href=\"https:\/\/www.muralunique.com\/fr\/categorie-produit\/inspiration-artistique\/\"><img loading=\"lazy\" decoding=\"async\" src=\"https:\/\/www.muralunique.com\/wp-content\/uploads\/2019\/10\/wc-placeholder.png\" alt=\"Inspiration Artistique\" width=\"300\" height=\"225\" \/>\t\t<h2 class=\"woocommerce-loop-category__title\">\n\t\t\tInspiration Artistique <mark class=\"count\">(8)<\/mark>\t\t<\/h2>\n\t\t<\/a><\/li>\n<li class=\"product-category product\">\n\t<a aria-label=\"Acc\u00e9der \u00e0 la cat\u00e9gorie de produits Kikki Belle\" href=\"https:\/\/www.muralunique.com\/fr\/categorie-produit\/kikki-belle-fr\/\"><img loading=\"lazy\" decoding=\"async\" src=\"https:\/\/www.muralunique.com\/wp-content\/uploads\/2023\/12\/Icon-Kikki-Belle-300x225.png\" alt=\"Kikki Belle\" width=\"300\" height=\"225\" \/>\t\t<h2 class=\"woocommerce-loop-category__title\">\n\t\t\tKikki Belle <mark class=\"count\">(80)<\/mark>\t\t<\/h2>\n\t\t<\/a><\/li>\n<li class=\"product-category product last\">\n\t<a aria-label=\"Acc\u00e9der \u00e0 la cat\u00e9gorie de produits Merveilles du Monde\" href=\"https:\/\/www.muralunique.com\/fr\/categorie-produit\/merveilles-du-monde\/\"><img loading=\"lazy\" decoding=\"async\" src=\"https:\/\/www.muralunique.com\/wp-content\/uploads\/2019\/10\/wc-placeholder.png\" alt=\"Merveilles du Monde\" width=\"300\" height=\"225\" \/>\t\t<h2 class=\"woocommerce-loop-category__title\">\n\t\t\tMerveilles du Monde <mark class=\"count\">(46)<\/mark>\t\t<\/h2>\n\t\t<\/a><\/li>\n<li class=\"product-category product first\">\n\t<a aria-label=\"Acc\u00e9der \u00e0 la cat\u00e9gorie de produits MURALES CIRCULAIRES\" href=\"https:\/\/www.muralunique.com\/fr\/categorie-produit\/murales-circulaires\/\"><img loading=\"lazy\" decoding=\"async\" src=\"https:\/\/www.muralunique.com\/wp-content\/uploads\/2020\/01\/1074RSZZZ_LRG-300x225.jpg\" alt=\"MURALES CIRCULAIRES\" width=\"300\" height=\"225\" \/>\t\t<h2 class=\"woocommerce-loop-category__title\">\n\t\t\tMURALES CIRCULAIRES <mark class=\"count\">(2)<\/mark>\t\t<\/h2>\n\t\t<\/a><\/li>\n<li class=\"product-category product\">\n\t<a aria-label=\"Acc\u00e9der \u00e0 la cat\u00e9gorie de produits MURALES EN R\u00c9P\u00c9TITION\" href=\"https:\/\/www.muralunique.com\/fr\/categorie-produit\/murales-en-r-p-tition\/\"><img loading=\"lazy\" decoding=\"async\" src=\"https:\/\/www.muralunique.com\/wp-content\/uploads\/2020\/01\/1478R_Antique-Wood_Web-300x225.jpg\" alt=\"MURALES EN R\u00c9P\u00c9TITION\" width=\"300\" height=\"225\" \/>\t\t<h2 class=\"woocommerce-loop-category__title\">\n\t\t\tMURALES EN R\u00c9P\u00c9TITION <mark class=\"count\">(53)<\/mark>\t\t<\/h2>\n\t\t<\/a><\/li>\n<li class=\"product-category product\">\n\t<a aria-label=\"Acc\u00e9der \u00e0 la cat\u00e9gorie de produits MURS EXTRA HAUTS | MURALES R\u00c9P\u00c9TITION VERTICALE\" href=\"https:\/\/www.muralunique.com\/fr\/categorie-produit\/murs-extra-hauts-murales-repetition-verticale\/\"><img loading=\"lazy\" decoding=\"async\" src=\"https:\/\/www.muralunique.com\/wp-content\/uploads\/2019\/10\/wc-placeholder.png\" alt=\"MURS EXTRA HAUTS | MURALES R\u00c9P\u00c9TITION VERTICALE\" width=\"300\" height=\"225\" \/>\t\t<h2 class=\"woocommerce-loop-category__title\">\n\t\t\tMURS EXTRA HAUTS | MURALES R\u00c9P\u00c9TITION VERTICALE <mark class=\"count\">(24)<\/mark>\t\t<\/h2>\n\t\t<\/a><\/li>\n<li class=\"product-category product last\">\n\t<a aria-label=\"Acc\u00e9der \u00e0 la cat\u00e9gorie de produits Musique\" href=\"https:\/\/www.muralunique.com\/fr\/categorie-produit\/musique\/\"><img loading=\"lazy\" decoding=\"async\" src=\"https:\/\/www.muralunique.com\/wp-content\/uploads\/2020\/01\/1412R_Lets-Get-Musical-300x225.jpg\" alt=\"Musique\" width=\"300\" height=\"225\" \/>\t\t<h2 class=\"woocommerce-loop-category__title\">\n\t\t\tMusique <mark class=\"count\">(10)<\/mark>\t\t<\/h2>\n\t\t<\/a><\/li>\n<li class=\"product-category product first\">\n\t<a aria-label=\"Acc\u00e9der \u00e0 la cat\u00e9gorie de produits Natures et Paysages\" href=\"https:\/\/www.muralunique.com\/fr\/categorie-produit\/nature-et-paysages\/\"><img loading=\"lazy\" decoding=\"async\" src=\"https:\/\/www.muralunique.com\/wp-content\/uploads\/2019\/10\/wc-placeholder.png\" alt=\"Natures et Paysages\" width=\"300\" height=\"225\" \/>\t\t<h2 class=\"woocommerce-loop-category__title\">\n\t\t\tNatures et Paysages <mark class=\"count\">(342)<\/mark>\t\t<\/h2>\n\t\t<\/a><\/li>\n<li class=\"product-category product\">\n\t<a aria-label=\"Acc\u00e9der \u00e0 la cat\u00e9gorie de produits Non class\u00e9\" href=\"https:\/\/www.muralunique.com\/fr\/categorie-produit\/non_classe\/\"><img loading=\"lazy\" decoding=\"async\" src=\"https:\/\/www.muralunique.com\/wp-content\/uploads\/2019\/10\/wc-placeholder.png\" alt=\"Non class\u00e9\" width=\"300\" height=\"225\" \/>\t\t<h2 class=\"woocommerce-loop-category__title\">\n\t\t\tNon class\u00e9\t\t<\/h2>\n\t\t<\/a><\/li>\n<li class=\"product-category product\">\n\t<a aria-label=\"Acc\u00e9der \u00e0 la cat\u00e9gorie de produits Non class\u00e9\" href=\"https:\/\/www.muralunique.com\/fr\/categorie-produit\/non-classe\/\"><img loading=\"lazy\" decoding=\"async\" src=\"https:\/\/www.muralunique.com\/wp-content\/uploads\/2019\/10\/wc-placeholder.png\" alt=\"Non class\u00e9\" width=\"300\" height=\"225\" \/>\t\t<h2 class=\"woocommerce-loop-category__title\">\n\t\t\tNon class\u00e9 <mark class=\"count\">(1)<\/mark>\t\t<\/h2>\n\t\t<\/a><\/li>\n<li class=\"product-category product last\">\n\t<a aria-label=\"Acc\u00e9der \u00e0 la cat\u00e9gorie de produits NOUVEAUT\u00c9S\" href=\"https:\/\/www.muralunique.com\/fr\/categorie-produit\/nouveautes\/\"><img loading=\"lazy\" decoding=\"async\" src=\"https:\/\/www.muralunique.com\/wp-content\/uploads\/2020\/01\/1826r_white-reeds-in-the-wind-300x225.jpg\" alt=\"NOUVEAUT\u00c9S\" width=\"300\" height=\"225\" \/>\t\t<h2 class=\"woocommerce-loop-category__title\">\n\t\t\tNOUVEAUT\u00c9S <mark class=\"count\">(92)<\/mark>\t\t<\/h2>\n\t\t<\/a><\/li>\n<li class=\"product-category product first\">\n\t<a aria-label=\"Acc\u00e9der \u00e0 la cat\u00e9gorie de produits Oliver Robins\" href=\"https:\/\/www.muralunique.com\/fr\/categorie-produit\/oliver-robins-fr\/\"><img loading=\"lazy\" decoding=\"async\" src=\"https:\/\/www.muralunique.com\/wp-content\/uploads\/2023\/12\/Icon-Oliver-Robins-300x225.png\" alt=\"Oliver Robins\" width=\"300\" height=\"225\" \/>\t\t<h2 class=\"woocommerce-loop-category__title\">\n\t\t\tOliver Robins <mark class=\"count\">(29)<\/mark>\t\t<\/h2>\n\t\t<\/a><\/li>\n<li class=\"product-category product\">\n\t<a aria-label=\"Acc\u00e9der \u00e0 la cat\u00e9gorie de produits Oriental | Religion | Spiritualit\u00e9\" href=\"https:\/\/www.muralunique.com\/fr\/categorie-produit\/oriental-religion-spiritualite\/\"><img loading=\"lazy\" decoding=\"async\" src=\"https:\/\/www.muralunique.com\/wp-content\/uploads\/2019\/10\/wc-placeholder.png\" alt=\"Oriental | Religion | Spiritualit\u00e9\" width=\"300\" height=\"225\" \/>\t\t<h2 class=\"woocommerce-loop-category__title\">\n\t\t\tOriental | Religion | Spiritualit\u00e9 <mark class=\"count\">(48)<\/mark>\t\t<\/h2>\n\t\t<\/a><\/li>\n<li class=\"product-category product\">\n\t<a aria-label=\"Acc\u00e9der \u00e0 la cat\u00e9gorie de produits Portes Uniques\" href=\"https:\/\/www.muralunique.com\/fr\/categorie-produit\/portes\/\"><img loading=\"lazy\" decoding=\"async\" src=\"https:\/\/www.muralunique.com\/wp-content\/uploads\/2019\/10\/wc-placeholder.png\" alt=\"Portes Uniques\" width=\"300\" height=\"225\" \/>\t\t<h2 class=\"woocommerce-loop-category__title\">\n\t\t\tPortes Uniques <mark class=\"count\">(4)<\/mark>\t\t<\/h2>\n\t\t<\/a><\/li>\n<li class=\"product-category product last\">\n\t<a aria-label=\"Acc\u00e9der \u00e0 la cat\u00e9gorie de produits PRODUITS VEDETTES\" href=\"https:\/\/www.muralunique.com\/fr\/categorie-produit\/produits-vedettes\/\"><img loading=\"lazy\" decoding=\"async\" src=\"https:\/\/www.muralunique.com\/wp-content\/uploads\/2020\/01\/1458-01R_Castle-Stones-300x225.jpg\" alt=\"PRODUITS VEDETTES\" width=\"300\" height=\"225\" srcset=\"https:\/\/www.muralunique.com\/wp-content\/uploads\/2020\/01\/1458-01R_Castle-Stones-300x225.jpg 300w, https:\/\/www.muralunique.com\/wp-content\/uploads\/2020\/01\/1458-01R_Castle-Stones-600x451.jpg 600w, https:\/\/www.muralunique.com\/wp-content\/uploads\/2020\/01\/1458-01R_Castle-Stones-1024x770.jpg 1024w, https:\/\/www.muralunique.com\/wp-content\/uploads\/2020\/01\/1458-01R_Castle-Stones-768x577.jpg 768w, https:\/\/www.muralunique.com\/wp-content\/uploads\/2020\/01\/1458-01R_Castle-Stones-1536x1154.jpg 1536w, https:\/\/www.muralunique.com\/wp-content\/uploads\/2020\/01\/1458-01R_Castle-Stones.jpg 2000w\" sizes=\"(max-width: 300px) 100vw, 300px\" \/>\t\t<h2 class=\"woocommerce-loop-category__title\">\n\t\t\tPRODUITS VEDETTES <mark class=\"count\">(107)<\/mark>\t\t<\/h2>\n\t\t<\/a><\/li>\n<li class=\"product-category product first\">\n\t<a aria-label=\"Acc\u00e9der \u00e0 la cat\u00e9gorie de produits Sc\u00e8nes Urbaines | Villes\" href=\"https:\/\/www.muralunique.com\/fr\/categorie-produit\/scenes-urbaines-villes\/\"><img loading=\"lazy\" decoding=\"async\" src=\"https:\/\/www.muralunique.com\/wp-content\/uploads\/2020\/01\/1216_Brooklyn-Bridge-at-Night-Black-and-White-300x225.jpg\" alt=\"Sc\u00e8nes Urbaines | Villes\" width=\"300\" height=\"225\" srcset=\"https:\/\/www.muralunique.com\/wp-content\/uploads\/2020\/01\/1216_Brooklyn-Bridge-at-Night-Black-and-White-300x225.jpg 300w, https:\/\/www.muralunique.com\/wp-content\/uploads\/2020\/01\/1216_Brooklyn-Bridge-at-Night-Black-and-White-600x447.jpg 600w, https:\/\/www.muralunique.com\/wp-content\/uploads\/2020\/01\/1216_Brooklyn-Bridge-at-Night-Black-and-White-1024x763.jpg 1024w, https:\/\/www.muralunique.com\/wp-content\/uploads\/2020\/01\/1216_Brooklyn-Bridge-at-Night-Black-and-White.jpg 2000w\" sizes=\"(max-width: 300px) 100vw, 300px\" \/>\t\t<h2 class=\"woocommerce-loop-category__title\">\n\t\t\tSc\u00e8nes Urbaines | Villes <mark class=\"count\">(65)<\/mark>\t\t<\/h2>\n\t\t<\/a><\/li>\n<li class=\"product-category product\">\n\t<a aria-label=\"Acc\u00e9der \u00e0 la cat\u00e9gorie de produits Sir Edward\" href=\"https:\/\/www.muralunique.com\/fr\/categorie-produit\/sir-edward-fr\/\"><img loading=\"lazy\" decoding=\"async\" src=\"https:\/\/www.muralunique.com\/wp-content\/uploads\/2023\/12\/Icon-Sir-Edward-300x225.png\" alt=\"Sir Edward\" width=\"300\" height=\"225\" \/>\t\t<h2 class=\"woocommerce-loop-category__title\">\n\t\t\tSir Edward <mark class=\"count\">(22)<\/mark>\t\t<\/h2>\n\t\t<\/a><\/li>\n<li class=\"product-category product\">\n\t<a aria-label=\"Acc\u00e9der \u00e0 la cat\u00e9gorie de produits Sports\" href=\"https:\/\/www.muralunique.com\/fr\/categorie-produit\/sports-2\/\"><img loading=\"lazy\" decoding=\"async\" src=\"https:\/\/www.muralunique.com\/wp-content\/uploads\/2019\/10\/wc-placeholder.png\" alt=\"Sports\" width=\"300\" height=\"225\" \/>\t\t<h2 class=\"woocommerce-loop-category__title\">\n\t\t\tSports <mark class=\"count\">(29)<\/mark>\t\t<\/h2>\n\t\t<\/a><\/li>\n<li class=\"product-category product last\">\n\t<a aria-label=\"Acc\u00e9der \u00e0 la cat\u00e9gorie de produits Textures\" href=\"https:\/\/www.muralunique.com\/fr\/categorie-produit\/textures-2\/\"><img loading=\"lazy\" decoding=\"async\" src=\"https:\/\/www.muralunique.com\/wp-content\/uploads\/2020\/01\/1606-02R_PUB_Concrete-Wall-Art-300x225.jpg\" alt=\"Textures\" width=\"300\" height=\"225\" \/>\t\t<h2 class=\"woocommerce-loop-category__title\">\n\t\t\tTextures <mark class=\"count\">(190)<\/mark>\t\t<\/h2>\n\t\t<\/a><\/li>\n<li class=\"product-category product first\">\n\t<a aria-label=\"Acc\u00e9der \u00e0 la cat\u00e9gorie de produits TOUS NOS PRODUITS\" href=\"https:\/\/www.muralunique.com\/fr\/categorie-produit\/tous-nos-produits\/\"><img loading=\"lazy\" decoding=\"async\" src=\"https:\/\/www.muralunique.com\/wp-content\/uploads\/2016\/01\/1188-01R_3D-Cubes-300x225.jpg\" alt=\"TOUS NOS PRODUITS\" width=\"300\" height=\"225\" srcset=\"https:\/\/www.muralunique.com\/wp-content\/uploads\/2016\/01\/1188-01R_3D-Cubes-300x225.jpg 300w, https:\/\/www.muralunique.com\/wp-content\/uploads\/2016\/01\/1188-01R_3D-Cubes-600x451.jpg 600w, https:\/\/www.muralunique.com\/wp-content\/uploads\/2016\/01\/1188-01R_3D-Cubes-1024x769.jpg 1024w, https:\/\/www.muralunique.com\/wp-content\/uploads\/2016\/01\/1188-01R_3D-Cubes-768x577.jpg 768w, https:\/\/www.muralunique.com\/wp-content\/uploads\/2016\/01\/1188-01R_3D-Cubes-1536x1154.jpg 1536w, https:\/\/www.muralunique.com\/wp-content\/uploads\/2016\/01\/1188-01R_3D-Cubes.jpg 2000w\" sizes=\"(max-width: 300px) 100vw, 300px\" \/>\t\t<h2 class=\"woocommerce-loop-category__title\">\n\t\t\tTOUS NOS PRODUITS <mark class=\"count\">(1191)<\/mark>\t\t<\/h2>\n\t\t<\/a><\/li>\n<li class=\"product-category product\">\n\t<a aria-label=\"Acc\u00e9der \u00e0 la cat\u00e9gorie de produits Transports\" href=\"https:\/\/www.muralunique.com\/fr\/categorie-produit\/transports\/\"><img loading=\"lazy\" decoding=\"async\" src=\"https:\/\/www.muralunique.com\/wp-content\/uploads\/2020\/01\/1511-01R1_PUB_Old-Douglas-DC3-Airplane-300x225.jpg\" alt=\"Transports\" width=\"300\" height=\"225\" \/>\t\t<h2 class=\"woocommerce-loop-category__title\">\n\t\t\tTransports <mark class=\"count\">(23)<\/mark>\t\t<\/h2>\n\t\t<\/a><\/li>\n<li class=\"product-category product\">\n\t<a aria-label=\"Acc\u00e9der \u00e0 la cat\u00e9gorie de produits Trompe L&#039;oeil\" href=\"https:\/\/www.muralunique.com\/fr\/categorie-produit\/trompe-loeil\/\"><img loading=\"lazy\" decoding=\"async\" src=\"https:\/\/www.muralunique.com\/wp-content\/uploads\/2019\/10\/wc-placeholder.png\" alt=\"Trompe L&#039;oeil\" width=\"300\" height=\"225\" \/>\t\t<h2 class=\"woocommerce-loop-category__title\">\n\t\t\tTrompe L&#039;oeil <mark class=\"count\">(232)<\/mark>\t\t<\/h2>\n\t\t<\/a><\/li>\n<li class=\"product-category product last\">\n\t<a aria-label=\"Acc\u00e9der \u00e0 la cat\u00e9gorie de produits ULTRA HAUTE D\u00c9FINITION Art\" href=\"https:\/\/www.muralunique.com\/fr\/categorie-produit\/ultra-haute-d-finition-art\/\"><img loading=\"lazy\" decoding=\"async\" src=\"https:\/\/www.muralunique.com\/wp-content\/uploads\/2020\/01\/2141-04R_Kids-World-English-Version-300x225.jpg\" alt=\"ULTRA HAUTE D\u00c9FINITION Art\" width=\"300\" height=\"225\" \/>\t\t<h2 class=\"woocommerce-loop-category__title\">\n\t\t\tULTRA HAUTE D\u00c9FINITION Art <mark class=\"count\">(164)<\/mark>\t\t<\/h2>\n\t\t<\/a><\/li>\n<li class=\"product-category product first\">\n\t<a aria-label=\"Acc\u00e9der \u00e0 la cat\u00e9gorie de produits ULTRA HAUTE D\u00c9FINITION Photos\" href=\"https:\/\/www.muralunique.com\/fr\/categorie-produit\/ultra-haute-d-finition-photos\/\"><img loading=\"lazy\" decoding=\"async\" src=\"https:\/\/www.muralunique.com\/wp-content\/uploads\/2020\/01\/1458R2_castle-stones-300x225.jpg\" alt=\"ULTRA HAUTE D\u00c9FINITION Photos\" width=\"300\" height=\"225\" \/>\t\t<h2 class=\"woocommerce-loop-category__title\">\n\t\t\tULTRA HAUTE D\u00c9FINITION Photos <mark class=\"count\">(141)<\/mark>\t\t<\/h2>\n\t\t<\/a><\/li>\n<\/ul>\n<\/div>\t\t\t\t<\/div>\n\t\t\t\t<\/div>\n\t\t\t\t\t<\/div>\n\t\t<\/div>\n\t\t\t\t\t<\/div>\n\t\t<\/section>\n\t\t\t\t<\/div>\n\t\t","protected":false},"excerpt":{"rendered":"<p>Cat\u00e9gories<\/p>\n","protected":false},"author":1,"featured_media":0,"parent":0,"menu_order":0,"comment_status":"closed","ping_status":"closed","template":"full-width.php","meta":{"_acf_changed":false,"footnotes":""},"class_list":["post-1621","page","type-page","status-publish","hentry"],"acf":[],"_links":{"self":[{"href":"https:\/\/www.muralunique.com\/fr\/wp-json\/wp\/v2\/pages\/1621","targetHints":{"allow":["GET"]}}],"collection":[{"href":"https:\/\/www.muralunique.com\/fr\/wp-json\/wp\/v2\/pages"}],"about":[{"href":"https:\/\/www.muralunique.com\/fr\/wp-json\/wp\/v2\/types\/page"}],"author":[{"embeddable":true,"href":"https:\/\/www.muralunique.com\/fr\/wp-json\/wp\/v2\/users\/1"}],"replies":[{"embeddable":true,"href":"https:\/\/www.muralunique.com\/fr\/wp-json\/wp\/v2\/comments?post=1621"}],"version-history":[{"count":0,"href":"https:\/\/www.muralunique.com\/fr\/wp-json\/wp\/v2\/pages\/1621\/revisions"}],"wp:attachment":[{"href":"https:\/\/www.muralunique.com\/fr\/wp-json\/wp\/v2\/media?parent=1621"}],"curies":[{"name":"wp","href":"https:\/\/api.w.org\/{rel}","templated":true}]}}