{"id":10094,"date":"2018-01-30T09:12:11","date_gmt":"2018-01-30T09:12:11","guid":{"rendered":"https:\/\/muralunique.com\/?post_type=product&#038;p=10094"},"modified":"2021-07-30T13:31:46","modified_gmt":"2021-07-30T17:31:46","slug":"carte-antique-de-lannee-1746-en-sepia","status":"publish","type":"product","link":"https:\/\/www.muralunique.com\/fr\/produit\/carte-antique-de-lannee-1746-en-sepia\/","title":{"rendered":"Carte Antique de l&#8217;ann\u00e9e 1746 en S\u00e9pia"},"content":{"rendered":"<p>-Magnifique murale en papier peint d&#8217;une carte du monde de l&#8217;ann\u00e9e 1746 en couleur s\u00e9pia.<\/p>\n<p>-La murale comprend des laizes de 18\u2033 (45cm) de largeur. Par exemple, une murale de 6\u2032 (1,83m) de largeur a 4 laizes et une murale de 12\u2032 (3,66m) de largeur a 8 laizes.<\/p>\n<p>-Murale en papier\u00a0peint pr\u00e9encoll\u00e9e, lavable, s\u2019enl\u00e8ve \u00e0 sec et r\u00e9utilisable. Facile \u00e0 installer, se pose comme du papier\u00a0peint (tapisserie).<\/p>\n<p>-murale carte antique 1746 en s\u00e9pia, papier peint carte antique 1746 en s\u00e9pia, photo murale carte antique 1746 en s\u00e9pia, murale carte antique, papier peint carte antique<\/p>\n","protected":false},"excerpt":{"rendered":"<p>-Magnifique murale en papier peint d&#8217;une carte du monde de l&#8217;ann\u00e9e 1746 en couleur s\u00e9pia. -La murale comprend des laizes de 18\u2033 (45cm) de largeur. Par exemple, une murale de 6\u2032 (1,83m) de largeur a 4 laizes et une murale de 12\u2032 (3,66m) de largeur a 8 laizes. -Murale en papier\u00a0peint pr\u00e9encoll\u00e9e, lavable, s\u2019enl\u00e8ve \u00e0 [&hellip;]<\/p>\n","protected":false},"featured_media":10095,"template":"","meta":{"_acf_changed":false},"product_brand":[203],"product_cat":[160,401],"product_tag":[8767,8771,9171,9172,9547,9236,9234],"class_list":{"0":"post-10094","1":"product","2":"type-product","3":"status-publish","4":"has-post-thumbnail","6":"product_brand-muralunique-com","7":"product_cat-cartes-et-drapeaux","8":"product_cat-tous-nos-produits","9":"product_tag-ancient-fr","10":"product_tag-antique-fr","11":"product_tag-carte-fr","12":"product_tag-cartes","13":"product_tag-cartes-du-monde","14":"product_tag-vieille-carte","15":"product_tag-vieux","17":"first","18":"instock","19":"taxable","20":"shipping-taxable","21":"purchasable","22":"product-type-variable","23":"has-default-attributes"},"acf":[],"_links":{"self":[{"href":"https:\/\/www.muralunique.com\/fr\/wp-json\/wp\/v2\/product\/10094","targetHints":{"allow":["GET"]}}],"collection":[{"href":"https:\/\/www.muralunique.com\/fr\/wp-json\/wp\/v2\/product"}],"about":[{"href":"https:\/\/www.muralunique.com\/fr\/wp-json\/wp\/v2\/types\/product"}],"wp:featuredmedia":[{"embeddable":true,"href":"https:\/\/www.muralunique.com\/fr\/wp-json\/wp\/v2\/media\/10095"}],"wp:attachment":[{"href":"https:\/\/www.muralunique.com\/fr\/wp-json\/wp\/v2\/media?parent=10094"}],"wp:term":[{"taxonomy":"product_brand","embeddable":true,"href":"https:\/\/www.muralunique.com\/fr\/wp-json\/wp\/v2\/product_brand?post=10094"},{"taxonomy":"product_cat","embeddable":true,"href":"https:\/\/www.muralunique.com\/fr\/wp-json\/wp\/v2\/product_cat?post=10094"},{"taxonomy":"product_tag","embeddable":true,"href":"https:\/\/www.muralunique.com\/fr\/wp-json\/wp\/v2\/product_tag?post=10094"}],"curies":[{"name":"wp","href":"https:\/\/api.w.org\/{rel}","templated":true}]}}