{"id":10125,"date":"2018-02-07T10:28:42","date_gmt":"2018-02-07T10:28:42","guid":{"rendered":"https:\/\/muralunique.com\/?post_type=product&#038;p=10125"},"modified":"2022-03-16T17:38:35","modified_gmt":"2022-03-16T21:38:35","slug":"celebres-maisons-en-rangee-en-pierres-de-gres-a-brooklyn-new-york","status":"publish","type":"product","link":"https:\/\/www.muralunique.com\/fr\/produit\/celebres-maisons-en-rangee-en-pierres-de-gres-a-brooklyn-new-york\/","title":{"rendered":"C\u00e9l\u00e8bres Maisons en Rang\u00e9e en Pierres de Gr\u00e8s \u00e0 Brooklyn, New York"},"content":{"rendered":"<p>-Murale en papier peint trompe l&#8217;oeil des c\u00e9l\u00e8bres maisons en rang\u00e9e en pierres de gr\u00e8s \u00e0 Brooklyn, New York. Une murale parfaite pour les amateurs de New York!<\/p>\n<p>-La murale comprend des laizes de 18&#8243; (45cm) de largeur. Par exemple, une murale de 6&#8242; (1,83m) de largeur a 4 laizes et une murale de 12&#8242; (3,66m) de largeur a 8 laizes.<\/p>\n<p>-Murale en papier\u00a0peint pr\u00e9encoll\u00e9e, lavable, s&#8217;enl\u00e8ve \u00e0 sec et r\u00e9utilisable. Facile \u00e0 installer, se pose comme du papier\u00a0peint (tapisserie).<\/p>\n<p>-murale New York, papier peint New York, murale en papier peint New York, murale trompe l&#8217;oeil, papier peint trompe l&#8217;oeil<\/p>\n","protected":false},"excerpt":{"rendered":"<p>-Murale en papier peint trompe l&#8217;oeil des c\u00e9l\u00e8bres maisons en rang\u00e9e en pierres de gr\u00e8s \u00e0 Brooklyn, New York. Une murale parfaite pour les amateurs de New York! -La murale comprend des laizes de 18&#8243; (45cm) de largeur. Par exemple, une murale de 6&#8242; (1,83m) de largeur a 4 laizes et une murale de 12&#8242; [&hellip;]<\/p>\n","protected":false},"featured_media":10126,"template":"","meta":{"_acf_changed":false},"product_brand":[203],"product_cat":[166,401,163],"product_tag":[8850,8982,9499,9099,9226,9230,8902,9483,9612,9485,9500,8741,8901],"class_list":{"0":"post-10125","1":"product","2":"type-product","3":"status-publish","4":"has-post-thumbnail","6":"product_brand-muralunique-com","7":"product_cat-scenes-urbaines-villes","8":"product_cat-tous-nos-produits","9":"product_cat-trompe-loeil","10":"product_tag-brooklyn-fr","11":"product_tag-celebre","12":"product_tag-etats-unis","13":"product_tag-maisons","14":"product_tag-new-york-fr","15":"product_tag-nyc-fr","16":"product_tag-paysage-urbain","17":"product_tag-trompe-l-oeil","18":"product_tag-trompe-loeil-fr","19":"product_tag-trompe-oeil-fr","20":"product_tag-urbain","21":"product_tag-usa-fr","22":"product_tag-ville","24":"first","25":"instock","26":"taxable","27":"shipping-taxable","28":"purchasable","29":"product-type-variable","30":"has-default-attributes"},"acf":[],"_links":{"self":[{"href":"https:\/\/www.muralunique.com\/fr\/wp-json\/wp\/v2\/product\/10125","targetHints":{"allow":["GET"]}}],"collection":[{"href":"https:\/\/www.muralunique.com\/fr\/wp-json\/wp\/v2\/product"}],"about":[{"href":"https:\/\/www.muralunique.com\/fr\/wp-json\/wp\/v2\/types\/product"}],"wp:featuredmedia":[{"embeddable":true,"href":"https:\/\/www.muralunique.com\/fr\/wp-json\/wp\/v2\/media\/10126"}],"wp:attachment":[{"href":"https:\/\/www.muralunique.com\/fr\/wp-json\/wp\/v2\/media?parent=10125"}],"wp:term":[{"taxonomy":"product_brand","embeddable":true,"href":"https:\/\/www.muralunique.com\/fr\/wp-json\/wp\/v2\/product_brand?post=10125"},{"taxonomy":"product_cat","embeddable":true,"href":"https:\/\/www.muralunique.com\/fr\/wp-json\/wp\/v2\/product_cat?post=10125"},{"taxonomy":"product_tag","embeddable":true,"href":"https:\/\/www.muralunique.com\/fr\/wp-json\/wp\/v2\/product_tag?post=10125"}],"curies":[{"name":"wp","href":"https:\/\/api.w.org\/{rel}","templated":true}]}}