{"id":10160,"date":"2018-02-28T10:54:51","date_gmt":"2018-02-28T10:54:51","guid":{"rendered":"https:\/\/muralunique.com\/?post_type=product&#038;p=10160"},"modified":"2022-03-16T17:38:35","modified_gmt":"2022-03-16T21:38:35","slug":"chutes-iguazu-en-argentine","status":"publish","type":"product","link":"https:\/\/www.muralunique.com\/fr\/produit\/chutes-iguazu-en-argentine\/","title":{"rendered":"Chutes Iguazu en Argentine"},"content":{"rendered":"<p>-Murale en papier peint des Chutes Iguazu en Argentine.\u00a0Les chutes d&#8217;Iguazu sont situ\u00e9es au milieu de la for\u00eat tropicale, \u00e0\u00a0la fronti\u00e8re entre\u00a0l&#8217;Argentine et le Br\u00e9sil et elles sont une merveille naturelle inscrite au patrimoine mondial de l&#8217;UNESCO.<\/p>\n<p>-La murale comprend des laizes de 18&#8243; (45cm) de largeur. Par exemple, une murale de 6&#8242; (1,83m) de largeur a 4 laizes et une murale de 12&#8242; (3,66m) de largeur a 8 laizes.<\/p>\n<p>-Murale en papier\u00a0peint pr\u00e9encoll\u00e9e, lavable, s&#8217;enl\u00e8ve \u00e0 sec et r\u00e9utilisable. Facile \u00e0 installer, se pose comme du papier\u00a0peint (tapisserie).<\/p>\n<p>-murale Chutes Iguazu, papier peint Chutes Iguazu, photo murale Chutes Iguazu, murale chutes d&#8217;eau, papier peint chutes d&#8217;eau<\/p>\n","protected":false},"excerpt":{"rendered":"<p>-Murale en papier peint des Chutes Iguazu en Argentine.\u00a0Les chutes d&#8217;Iguazu sont situ\u00e9es au milieu de la for\u00eat tropicale, \u00e0\u00a0la fronti\u00e8re entre\u00a0l&#8217;Argentine et le Br\u00e9sil et elles sont une merveille naturelle inscrite au patrimoine mondial de l&#8217;UNESCO. -La murale comprend des laizes de 18&#8243; (45cm) de largeur. Par exemple, une murale de 6&#8242; (1,83m) de [&hellip;]<\/p>\n","protected":false},"featured_media":31800,"template":"","meta":{"_acf_changed":false},"product_brand":[203],"product_cat":[153,128,141,401],"product_tag":[9518,9517,9536,9537,9219,9137],"class_list":{"0":"post-10160","1":"product","2":"type-product","3":"status-publish","4":"has-post-thumbnail","6":"product_brand-muralunique-com","7":"product_cat-eau-et-plages","8":"product_cat-merveilles-du-monde","9":"product_cat-nature-et-paysages","10":"product_cat-tous-nos-produits","11":"product_tag-cascades","12":"product_tag-eau","13":"product_tag-merveilles","14":"product_tag-merveilles-du-monde","15":"product_tag-nature-fr","16":"product_tag-paysage","18":"first","19":"instock","20":"taxable","21":"shipping-taxable","22":"purchasable","23":"product-type-variable","24":"has-default-attributes"},"acf":[],"_links":{"self":[{"href":"https:\/\/www.muralunique.com\/fr\/wp-json\/wp\/v2\/product\/10160","targetHints":{"allow":["GET"]}}],"collection":[{"href":"https:\/\/www.muralunique.com\/fr\/wp-json\/wp\/v2\/product"}],"about":[{"href":"https:\/\/www.muralunique.com\/fr\/wp-json\/wp\/v2\/types\/product"}],"wp:featuredmedia":[{"embeddable":true,"href":"https:\/\/www.muralunique.com\/fr\/wp-json\/wp\/v2\/media\/31800"}],"wp:attachment":[{"href":"https:\/\/www.muralunique.com\/fr\/wp-json\/wp\/v2\/media?parent=10160"}],"wp:term":[{"taxonomy":"product_brand","embeddable":true,"href":"https:\/\/www.muralunique.com\/fr\/wp-json\/wp\/v2\/product_brand?post=10160"},{"taxonomy":"product_cat","embeddable":true,"href":"https:\/\/www.muralunique.com\/fr\/wp-json\/wp\/v2\/product_cat?post=10160"},{"taxonomy":"product_tag","embeddable":true,"href":"https:\/\/www.muralunique.com\/fr\/wp-json\/wp\/v2\/product_tag?post=10160"}],"curies":[{"name":"wp","href":"https:\/\/api.w.org\/{rel}","templated":true}]}}