{"id":10166,"date":"2018-03-08T12:52:42","date_gmt":"2018-03-08T12:52:42","guid":{"rendered":"https:\/\/muralunique.com\/?post_type=product&#038;p=10166"},"modified":"2022-03-16T17:38:35","modified_gmt":"2022-03-16T21:38:35","slug":"art-urbain","status":"publish","type":"product","link":"https:\/\/www.muralunique.com\/fr\/produit\/art-urbain\/","title":{"rendered":"Art Urbain"},"content":{"rendered":"<p>-Murale en papier peint color\u00e9e et originale d&#8217;un mur de\u00a0brique avec art urbain (style graffiti). Murale en\u00a0haute r\u00e9solution (vecteur).<\/p>\n<p>-La murale comprend des laizes de 18\u2033 (45cm) de largeur. Par exemple, une murale de 6\u2032 (1,83m) de largeur a 4 laizes et une murale de 12\u2032 (3,66m) de largeur a 8 laizes.<\/p>\n<p>-Murale en papier\u00a0peint pr\u00e9encoll\u00e9e, lavable, s\u2019enl\u00e8ve \u00e0 sec et r\u00e9utilisable. Facile \u00e0 installer, se pose comme du papier\u00a0peint (tapisserie).<\/p>\n<p>-murale art urbain, papier peint art urbain, murale graffiti, murale en papier peint graffiti, tapisserie murale graffiti<\/p>\n","protected":false},"excerpt":{"rendered":"<p>-Murale en papier peint color\u00e9e et originale d&#8217;un mur de\u00a0brique avec art urbain (style graffiti). Murale en\u00a0haute r\u00e9solution (vecteur). -La murale comprend des laizes de 18\u2033 (45cm) de largeur. Par exemple, une murale de 6\u2032 (1,83m) de largeur a 4 laizes et une murale de 12\u2032 (3,66m) de largeur a 8 laizes. -Murale en papier\u00a0peint [&hellip;]<\/p>\n","protected":false},"featured_media":10167,"template":"","meta":{"_acf_changed":false},"product_brand":[203],"product_cat":[131,169,401,425],"product_tag":[9441,9442,8846,8847,9057,9059,9447,9448,9449,9500],"class_list":{"0":"post-10166","1":"product","2":"type-product","3":"status-publish","4":"has-post-thumbnail","6":"product_brand-muralunique-com","7":"product_cat-adolescents","8":"product_cat-textures-2","9":"product_cat-tous-nos-produits","10":"product_cat-ultra-haute-d-finition-art","11":"product_tag-ado","12":"product_tag-adolescents","13":"product_tag-brique","14":"product_tag-briques","15":"product_tag-graffiti-fr","16":"product_tag-grafiti","17":"product_tag-texture-fr","18":"product_tag-texture-fr-2","19":"product_tag-textures","20":"product_tag-urbain","22":"first","23":"instock","24":"taxable","25":"shipping-taxable","26":"purchasable","27":"product-type-variable","28":"has-default-attributes"},"acf":[],"_links":{"self":[{"href":"https:\/\/www.muralunique.com\/fr\/wp-json\/wp\/v2\/product\/10166","targetHints":{"allow":["GET"]}}],"collection":[{"href":"https:\/\/www.muralunique.com\/fr\/wp-json\/wp\/v2\/product"}],"about":[{"href":"https:\/\/www.muralunique.com\/fr\/wp-json\/wp\/v2\/types\/product"}],"wp:featuredmedia":[{"embeddable":true,"href":"https:\/\/www.muralunique.com\/fr\/wp-json\/wp\/v2\/media\/10167"}],"wp:attachment":[{"href":"https:\/\/www.muralunique.com\/fr\/wp-json\/wp\/v2\/media?parent=10166"}],"wp:term":[{"taxonomy":"product_brand","embeddable":true,"href":"https:\/\/www.muralunique.com\/fr\/wp-json\/wp\/v2\/product_brand?post=10166"},{"taxonomy":"product_cat","embeddable":true,"href":"https:\/\/www.muralunique.com\/fr\/wp-json\/wp\/v2\/product_cat?post=10166"},{"taxonomy":"product_tag","embeddable":true,"href":"https:\/\/www.muralunique.com\/fr\/wp-json\/wp\/v2\/product_tag?post=10166"}],"curies":[{"name":"wp","href":"https:\/\/api.w.org\/{rel}","templated":true}]}}