{"id":10230,"date":"2018-05-21T13:29:41","date_gmt":"2018-05-21T13:29:41","guid":{"rendered":"https:\/\/muralunique.com\/?post_type=product&#038;p=10230"},"modified":"2022-05-24T11:13:36","modified_gmt":"2022-05-24T15:13:36","slug":"pont-couvert-au-vermont-usa","status":"publish","type":"product","link":"https:\/\/www.muralunique.com\/fr\/produit\/pont-couvert-au-vermont-usa\/","title":{"rendered":"Pont Couvert au Vermont, USA"},"content":{"rendered":"<p>-Murale en papier peint d&#8217;un petit pont couvert rouge dans une for\u00eat de l&#8217;\u00e9tat du Vermont aux \u00c9tats-Unis. Photo murale.<\/p>\n<p>-La murale comprend des laizes de 18&#8243; (45cm) de largeur. Par exemple, une murale de 6&#8242; (1,83m) de largeur a 4 laizes et une murale de 12&#8242; (3,66m) de largeur a 8 laizes.<\/p>\n<p>-Murale en papier\u00a0peint pr\u00e9encoll\u00e9e, lavable, s&#8217;enl\u00e8ve \u00e0 sec et r\u00e9utilisable. Facile \u00e0 installer, se pose comme du papier\u00a0peint (tapisserie).<\/p>\n<p>-murale en papier peint pont, murale d&#8217;un pont, tapisserie paysage, papier peint de for\u00eat, photo murale for\u00eat<\/p>\n","protected":false},"excerpt":{"rendered":"<p>-Murale en papier peint d&#8217;un petit pont couvert rouge dans une for\u00eat de l&#8217;\u00e9tat du Vermont aux \u00c9tats-Unis. Photo murale. -La murale comprend des laizes de 18&#8243; (45cm) de largeur. Par exemple, une murale de 6&#8242; (1,83m) de largeur a 4 laizes et une murale de 12&#8242; (3,66m) de largeur a 8 laizes. -Murale en [&hellip;]<\/p>\n","protected":false},"featured_media":31814,"template":"","meta":{"_acf_changed":false},"product_brand":[203],"product_cat":[141,401,163],"product_tag":[9478,9499,9019,9219,9137,8849,9331,8741],"class_list":{"0":"post-10230","1":"product","2":"type-product","3":"status-publish","4":"has-post-thumbnail","6":"product_brand-muralunique-com","7":"product_cat-nature-et-paysages","8":"product_cat-tous-nos-produits","9":"product_cat-trompe-loeil","10":"product_tag-arbres","11":"product_tag-etats-unis","12":"product_tag-foret","13":"product_tag-nature-fr","14":"product_tag-paysage","15":"product_tag-pont","16":"product_tag-route","17":"product_tag-usa-fr","19":"first","20":"instock","21":"taxable","22":"shipping-taxable","23":"purchasable","24":"product-type-variable","25":"has-default-attributes"},"acf":[],"_links":{"self":[{"href":"https:\/\/www.muralunique.com\/fr\/wp-json\/wp\/v2\/product\/10230","targetHints":{"allow":["GET"]}}],"collection":[{"href":"https:\/\/www.muralunique.com\/fr\/wp-json\/wp\/v2\/product"}],"about":[{"href":"https:\/\/www.muralunique.com\/fr\/wp-json\/wp\/v2\/types\/product"}],"wp:featuredmedia":[{"embeddable":true,"href":"https:\/\/www.muralunique.com\/fr\/wp-json\/wp\/v2\/media\/31814"}],"wp:attachment":[{"href":"https:\/\/www.muralunique.com\/fr\/wp-json\/wp\/v2\/media?parent=10230"}],"wp:term":[{"taxonomy":"product_brand","embeddable":true,"href":"https:\/\/www.muralunique.com\/fr\/wp-json\/wp\/v2\/product_brand?post=10230"},{"taxonomy":"product_cat","embeddable":true,"href":"https:\/\/www.muralunique.com\/fr\/wp-json\/wp\/v2\/product_cat?post=10230"},{"taxonomy":"product_tag","embeddable":true,"href":"https:\/\/www.muralunique.com\/fr\/wp-json\/wp\/v2\/product_tag?post=10230"}],"curies":[{"name":"wp","href":"https:\/\/api.w.org\/{rel}","templated":true}]}}