{"id":10251,"date":"2018-06-01T14:23:55","date_gmt":"2018-06-01T14:23:55","guid":{"rendered":"https:\/\/muralunique.com\/?post_type=product&#038;p=10251"},"modified":"2025-09-30T16:18:04","modified_gmt":"2025-09-30T20:18:04","slug":"bibliotheque-avec-vieux-livres","status":"publish","type":"product","link":"https:\/\/www.muralunique.com\/fr\/produit\/bibliotheque-avec-vieux-livres\/","title":{"rendered":"Biblioth\u00e8que avec Vieux Livres"},"content":{"rendered":"<p>-Murale en papier peint trompe l&#8217;oeil d&#8217;une biblioth\u00e8que avec des vieux livres. Cette murale originale donnera de la vie \u00e0 n&#8217;importe quelle pi\u00e8ce de votre int\u00e9rieur.<\/p>\n<p>-La murale comprend des laizes de 18&#8243; (45cm) de largeur. Par exemple, une murale de 6&#8242; (1,83m) de largeur a 4 laizes et une murale de 12&#8242; (3,66m) de largeur a 8 laizes.<\/p>\n<p>-Murale en papier\u00a0peint pr\u00e9encoll\u00e9e, lavable, s&#8217;enl\u00e8ve \u00e0 sec et r\u00e9utilisable. Facile \u00e0 installer, se pose comme du papier\u00a0peint (tapisserie).<\/p>\n<p>-tapisserie de vieille biblioth\u00e8que, photos murale de livres, murale d&#8217;une biblioth\u00e8que avec vieux livres, papier peint de livres, murale de librairie<\/p>\n","protected":false},"excerpt":{"rendered":"<p>-Murale en papier peint trompe l&#8217;oeil d&#8217;une biblioth\u00e8que avec des vieux livres. Cette murale originale donnera de la vie \u00e0 n&#8217;importe quelle pi\u00e8ce de votre int\u00e9rieur. -La murale comprend des laizes de 18&#8243; (45cm) de largeur. Par exemple, une murale de 6&#8242; (1,83m) de largeur a 4 laizes et une murale de 12&#8242; (3,66m) de [&hellip;]<\/p>\n","protected":false},"featured_media":57177,"template":"","meta":{"_acf_changed":false},"product_brand":[203],"product_cat":[401,163],"product_tag":[8835,10110,10111,9149,8834,8836,9483,9612,9485,9234],"class_list":{"0":"post-10251","1":"product","2":"type-product","3":"status-publish","4":"has-post-thumbnail","6":"product_brand-muralunique-com","7":"product_cat-tous-nos-produits","8":"product_cat-trompe-loeil","9":"product_tag-bibliotheque","10":"product_tag-etagere","11":"product_tag-etageres-fr","12":"product_tag-librairie","13":"product_tag-livre","14":"product_tag-livres","15":"product_tag-trompe-l-oeil","16":"product_tag-trompe-loeil-fr","17":"product_tag-trompe-oeil-fr","18":"product_tag-vieux","20":"first","21":"instock","22":"taxable","23":"shipping-taxable","24":"purchasable","25":"product-type-variable","26":"has-default-attributes"},"acf":[],"_links":{"self":[{"href":"https:\/\/www.muralunique.com\/fr\/wp-json\/wp\/v2\/product\/10251","targetHints":{"allow":["GET"]}}],"collection":[{"href":"https:\/\/www.muralunique.com\/fr\/wp-json\/wp\/v2\/product"}],"about":[{"href":"https:\/\/www.muralunique.com\/fr\/wp-json\/wp\/v2\/types\/product"}],"wp:featuredmedia":[{"embeddable":true,"href":"https:\/\/www.muralunique.com\/fr\/wp-json\/wp\/v2\/media\/57177"}],"wp:attachment":[{"href":"https:\/\/www.muralunique.com\/fr\/wp-json\/wp\/v2\/media?parent=10251"}],"wp:term":[{"taxonomy":"product_brand","embeddable":true,"href":"https:\/\/www.muralunique.com\/fr\/wp-json\/wp\/v2\/product_brand?post=10251"},{"taxonomy":"product_cat","embeddable":true,"href":"https:\/\/www.muralunique.com\/fr\/wp-json\/wp\/v2\/product_cat?post=10251"},{"taxonomy":"product_tag","embeddable":true,"href":"https:\/\/www.muralunique.com\/fr\/wp-json\/wp\/v2\/product_tag?post=10251"}],"curies":[{"name":"wp","href":"https:\/\/api.w.org\/{rel}","templated":true}]}}