{"id":10293,"date":"2018-06-08T12:21:47","date_gmt":"2018-06-08T12:21:47","guid":{"rendered":"https:\/\/muralunique.com\/?post_type=product&#038;p=10293"},"modified":"2022-04-16T19:44:14","modified_gmt":"2022-04-16T23:44:14","slug":"roses-peintes-sur-un-mur-de-briques","status":"publish","type":"product","link":"https:\/\/www.muralunique.com\/fr\/produit\/roses-peintes-sur-un-mur-de-briques\/","title":{"rendered":"Roses Peintes sur un Mur de Briques"},"content":{"rendered":"<p>-Magnifique murale en papier peint tr\u00e8s originale d&#8217;une texture de briques avec des roses. Cette murale de briques et de fleurs est parfaite pour un salon, une chambre d&#8217;adolescent ou toute autre pi\u00e8ce de votre maison.<\/p>\n<p>-La murale comprend des laizes de 18\u2033 (45cm) de largeur. Par exemple, une murale de 6\u2032 (1,83m) de largeur a 4 laizes et une murale de 12\u2032 (3,66m) de largeur a 8 laizes.<\/p>\n<p>-Murale en papier\u00a0peint pr\u00e9encoll\u00e9e, lavable, s\u2019enl\u00e8ve \u00e0 sec et r\u00e9utilisable. Facile \u00e0 installer, se pose comme du papier\u00a0peint (tapisserie).<\/p>\n<p>-murale en papier peint de texture de briques avec des roses, murale en papier peint de roses, papier peint de texture de briques, tapisserie de briques, tapisserie de fleurs<\/p>\n","protected":false},"excerpt":{"rendered":"<p>-Magnifique murale en papier peint tr\u00e8s originale d&#8217;une texture de briques avec des roses. Cette murale de briques et de fleurs est parfaite pour un salon, une chambre d&#8217;adolescent ou toute autre pi\u00e8ce de votre maison. -La murale comprend des laizes de 18\u2033 (45cm) de largeur. Par exemple, une murale de 6\u2032 (1,83m) de largeur [&hellip;]<\/p>\n","protected":false},"featured_media":55090,"template":"","meta":{"_acf_changed":false},"product_brand":[203],"product_cat":[131,150,169,401],"product_tag":[9441,9442,8846,8847,9009,9010,9006,9340,9341,9447,9448,9449],"class_list":{"0":"post-10293","1":"product","2":"type-product","3":"status-publish","4":"has-post-thumbnail","6":"product_brand-muralunique-com","7":"product_cat-adolescents","8":"product_cat-fleurs-et-feuillages","9":"product_cat-textures-2","10":"product_cat-tous-nos-produits","11":"product_tag-ado","12":"product_tag-adolescents","13":"product_tag-brique","14":"product_tag-briques","15":"product_tag-fleur","16":"product_tag-fleurs","17":"product_tag-floral-fr","18":"product_tag-rose","19":"product_tag-roses-fr","20":"product_tag-texture-fr","21":"product_tag-texture-fr-2","22":"product_tag-textures","24":"first","25":"instock","26":"taxable","27":"shipping-taxable","28":"purchasable","29":"product-type-variable","30":"has-default-attributes"},"acf":[],"_links":{"self":[{"href":"https:\/\/www.muralunique.com\/fr\/wp-json\/wp\/v2\/product\/10293","targetHints":{"allow":["GET"]}}],"collection":[{"href":"https:\/\/www.muralunique.com\/fr\/wp-json\/wp\/v2\/product"}],"about":[{"href":"https:\/\/www.muralunique.com\/fr\/wp-json\/wp\/v2\/types\/product"}],"wp:featuredmedia":[{"embeddable":true,"href":"https:\/\/www.muralunique.com\/fr\/wp-json\/wp\/v2\/media\/55090"}],"wp:attachment":[{"href":"https:\/\/www.muralunique.com\/fr\/wp-json\/wp\/v2\/media?parent=10293"}],"wp:term":[{"taxonomy":"product_brand","embeddable":true,"href":"https:\/\/www.muralunique.com\/fr\/wp-json\/wp\/v2\/product_brand?post=10293"},{"taxonomy":"product_cat","embeddable":true,"href":"https:\/\/www.muralunique.com\/fr\/wp-json\/wp\/v2\/product_cat?post=10293"},{"taxonomy":"product_tag","embeddable":true,"href":"https:\/\/www.muralunique.com\/fr\/wp-json\/wp\/v2\/product_tag?post=10293"}],"curies":[{"name":"wp","href":"https:\/\/api.w.org\/{rel}","templated":true}]}}