{"id":10324,"date":"2018-06-13T13:14:32","date_gmt":"2018-06-13T13:14:32","guid":{"rendered":"https:\/\/muralunique.com\/?post_type=product&#038;p=10324"},"modified":"2022-03-16T17:38:33","modified_gmt":"2022-03-16T21:38:33","slug":"riviere-chicago","status":"publish","type":"product","link":"https:\/\/www.muralunique.com\/fr\/produit\/riviere-chicago\/","title":{"rendered":"Rivi\u00e8re Chicago"},"content":{"rendered":"<p>-Murale en papier peint moderne de la rivi\u00e8re Chicago, en Illinois (\u00c9tats-Unis), qui traverse la magnifique ville de Chicago.<\/p>\n<p>-La murale comprend des laizes de 18&#8243; (45cm) de largeur. Par exemple, une murale de 6&#8242; (1,83m) de largeur a 4 laizes et une murale de 12&#8242; (3,66m) de largeur a 8 laizes.<\/p>\n<p>-Murale en papier\u00a0peint pr\u00e9encoll\u00e9e, lavable, s&#8217;enl\u00e8ve \u00e0 sec et r\u00e9utilisable. Facile \u00e0 installer, se pose comme du papier\u00a0peint (tapisserie).<\/p>\n<p>-murale en papier peint de ville, murale de ville, murale de Chicago, murale des \u00c9tats-Unis, tapisserie de ville<\/p>\n","protected":false},"excerpt":{"rendered":"<p>-Murale en papier peint moderne de la rivi\u00e8re Chicago, en Illinois (\u00c9tats-Unis), qui traverse la magnifique ville de Chicago. -La murale comprend des laizes de 18&#8243; (45cm) de largeur. Par exemple, une murale de 6&#8242; (1,83m) de largeur a 4 laizes et une murale de 12&#8242; (3,66m) de largeur a 8 laizes. -Murale en papier\u00a0peint [&hellip;]<\/p>\n","protected":false},"featured_media":10325,"template":"","meta":{"_acf_changed":false},"product_brand":[203],"product_cat":[153,166,401,179],"product_tag":[9517,9499,9381,8902,9330,9500,8741,8901],"class_list":{"0":"post-10324","1":"product","2":"type-product","3":"status-publish","4":"has-post-thumbnail","6":"product_brand-muralunique-com","7":"product_cat-eau-et-plages","8":"product_cat-scenes-urbaines-villes","9":"product_cat-tous-nos-produits","10":"product_cat-transports","11":"product_tag-eau","12":"product_tag-etats-unis","13":"product_tag-horizon","14":"product_tag-paysage-urbain","15":"product_tag-riviere","16":"product_tag-urbain","17":"product_tag-usa-fr","18":"product_tag-ville","20":"first","21":"instock","22":"taxable","23":"shipping-taxable","24":"purchasable","25":"product-type-variable","26":"has-default-attributes"},"acf":[],"_links":{"self":[{"href":"https:\/\/www.muralunique.com\/fr\/wp-json\/wp\/v2\/product\/10324","targetHints":{"allow":["GET"]}}],"collection":[{"href":"https:\/\/www.muralunique.com\/fr\/wp-json\/wp\/v2\/product"}],"about":[{"href":"https:\/\/www.muralunique.com\/fr\/wp-json\/wp\/v2\/types\/product"}],"wp:featuredmedia":[{"embeddable":true,"href":"https:\/\/www.muralunique.com\/fr\/wp-json\/wp\/v2\/media\/10325"}],"wp:attachment":[{"href":"https:\/\/www.muralunique.com\/fr\/wp-json\/wp\/v2\/media?parent=10324"}],"wp:term":[{"taxonomy":"product_brand","embeddable":true,"href":"https:\/\/www.muralunique.com\/fr\/wp-json\/wp\/v2\/product_brand?post=10324"},{"taxonomy":"product_cat","embeddable":true,"href":"https:\/\/www.muralunique.com\/fr\/wp-json\/wp\/v2\/product_cat?post=10324"},{"taxonomy":"product_tag","embeddable":true,"href":"https:\/\/www.muralunique.com\/fr\/wp-json\/wp\/v2\/product_tag?post=10324"}],"curies":[{"name":"wp","href":"https:\/\/api.w.org\/{rel}","templated":true}]}}