{"id":10369,"date":"2018-07-04T11:07:25","date_gmt":"2018-07-04T11:07:25","guid":{"rendered":"https:\/\/muralunique.com\/?post_type=product&#038;p=10369"},"modified":"2022-03-16T17:38:32","modified_gmt":"2022-03-16T21:38:32","slug":"sentier-tranquille","status":"publish","type":"product","link":"https:\/\/www.muralunique.com\/fr\/produit\/sentier-tranquille\/","title":{"rendered":"Sentier Tranquille"},"content":{"rendered":"<p>-Photo murale d&#8217;un petit chemin dans une for\u00eat verte et paisible. Cette murale trompe l&#8217;oeil apportera de la profondeur, de la luminosit\u00e9 et de la tranquilit\u00e9 \u00e0 votre int\u00e9rieur.<\/p>\n<p>-La murale comprend des laizes de 18\u2033 (45cm) de largeur. Par exemple, une murale de 6\u2032 (1,83m) de largeur a 4 laizes et une murale de 12\u2032 (3,66m) de largeur a 8 laizes.<\/p>\n<p>-Murale en papier\u00a0peint pr\u00e9encoll\u00e9e, lavable, s\u2019enl\u00e8ve \u00e0 sec et r\u00e9utilisable. Facile \u00e0 installer, se pose comme du papier\u00a0peint (tapisserie).<\/p>\n<p>-Photographie de Lars van de Goor. Vous pouvez obtenir plus d&#8217;informations \u00e0\u00a0<a href=\"http:\/\/www.larsvandegoor.com\" rel=\"nofollow noopener\" target=\"_blank\">www.larsvandegoor.com<\/a>.<\/p>\n<p>-murale de paysage, murale de for\u00eat, murales de for\u00eats, tapisserie de for\u00eat, papier peint de for\u00eat, murales en papier peint de la nature<\/p>\n","protected":false},"excerpt":{"rendered":"<p>-Photo murale d&#8217;un petit chemin dans une for\u00eat verte et paisible. Cette murale trompe l&#8217;oeil apportera de la profondeur, de la luminosit\u00e9 et de la tranquilit\u00e9 \u00e0 votre int\u00e9rieur. -La murale comprend des laizes de 18\u2033 (45cm) de largeur. Par exemple, une murale de 6\u2032 (1,83m) de largeur a 4 laizes et une murale de [&hellip;]<\/p>\n","protected":false},"featured_media":32570,"template":"","meta":{"_acf_changed":false},"product_brand":[185],"product_cat":[141,401,163],"product_tag":[9477,9478,8864,9258,9019,9219,9261,9137,9331,9467,9483,9612,9485],"class_list":{"0":"post-10369","1":"product","2":"type-product","3":"status-publish","4":"has-post-thumbnail","6":"artist-lars-van-de-goor-fr","7":"product_brand-lars-van-de-goor","8":"product_cat-nature-et-paysages","9":"product_cat-tous-nos-produits","10":"product_cat-trompe-loeil","11":"product_tag-arbre","12":"product_tag-arbres","13":"product_tag-calme","14":"product_tag-chemin","15":"product_tag-foret","16":"product_tag-nature-fr","17":"product_tag-paisible","18":"product_tag-paysage","19":"product_tag-route","20":"product_tag-tranquilite","21":"product_tag-trompe-l-oeil","22":"product_tag-trompe-loeil-fr","23":"product_tag-trompe-oeil-fr","25":"first","26":"instock","27":"taxable","28":"shipping-taxable","29":"purchasable","30":"product-type-variable","31":"has-default-attributes"},"acf":[],"_links":{"self":[{"href":"https:\/\/www.muralunique.com\/fr\/wp-json\/wp\/v2\/product\/10369","targetHints":{"allow":["GET"]}}],"collection":[{"href":"https:\/\/www.muralunique.com\/fr\/wp-json\/wp\/v2\/product"}],"about":[{"href":"https:\/\/www.muralunique.com\/fr\/wp-json\/wp\/v2\/types\/product"}],"wp:featuredmedia":[{"embeddable":true,"href":"https:\/\/www.muralunique.com\/fr\/wp-json\/wp\/v2\/media\/32570"}],"wp:attachment":[{"href":"https:\/\/www.muralunique.com\/fr\/wp-json\/wp\/v2\/media?parent=10369"}],"wp:term":[{"taxonomy":"product_brand","embeddable":true,"href":"https:\/\/www.muralunique.com\/fr\/wp-json\/wp\/v2\/product_brand?post=10369"},{"taxonomy":"product_cat","embeddable":true,"href":"https:\/\/www.muralunique.com\/fr\/wp-json\/wp\/v2\/product_cat?post=10369"},{"taxonomy":"product_tag","embeddable":true,"href":"https:\/\/www.muralunique.com\/fr\/wp-json\/wp\/v2\/product_tag?post=10369"}],"curies":[{"name":"wp","href":"https:\/\/api.w.org\/{rel}","templated":true}]}}