{"id":10386,"date":"2018-07-05T12:07:15","date_gmt":"2018-07-05T12:07:15","guid":{"rendered":"https:\/\/muralunique.com\/?post_type=product&#038;p=10386"},"modified":"2022-03-16T17:38:32","modified_gmt":"2022-03-16T21:38:32","slug":"le-printemps-sen-vient","status":"publish","type":"product","link":"https:\/\/www.muralunique.com\/fr\/produit\/le-printemps-sen-vient\/","title":{"rendered":"Le Printemps s&#8217;en Vient"},"content":{"rendered":"<p>-Murale en papier peint d&#8217;une for\u00eat myst\u00e9rieuse et brumeuse \u00e0 la fin de l&#8217;hiver, ou mieux, au d\u00e9but du printemps.<\/p>\n<p>-La murale comprend des laizes de 18\u2033 (45cm) de largeur. Par exemple, une murale de 6\u2032 (1,83m) de largeur a 4 laizes et une murale de 12\u2032 (3,66m) de largeur a 8 laizes.<\/p>\n<p>-Murale en papier\u00a0peint pr\u00e9encoll\u00e9e, lavable, s\u2019enl\u00e8ve \u00e0 sec et r\u00e9utilisable. Facile \u00e0 installer, se pose comme du papier\u00a0peint (tapisserie).<\/p>\n<p>-Photographie de Irene Miller. Vous pouvez obtenir plus d&#8217;informations \u00e0 <a href=\"http:\/\/www.imillerphoto.com\" rel=\"nofollow noopener\" target=\"_blank\">www.imillerphoto.com<\/a>.<\/p>\n<p>-murale de for\u00eat, murale en papier peint de for\u00eat, tapisserie de la nature, papier peint de for\u00eat, murales en papier peint d&#8217;arbres<\/p>\n","protected":false},"excerpt":{"rendered":"<p>-Murale en papier peint d&#8217;une for\u00eat myst\u00e9rieuse et brumeuse \u00e0 la fin de l&#8217;hiver, ou mieux, au d\u00e9but du printemps. -La murale comprend des laizes de 18\u2033 (45cm) de largeur. Par exemple, une murale de 6\u2032 (1,83m) de largeur a 4 laizes et une murale de 12\u2032 (3,66m) de largeur a 8 laizes. -Murale en [&hellip;]<\/p>\n","protected":false},"featured_media":10387,"template":"","meta":{"_acf_changed":false},"product_brand":[171],"product_cat":[141,401],"product_tag":[9477,9478,9013,9186,9019,9534,9219,9388,9137,9401],"class_list":{"0":"post-10386","1":"product","2":"type-product","3":"status-publish","4":"has-post-thumbnail","6":"artist-irene-miller-fr","7":"product_brand-irene-miller-2","8":"product_cat-nature-et-paysages","9":"product_cat-tous-nos-produits","10":"product_tag-arbre","11":"product_tag-arbres","12":"product_tag-brouillard","13":"product_tag-bruine","14":"product_tag-foret","15":"product_tag-hiver","16":"product_tag-nature-fr","17":"product_tag-neige","18":"product_tag-paysage","19":"product_tag-printemps-fr","21":"first","22":"instock","23":"taxable","24":"shipping-taxable","25":"purchasable","26":"product-type-variable","27":"has-default-attributes"},"acf":[],"_links":{"self":[{"href":"https:\/\/www.muralunique.com\/fr\/wp-json\/wp\/v2\/product\/10386","targetHints":{"allow":["GET"]}}],"collection":[{"href":"https:\/\/www.muralunique.com\/fr\/wp-json\/wp\/v2\/product"}],"about":[{"href":"https:\/\/www.muralunique.com\/fr\/wp-json\/wp\/v2\/types\/product"}],"wp:featuredmedia":[{"embeddable":true,"href":"https:\/\/www.muralunique.com\/fr\/wp-json\/wp\/v2\/media\/10387"}],"wp:attachment":[{"href":"https:\/\/www.muralunique.com\/fr\/wp-json\/wp\/v2\/media?parent=10386"}],"wp:term":[{"taxonomy":"product_brand","embeddable":true,"href":"https:\/\/www.muralunique.com\/fr\/wp-json\/wp\/v2\/product_brand?post=10386"},{"taxonomy":"product_cat","embeddable":true,"href":"https:\/\/www.muralunique.com\/fr\/wp-json\/wp\/v2\/product_cat?post=10386"},{"taxonomy":"product_tag","embeddable":true,"href":"https:\/\/www.muralunique.com\/fr\/wp-json\/wp\/v2\/product_tag?post=10386"}],"curies":[{"name":"wp","href":"https:\/\/api.w.org\/{rel}","templated":true}]}}