{"id":10392,"date":"2018-07-05T12:33:58","date_gmt":"2018-07-05T12:33:58","guid":{"rendered":"https:\/\/muralunique.com\/?post_type=product&#038;p=10392"},"modified":"2022-03-16T17:38:31","modified_gmt":"2022-03-16T21:38:31","slug":"jardin-sauvage","status":"publish","type":"product","link":"https:\/\/www.muralunique.com\/fr\/produit\/jardin-sauvage\/","title":{"rendered":"Jardin Sauvage"},"content":{"rendered":"<p>-Myst\u00e9rieuse photo murale d&#8217;un jardin sauvage avec un petit sentier qui m\u00e8ne \u00e0 la for\u00eat.<\/p>\n<p>-La murale comprend des laizes de 18\u2033 (45cm) de largeur. Par exemple, une murale de 6\u2032 (1,83m) de largeur a 4 laizes et une murale de 12\u2032 (3,66m) de largeur a 8 laizes.<\/p>\n<p>-Murale en papier\u00a0peint pr\u00e9encoll\u00e9e, lavable, s\u2019enl\u00e8ve \u00e0 sec et r\u00e9utilisable. Facile \u00e0 installer, se pose comme du papier\u00a0peint (tapisserie).<\/p>\n<p>-Photographie de Irene Miller. Vous pouvez obtenir plus d&#8217;informations \u00e0 <a href=\"http:\/\/www.imillerphoto.com\/\" rel=\"nofollow noopener\" target=\"_blank\">www.imillerphoto.com<\/a>.<\/p>\n<p>-murale de jardin, murales de jardins, paysage papier peint, tapisserie paysage, papier peint de la nature<\/p>\n","protected":false},"excerpt":{"rendered":"<p>-Myst\u00e9rieuse photo murale d&#8217;un jardin sauvage avec un petit sentier qui m\u00e8ne \u00e0 la for\u00eat. -La murale comprend des laizes de 18\u2033 (45cm) de largeur. Par exemple, une murale de 6\u2032 (1,83m) de largeur a 4 laizes et une murale de 12\u2032 (3,66m) de largeur a 8 laizes. -Murale en papier\u00a0peint pr\u00e9encoll\u00e9e, lavable, s\u2019enl\u00e8ve \u00e0 [&hellip;]<\/p>\n","protected":false},"featured_media":10393,"template":"","meta":{"_acf_changed":false},"product_brand":[171],"product_cat":[150,141,401],"product_tag":[9478,9013,9186,9258,9014,9019,9044,9219,9137,9524],"class_list":{"0":"post-10392","1":"product","2":"type-product","3":"status-publish","4":"has-post-thumbnail","6":"artist-irene-miller-fr","7":"product_brand-irene-miller-2","8":"product_cat-fleurs-et-feuillages","9":"product_cat-nature-et-paysages","10":"product_cat-tous-nos-produits","11":"product_tag-arbres","12":"product_tag-brouillard","13":"product_tag-bruine","14":"product_tag-chemin","15":"product_tag-feuillage","16":"product_tag-foret","17":"product_tag-jardin","18":"product_tag-nature-fr","19":"product_tag-paysage","20":"product_tag-sauvage","22":"first","23":"instock","24":"taxable","25":"shipping-taxable","26":"purchasable","27":"product-type-variable","28":"has-default-attributes"},"acf":[],"_links":{"self":[{"href":"https:\/\/www.muralunique.com\/fr\/wp-json\/wp\/v2\/product\/10392","targetHints":{"allow":["GET"]}}],"collection":[{"href":"https:\/\/www.muralunique.com\/fr\/wp-json\/wp\/v2\/product"}],"about":[{"href":"https:\/\/www.muralunique.com\/fr\/wp-json\/wp\/v2\/types\/product"}],"wp:featuredmedia":[{"embeddable":true,"href":"https:\/\/www.muralunique.com\/fr\/wp-json\/wp\/v2\/media\/10393"}],"wp:attachment":[{"href":"https:\/\/www.muralunique.com\/fr\/wp-json\/wp\/v2\/media?parent=10392"}],"wp:term":[{"taxonomy":"product_brand","embeddable":true,"href":"https:\/\/www.muralunique.com\/fr\/wp-json\/wp\/v2\/product_brand?post=10392"},{"taxonomy":"product_cat","embeddable":true,"href":"https:\/\/www.muralunique.com\/fr\/wp-json\/wp\/v2\/product_cat?post=10392"},{"taxonomy":"product_tag","embeddable":true,"href":"https:\/\/www.muralunique.com\/fr\/wp-json\/wp\/v2\/product_tag?post=10392"}],"curies":[{"name":"wp","href":"https:\/\/api.w.org\/{rel}","templated":true}]}}