{"id":10417,"date":"2018-08-02T11:47:42","date_gmt":"2018-08-02T11:47:42","guid":{"rendered":"https:\/\/muralunique.com\/?post_type=product&#038;p=10417"},"modified":"2024-07-08T12:50:25","modified_gmt":"2024-07-08T16:50:25","slug":"foret-soleil-dete","status":"publish","type":"product","link":"https:\/\/www.muralunique.com\/fr\/produit\/foret-soleil-dete\/","title":{"rendered":"For\u00eat Soleil d&#8217;\u00c9t\u00e9"},"content":{"rendered":"<p>-For\u00eat Soleil d&#8217;\u00c9t\u00e9. Murale en papier peint extra large d&#8217;une magnifique for\u00eat ensoleill\u00e9e\u00a0en \u00e9t\u00e9. Photo murale.<\/p>\n<p>-La murale comprend des laizes de 18\u2033 (45cm) de largeur. Par exemple, une murale de 6\u2032 (1,83m) de largeur a 4 laizes et une murale de 12\u2032 (3,66m) de largeur a 8 laizes.<\/p>\n<p>-Murale en papier\u00a0peint pr\u00e9encoll\u00e9e, lavable, s\u2019enl\u00e8ve \u00e0 sec et r\u00e9utilisable. Facile \u00e0 installer, se pose comme du papier\u00a0peint (tapisserie).<\/p>\n<p>-murales de for\u00eats, murale de for\u00eat, murales en papier peint de for\u00eat, photo murale de for\u00eat, tapisseries de for\u00eat, papier peint de for\u00eat<\/p>\n","protected":false},"excerpt":{"rendered":"<p>-For\u00eat Soleil d&#8217;\u00c9t\u00e9. Murale en papier peint extra large d&#8217;une magnifique for\u00eat ensoleill\u00e9e\u00a0en \u00e9t\u00e9. Photo murale. -La murale comprend des laizes de 18\u2033 (45cm) de largeur. Par exemple, une murale de 6\u2032 (1,83m) de largeur a 4 laizes et une murale de 12\u2032 (3,66m) de largeur a 8 laizes. -Murale en papier\u00a0peint pr\u00e9encoll\u00e9e, lavable, s\u2019enl\u00e8ve [&hellip;]<\/p>\n","protected":false},"featured_media":90570,"template":"","meta":{"_acf_changed":false},"product_brand":[203],"product_cat":[10434,141,401,163],"product_tag":[9478,9258,9431,9427,9019,9219,9137,9331,9483,9482,9485],"class_list":{"0":"post-10417","1":"product","2":"type-product","3":"status-publish","4":"has-post-thumbnail","6":"product_brand-muralunique-com","7":"product_cat-images-panoramiques","8":"product_cat-nature-et-paysages","9":"product_cat-tous-nos-produits","10":"product_cat-trompe-loeil","11":"product_tag-arbres","12":"product_tag-chemin","13":"product_tag-ensoleille","14":"product_tag-ete","15":"product_tag-foret","16":"product_tag-nature-fr","17":"product_tag-paysage","18":"product_tag-route","19":"product_tag-trompe-l-oeil","20":"product_tag-trompe-loeil","21":"product_tag-trompe-oeil-fr","23":"first","24":"instock","25":"taxable","26":"shipping-taxable","27":"purchasable","28":"product-type-variable","29":"has-default-attributes"},"acf":[],"_links":{"self":[{"href":"https:\/\/www.muralunique.com\/fr\/wp-json\/wp\/v2\/product\/10417","targetHints":{"allow":["GET"]}}],"collection":[{"href":"https:\/\/www.muralunique.com\/fr\/wp-json\/wp\/v2\/product"}],"about":[{"href":"https:\/\/www.muralunique.com\/fr\/wp-json\/wp\/v2\/types\/product"}],"wp:featuredmedia":[{"embeddable":true,"href":"https:\/\/www.muralunique.com\/fr\/wp-json\/wp\/v2\/media\/90570"}],"wp:attachment":[{"href":"https:\/\/www.muralunique.com\/fr\/wp-json\/wp\/v2\/media?parent=10417"}],"wp:term":[{"taxonomy":"product_brand","embeddable":true,"href":"https:\/\/www.muralunique.com\/fr\/wp-json\/wp\/v2\/product_brand?post=10417"},{"taxonomy":"product_cat","embeddable":true,"href":"https:\/\/www.muralunique.com\/fr\/wp-json\/wp\/v2\/product_cat?post=10417"},{"taxonomy":"product_tag","embeddable":true,"href":"https:\/\/www.muralunique.com\/fr\/wp-json\/wp\/v2\/product_tag?post=10417"}],"curies":[{"name":"wp","href":"https:\/\/api.w.org\/{rel}","templated":true}]}}