{"id":10425,"date":"2018-08-06T14:59:54","date_gmt":"2018-08-06T14:59:54","guid":{"rendered":"https:\/\/muralunique.com\/?post_type=product&#038;p=10425"},"modified":"2022-10-13T10:17:02","modified_gmt":"2022-10-13T14:17:02","slug":"couleurs-de-lespace","status":"publish","type":"product","link":"https:\/\/www.muralunique.com\/fr\/produit\/couleurs-de-lespace\/","title":{"rendered":"Couleurs de l&#8217;Espace"},"content":{"rendered":"<p>-Couleurs de l&#8217;Espace. Murale absolument magique d&#8217;une sc\u00e8ne de l&#8217;espace avec de magnifiques couleurs. Cette murale de l&#8217;espace est parfaite pour un salon, un bureau ou la chambre de votre futur astronaute!<\/p>\n<p>-La murale comprend des laizes de 18&#8243; (45cm) de largeur. Par exemple, une murale de 6&#8242; (1,83m) de largeur a 4 laizes et une murale de 12&#8242; (3,66m) de largeur a 8 laizes.<\/p>\n<p>-Murale en papier\u00a0peint pr\u00e9encoll\u00e9e, lavable, s&#8217;enl\u00e8ve \u00e0 sec et r\u00e9utilisable. Facile \u00e0 installer, se pose comme du papier\u00a0peint (tapisserie).<\/p>\n<p>-murales de l&#8217;espace, murale de l&#8217;espace, murale en papier peint de l&#8217;espace, tapisserie de l&#8217;espace, papier peint de galaxie, papier peint de l&#8217;espace<\/p>\n","protected":false},"excerpt":{"rendered":"<p>-Couleurs de l&#8217;Espace. Murale absolument magique d&#8217;une sc\u00e8ne de l&#8217;espace avec de magnifiques couleurs. Cette murale de l&#8217;espace est parfaite pour un salon, un bureau ou la chambre de votre futur astronaute! -La murale comprend des laizes de 18&#8243; (45cm) de largeur. Par exemple, une murale de 6&#8242; (1,83m) de largeur a 4 laizes et [&hellip;]<\/p>\n","protected":false},"featured_media":69738,"template":"","meta":{"_acf_changed":false},"product_brand":[203],"product_cat":[131,173,176,401],"product_tag":[9441,9442,8894,8895,9395,9041,9125,9223],"class_list":{"0":"post-10425","1":"product","2":"type-product","3":"status-publish","4":"has-post-thumbnail","6":"product_brand-muralunique-com","7":"product_cat-adolescents","8":"product_cat-enfants","9":"product_cat-espace","10":"product_cat-tous-nos-produits","11":"product_tag-ado","12":"product_tag-adolescents","13":"product_tag-enfant","14":"product_tag-enfants","15":"product_tag-espace","16":"product_tag-galaxie","17":"product_tag-gamins","18":"product_tag-nebula-fr","20":"first","21":"instock","22":"taxable","23":"shipping-taxable","24":"purchasable","25":"product-type-variable","26":"has-default-attributes"},"acf":[],"_links":{"self":[{"href":"https:\/\/www.muralunique.com\/fr\/wp-json\/wp\/v2\/product\/10425","targetHints":{"allow":["GET"]}}],"collection":[{"href":"https:\/\/www.muralunique.com\/fr\/wp-json\/wp\/v2\/product"}],"about":[{"href":"https:\/\/www.muralunique.com\/fr\/wp-json\/wp\/v2\/types\/product"}],"wp:featuredmedia":[{"embeddable":true,"href":"https:\/\/www.muralunique.com\/fr\/wp-json\/wp\/v2\/media\/69738"}],"wp:attachment":[{"href":"https:\/\/www.muralunique.com\/fr\/wp-json\/wp\/v2\/media?parent=10425"}],"wp:term":[{"taxonomy":"product_brand","embeddable":true,"href":"https:\/\/www.muralunique.com\/fr\/wp-json\/wp\/v2\/product_brand?post=10425"},{"taxonomy":"product_cat","embeddable":true,"href":"https:\/\/www.muralunique.com\/fr\/wp-json\/wp\/v2\/product_cat?post=10425"},{"taxonomy":"product_tag","embeddable":true,"href":"https:\/\/www.muralunique.com\/fr\/wp-json\/wp\/v2\/product_tag?post=10425"}],"curies":[{"name":"wp","href":"https:\/\/api.w.org\/{rel}","templated":true}]}}