{"id":10436,"date":"2018-08-09T12:55:30","date_gmt":"2018-08-09T12:55:30","guid":{"rendered":"https:\/\/muralunique.com\/?post_type=product&#038;p=10436"},"modified":"2022-05-24T11:13:37","modified_gmt":"2022-05-24T15:13:37","slug":"cerisiers-en-fleurs-central-park-manhattan-new-york","status":"publish","type":"product","link":"https:\/\/www.muralunique.com\/fr\/produit\/cerisiers-en-fleurs-central-park-manhattan-new-york\/","title":{"rendered":"Cerisiers en Fleurs, Central Park, Manhattan, New York"},"content":{"rendered":"<p>-Murale en papier peint de cerisiers en fleurs \u00e0 Central Park, Manhattan, New York. Cette photo murale apportera de la paix et de la tranquilit\u00e9 dans n&#8217;importe quelle pi\u00e8ce de votre maison.<\/p>\n<p>-La murale comprend des laizes de 18&#8243; (45cm) de largeur. Par exemple, une murale de 6&#8242; (1,83m) de largeur a 4 laizes et une murale de 12&#8242; (3,66m) de largeur a 8 laizes.<\/p>\n<p>-Murale en papier\u00a0peint pr\u00e9encoll\u00e9e, lavable, s&#8217;enl\u00e8ve \u00e0 sec et r\u00e9utilisable. Facile \u00e0 installer, se pose comme du papier\u00a0peint (tapisserie).<\/p>\n<p>-murales de\u00a0cerisiers en fleurs, murales d&#8217;un cerisier en fleurs, murales de la nature, tapisserie de paysage, papier peint d&#8217;arbres, papier peint d&#8217;un arbre en fleurs<\/p>\n","protected":false},"excerpt":{"rendered":"<p>-Murale en papier peint de cerisiers en fleurs \u00e0 Central Park, Manhattan, New York. Cette photo murale apportera de la paix et de la tranquilit\u00e9 dans n&#8217;importe quelle pi\u00e8ce de votre maison. -La murale comprend des laizes de 18&#8243; (45cm) de largeur. Par exemple, une murale de 6&#8242; (1,83m) de largeur a 4 laizes et [&hellip;]<\/p>\n","protected":false},"featured_media":56883,"template":"","meta":{"_acf_changed":false},"product_brand":[203],"product_cat":[150,141,401],"product_tag":[9477,9478,8864,8888,9499,8889,9010,9006,9170,9219,9226,9261,9252,9137,9467,8741],"class_list":{"0":"post-10436","1":"product","2":"type-product","3":"status-publish","4":"has-post-thumbnail","6":"product_brand-muralunique-com","7":"product_cat-fleurs-et-feuillages","8":"product_cat-nature-et-paysages","9":"product_cat-tous-nos-produits","10":"product_tag-arbre","11":"product_tag-arbres","12":"product_tag-calme","13":"product_tag-cerise","14":"product_tag-etats-unis","15":"product_tag-fleur-de-cerisier","16":"product_tag-fleurs","17":"product_tag-floral-fr","18":"product_tag-manhattan-fr","19":"product_tag-nature-fr","20":"product_tag-new-york-fr","21":"product_tag-paisible","22":"product_tag-parc","23":"product_tag-paysage","24":"product_tag-tranquilite","25":"product_tag-usa-fr","27":"first","28":"instock","29":"taxable","30":"shipping-taxable","31":"purchasable","32":"product-type-variable","33":"has-default-attributes"},"acf":[],"_links":{"self":[{"href":"https:\/\/www.muralunique.com\/fr\/wp-json\/wp\/v2\/product\/10436","targetHints":{"allow":["GET"]}}],"collection":[{"href":"https:\/\/www.muralunique.com\/fr\/wp-json\/wp\/v2\/product"}],"about":[{"href":"https:\/\/www.muralunique.com\/fr\/wp-json\/wp\/v2\/types\/product"}],"wp:featuredmedia":[{"embeddable":true,"href":"https:\/\/www.muralunique.com\/fr\/wp-json\/wp\/v2\/media\/56883"}],"wp:attachment":[{"href":"https:\/\/www.muralunique.com\/fr\/wp-json\/wp\/v2\/media?parent=10436"}],"wp:term":[{"taxonomy":"product_brand","embeddable":true,"href":"https:\/\/www.muralunique.com\/fr\/wp-json\/wp\/v2\/product_brand?post=10436"},{"taxonomy":"product_cat","embeddable":true,"href":"https:\/\/www.muralunique.com\/fr\/wp-json\/wp\/v2\/product_cat?post=10436"},{"taxonomy":"product_tag","embeddable":true,"href":"https:\/\/www.muralunique.com\/fr\/wp-json\/wp\/v2\/product_tag?post=10436"}],"curies":[{"name":"wp","href":"https:\/\/api.w.org\/{rel}","templated":true}]}}