{"id":10472,"date":"2018-09-05T10:58:11","date_gmt":"2018-09-05T10:58:11","guid":{"rendered":"https:\/\/muralunique.com\/?post_type=product&#038;p=10472"},"modified":"2022-09-30T13:38:05","modified_gmt":"2022-09-30T17:38:05","slug":"butte-de-montmartre","status":"publish","type":"product","link":"https:\/\/www.muralunique.com\/fr\/produit\/butte-de-montmartre\/","title":{"rendered":"Butte de Montmartre"},"content":{"rendered":"<p>-Murale trompe l&#8217;oeil d&#8217;une rue dans Montmartre. Montmartre est une grande colline du 18\u00e8me arrondissement de Paris. C&#8217;est un quartier plein de charme, c\u00e9l\u00e8bre pour la basilique du Sacr\u00e9-Coeur et une vue magnifique sur Paris.<\/p>\n<p>-La murale comprend des laizes de 18&#8243; (45cm) de largeur. Par exemple, une murale de 6&#8242; (1,83m) de largeur a 4 laizes et une murale de 12&#8242; (3,66m) de largeur a 8 laizes.<\/p>\n<p>-Murale en papier\u00a0peint pr\u00e9encoll\u00e9e, lavable, s&#8217;enl\u00e8ve \u00e0 sec et r\u00e9utilisable. Facile \u00e0 installer, se pose comme du papier\u00a0peint (tapisserie).<\/p>\n<p>-murale en papier peint trompe l&#8217;oeil, murale de Paris, papier peint de Paris, tapisserie de Paris, murales en papier peint de Paris<\/p>\n","protected":false},"excerpt":{"rendered":"<p>-Murale trompe l&#8217;oeil d&#8217;une rue dans Montmartre. Montmartre est une grande colline du 18\u00e8me arrondissement de Paris. C&#8217;est un quartier plein de charme, c\u00e9l\u00e8bre pour la basilique du Sacr\u00e9-Coeur et une vue magnifique sur Paris. -La murale comprend des laizes de 18&#8243; (45cm) de largeur. Par exemple, une murale de 6&#8242; (1,83m) de largeur a [&hellip;]<\/p>\n","protected":false},"featured_media":69162,"template":"","meta":{"_acf_changed":false},"product_brand":[203],"product_cat":[166,401,163],"product_tag":[9407,8691,9029,9250,8902,9423,9483,9612,9485,8901],"class_list":{"0":"post-10472","1":"product","2":"type-product","3":"status-publish","4":"has-post-thumbnail","6":"product_brand-muralunique-com","7":"product_cat-scenes-urbaines-villes","8":"product_cat-tous-nos-produits","9":"product_cat-trompe-loeil","10":"product_tag-escaliers","11":"product_tag-europe-fr","12":"product_tag-france-fr","13":"product_tag-paris-fr","14":"product_tag-paysage-urbain","15":"product_tag-rue","16":"product_tag-trompe-l-oeil","17":"product_tag-trompe-loeil-fr","18":"product_tag-trompe-oeil-fr","19":"product_tag-ville","21":"first","22":"instock","23":"taxable","24":"shipping-taxable","25":"purchasable","26":"product-type-variable","27":"has-default-attributes"},"acf":[],"_links":{"self":[{"href":"https:\/\/www.muralunique.com\/fr\/wp-json\/wp\/v2\/product\/10472","targetHints":{"allow":["GET"]}}],"collection":[{"href":"https:\/\/www.muralunique.com\/fr\/wp-json\/wp\/v2\/product"}],"about":[{"href":"https:\/\/www.muralunique.com\/fr\/wp-json\/wp\/v2\/types\/product"}],"wp:featuredmedia":[{"embeddable":true,"href":"https:\/\/www.muralunique.com\/fr\/wp-json\/wp\/v2\/media\/69162"}],"wp:attachment":[{"href":"https:\/\/www.muralunique.com\/fr\/wp-json\/wp\/v2\/media?parent=10472"}],"wp:term":[{"taxonomy":"product_brand","embeddable":true,"href":"https:\/\/www.muralunique.com\/fr\/wp-json\/wp\/v2\/product_brand?post=10472"},{"taxonomy":"product_cat","embeddable":true,"href":"https:\/\/www.muralunique.com\/fr\/wp-json\/wp\/v2\/product_cat?post=10472"},{"taxonomy":"product_tag","embeddable":true,"href":"https:\/\/www.muralunique.com\/fr\/wp-json\/wp\/v2\/product_tag?post=10472"}],"curies":[{"name":"wp","href":"https:\/\/api.w.org\/{rel}","templated":true}]}}