{"id":10479,"date":"2018-09-05T12:12:49","date_gmt":"2018-09-05T12:12:49","guid":{"rendered":"https:\/\/muralunique.com\/?post_type=product&#038;p=10479"},"modified":"2022-03-16T17:38:30","modified_gmt":"2022-03-16T21:38:30","slug":"chemin-de-campagne","status":"publish","type":"product","link":"https:\/\/www.muralunique.com\/fr\/produit\/chemin-de-campagne\/","title":{"rendered":"Chemin de Campagne"},"content":{"rendered":"<p>-Murale en papier peint d&#8217;une petite route \u00e0 la campagne. Ce magnifique trompe l&#8217;oeil cr\u00e9era un effet de profondeur dans n&#8217;importe quelle pi\u00e8ce de votre int\u00e9rieur.<\/p>\n<p>-La murale comprend des laizes de 18&#8243; (45cm) de largeur. Par exemple, une murale de 6&#8242; (1,83m) de largeur a 4 laizes et une murale de 12&#8242; (3,66m) de largeur a 8 laizes.<\/p>\n<p>-Murale en papier\u00a0peint pr\u00e9encoll\u00e9e, lavable, s&#8217;enl\u00e8ve \u00e0 sec et r\u00e9utilisable. Facile \u00e0 installer, se pose comme du papier\u00a0peint (tapisserie).<\/p>\n<p>-murale d&#8217;un chemin de campagne, murale de la campagne, papier peint d&#8217;un chemin de campagne, tapisserie de la nature, papier peint de paysages<\/p>\n","protected":false},"excerpt":{"rendered":"<p>-Murale en papier peint d&#8217;une petite route \u00e0 la campagne. Ce magnifique trompe l&#8217;oeil cr\u00e9era un effet de profondeur dans n&#8217;importe quelle pi\u00e8ce de votre int\u00e9rieur. -La murale comprend des laizes de 18&#8243; (45cm) de largeur. Par exemple, une murale de 6&#8242; (1,83m) de largeur a 4 laizes et une murale de 12&#8242; (3,66m) de [&hellip;]<\/p>\n","protected":false},"featured_media":31854,"template":"","meta":{"_acf_changed":false},"product_brand":[203],"product_cat":[141,401,163],"product_tag":[9478,8926,9219,8925,9137,9331,9483,9612,9485],"class_list":{"0":"post-10479","1":"product","2":"type-product","3":"status-publish","4":"has-post-thumbnail","6":"product_brand-muralunique-com","7":"product_cat-nature-et-paysages","8":"product_cat-tous-nos-produits","9":"product_cat-trompe-loeil","10":"product_tag-arbres","11":"product_tag-campagne","12":"product_tag-nature-fr","13":"product_tag-pays-fr","14":"product_tag-paysage","15":"product_tag-route","16":"product_tag-trompe-l-oeil","17":"product_tag-trompe-loeil-fr","18":"product_tag-trompe-oeil-fr","20":"first","21":"instock","22":"taxable","23":"shipping-taxable","24":"purchasable","25":"product-type-variable","26":"has-default-attributes"},"acf":[],"_links":{"self":[{"href":"https:\/\/www.muralunique.com\/fr\/wp-json\/wp\/v2\/product\/10479","targetHints":{"allow":["GET"]}}],"collection":[{"href":"https:\/\/www.muralunique.com\/fr\/wp-json\/wp\/v2\/product"}],"about":[{"href":"https:\/\/www.muralunique.com\/fr\/wp-json\/wp\/v2\/types\/product"}],"wp:featuredmedia":[{"embeddable":true,"href":"https:\/\/www.muralunique.com\/fr\/wp-json\/wp\/v2\/media\/31854"}],"wp:attachment":[{"href":"https:\/\/www.muralunique.com\/fr\/wp-json\/wp\/v2\/media?parent=10479"}],"wp:term":[{"taxonomy":"product_brand","embeddable":true,"href":"https:\/\/www.muralunique.com\/fr\/wp-json\/wp\/v2\/product_brand?post=10479"},{"taxonomy":"product_cat","embeddable":true,"href":"https:\/\/www.muralunique.com\/fr\/wp-json\/wp\/v2\/product_cat?post=10479"},{"taxonomy":"product_tag","embeddable":true,"href":"https:\/\/www.muralunique.com\/fr\/wp-json\/wp\/v2\/product_tag?post=10479"}],"curies":[{"name":"wp","href":"https:\/\/api.w.org\/{rel}","templated":true}]}}