{"id":10487,"date":"2018-09-06T12:44:52","date_gmt":"2018-09-06T12:44:52","guid":{"rendered":"https:\/\/muralunique.com\/?post_type=product&#038;p=10487"},"modified":"2022-03-16T17:38:30","modified_gmt":"2022-03-16T21:38:30","slug":"rayons-de-soleil-dans-une-foret-depinettes","status":"publish","type":"product","link":"https:\/\/www.muralunique.com\/fr\/produit\/rayons-de-soleil-dans-une-foret-depinettes\/","title":{"rendered":"Rayons de Soleil dans une For\u00eat d&#8217;\u00c9pinettes"},"content":{"rendered":"<p>-Magnifique murale en papier peint de rayons de soleil traversant une for\u00eat paisible. Cette murale a un effet de profondeur incroyable.<\/p>\n<p>-La murale comprend des laizes de 18\u2033 (45cm) de largeur. Par exemple, une murale de 6\u2032 (1,83m) de largeur a 4 laizes et une murale de 12\u2032 (3,66m) de largeur a 8 laizes.<\/p>\n<p>-Murale en papier\u00a0peint pr\u00e9encoll\u00e9e, lavable, s\u2019enl\u00e8ve \u00e0 sec et r\u00e9utilisable. Facile \u00e0 installer, se pose comme du papier\u00a0peint (tapisserie).<\/p>\n<p>-murale de for\u00eat, murales de for\u00eat, papier peint paysage, tapisserie paysage, murale paysage, murales de for\u00eats<\/p>\n","protected":false},"excerpt":{"rendered":"<p>-Magnifique murale en papier peint de rayons de soleil traversant une for\u00eat paisible. Cette murale a un effet de profondeur incroyable. -La murale comprend des laizes de 18\u2033 (45cm) de largeur. Par exemple, une murale de 6\u2032 (1,83m) de largeur a 4 laizes et une murale de 12\u2032 (3,66m) de largeur a 8 laizes. -Murale [&hellip;]<\/p>\n","protected":false},"featured_media":31856,"template":"","meta":{"_acf_changed":false},"product_brand":[203],"product_cat":[141,401,163],"product_tag":[9477,9478,8864,9019,9219,9261,9137,9429,9770,9767,9428,9467,9483,9612,9485],"class_list":{"0":"post-10487","1":"product","2":"type-product","3":"status-publish","4":"has-post-thumbnail","6":"product_brand-muralunique-com","7":"product_cat-nature-et-paysages","8":"product_cat-tous-nos-produits","9":"product_cat-trompe-loeil","10":"product_tag-arbre","11":"product_tag-arbres","12":"product_tag-calme","13":"product_tag-foret","14":"product_tag-nature-fr","15":"product_tag-paisible","16":"product_tag-paysage","17":"product_tag-rayons-de-soleil","18":"product_tag-rayons-de-soleil-fr-2","19":"product_tag-rayons-de-soleil-fr","20":"product_tag-soleil","21":"product_tag-tranquilite","22":"product_tag-trompe-l-oeil","23":"product_tag-trompe-loeil-fr","24":"product_tag-trompe-oeil-fr","26":"first","27":"instock","28":"taxable","29":"shipping-taxable","30":"purchasable","31":"product-type-variable","32":"has-default-attributes"},"acf":[],"_links":{"self":[{"href":"https:\/\/www.muralunique.com\/fr\/wp-json\/wp\/v2\/product\/10487","targetHints":{"allow":["GET"]}}],"collection":[{"href":"https:\/\/www.muralunique.com\/fr\/wp-json\/wp\/v2\/product"}],"about":[{"href":"https:\/\/www.muralunique.com\/fr\/wp-json\/wp\/v2\/types\/product"}],"wp:featuredmedia":[{"embeddable":true,"href":"https:\/\/www.muralunique.com\/fr\/wp-json\/wp\/v2\/media\/31856"}],"wp:attachment":[{"href":"https:\/\/www.muralunique.com\/fr\/wp-json\/wp\/v2\/media?parent=10487"}],"wp:term":[{"taxonomy":"product_brand","embeddable":true,"href":"https:\/\/www.muralunique.com\/fr\/wp-json\/wp\/v2\/product_brand?post=10487"},{"taxonomy":"product_cat","embeddable":true,"href":"https:\/\/www.muralunique.com\/fr\/wp-json\/wp\/v2\/product_cat?post=10487"},{"taxonomy":"product_tag","embeddable":true,"href":"https:\/\/www.muralunique.com\/fr\/wp-json\/wp\/v2\/product_tag?post=10487"}],"curies":[{"name":"wp","href":"https:\/\/api.w.org\/{rel}","templated":true}]}}