{"id":10503,"date":"2018-09-10T10:58:52","date_gmt":"2018-09-10T10:58:52","guid":{"rendered":"https:\/\/muralunique.com\/?post_type=product&#038;p=10503"},"modified":"2022-04-16T19:43:50","modified_gmt":"2022-04-16T23:43:50","slug":"rayons-de-soleil-matinaux-a-travers-les-arbres","status":"publish","type":"product","link":"https:\/\/www.muralunique.com\/fr\/produit\/rayons-de-soleil-matinaux-a-travers-les-arbres\/","title":{"rendered":"Rayons de Soleil Matinaux \u00e0 Travers les Arbres"},"content":{"rendered":"<p>-Murale en papier peint d&#8217;une for\u00eat paisible avec des rayons de soleil traversant les arbres. Cette magnifique murale de for\u00eat donnera de la vie \u00e0 votre int\u00e9rieur.<\/p>\n<p>-La murale comprend des laizes de 18\u2033 (45cm) de largeur. Par exemple, une murale de 6\u2032 (1,83m) de largeur a 4 laizes et une murale de 12\u2032 (3,66m) de largeur a 8 laizes.<\/p>\n<p>-Murale en papier\u00a0peint pr\u00e9encoll\u00e9e, lavable, s\u2019enl\u00e8ve \u00e0 sec et r\u00e9utilisable. Facile \u00e0 installer, se pose comme du papier\u00a0peint (tapisserie).<\/p>\n<p>-murale de paysage, murales de paysage, murale de for\u00eat, murales de for\u00eat, papier peint nature, tapisserie for\u00eat, papier peint for\u00eat<\/p>\n","protected":false},"excerpt":{"rendered":"<p>-Murale en papier peint d&#8217;une for\u00eat paisible avec des rayons de soleil traversant les arbres. Cette magnifique murale de for\u00eat donnera de la vie \u00e0 votre int\u00e9rieur. -La murale comprend des laizes de 18\u2033 (45cm) de largeur. Par exemple, une murale de 6\u2032 (1,83m) de largeur a 4 laizes et une murale de 12\u2032 (3,66m) [&hellip;]<\/p>\n","protected":false},"featured_media":52316,"template":"","meta":{"_acf_changed":false},"product_brand":[203],"product_cat":[141,305,401],"product_tag":[9477,9478,8864,9019,9198,9219,9261,9137,9767,9770,9429,9428,9467],"class_list":{"0":"post-10503","1":"product","2":"type-product","3":"status-publish","4":"has-post-thumbnail","6":"product_brand-muralunique-com","7":"product_cat-nature-et-paysages","8":"product_cat-produits-vedettes","9":"product_cat-tous-nos-produits","10":"product_tag-arbre","11":"product_tag-arbres","12":"product_tag-calme","13":"product_tag-foret","14":"product_tag-matin","15":"product_tag-nature-fr","16":"product_tag-paisible","17":"product_tag-paysage","18":"product_tag-rayons-de-soleil-fr","19":"product_tag-rayons-de-soleil-fr-2","20":"product_tag-rayons-de-soleil","21":"product_tag-soleil","22":"product_tag-tranquilite","24":"first","25":"instock","26":"taxable","27":"shipping-taxable","28":"purchasable","29":"product-type-variable","30":"has-default-attributes"},"acf":[],"_links":{"self":[{"href":"https:\/\/www.muralunique.com\/fr\/wp-json\/wp\/v2\/product\/10503","targetHints":{"allow":["GET"]}}],"collection":[{"href":"https:\/\/www.muralunique.com\/fr\/wp-json\/wp\/v2\/product"}],"about":[{"href":"https:\/\/www.muralunique.com\/fr\/wp-json\/wp\/v2\/types\/product"}],"wp:featuredmedia":[{"embeddable":true,"href":"https:\/\/www.muralunique.com\/fr\/wp-json\/wp\/v2\/media\/52316"}],"wp:attachment":[{"href":"https:\/\/www.muralunique.com\/fr\/wp-json\/wp\/v2\/media?parent=10503"}],"wp:term":[{"taxonomy":"product_brand","embeddable":true,"href":"https:\/\/www.muralunique.com\/fr\/wp-json\/wp\/v2\/product_brand?post=10503"},{"taxonomy":"product_cat","embeddable":true,"href":"https:\/\/www.muralunique.com\/fr\/wp-json\/wp\/v2\/product_cat?post=10503"},{"taxonomy":"product_tag","embeddable":true,"href":"https:\/\/www.muralunique.com\/fr\/wp-json\/wp\/v2\/product_tag?post=10503"}],"curies":[{"name":"wp","href":"https:\/\/api.w.org\/{rel}","templated":true}]}}