{"id":10514,"date":"2018-09-11T10:24:46","date_gmt":"2018-09-11T10:24:46","guid":{"rendered":"https:\/\/muralunique.com\/?post_type=product&#038;p=10514"},"modified":"2022-05-24T11:13:40","modified_gmt":"2022-05-24T15:13:40","slug":"vague-deferlante","status":"publish","type":"product","link":"https:\/\/www.muralunique.com\/fr\/produit\/vague-deferlante\/","title":{"rendered":"Vague D\u00e9ferlante"},"content":{"rendered":"<p>-Photo murale rafra\u00eechissante d&#8217;une grande vague oc\u00e9anique. Cette murale est parfaite pour une salle de bain ou n&#8217;importe quelle pi\u00e8ce de votre int\u00e9rieur.<\/p>\n<p>-La murale comprend des laizes de 18\u2033 (45cm) de largeur. Par exemple, une murale de 6\u2032 (1,83m) de largeur a 4 laizes et une murale de 12\u2032 (3,66m) de largeur a 8 laizes.<\/p>\n<p>-Murale en papier\u00a0peint pr\u00e9encoll\u00e9e, lavable, s\u2019enl\u00e8ve \u00e0 sec et r\u00e9utilisable. Facile \u00e0 installer, se pose comme du papier\u00a0peint (tapisserie).<\/p>\n<p>-murales de vague, murale en papier peint vague, tapisserie vague, papier peint vague, tapisserie oc\u00e9an, papier peint oc\u00e9an<\/p>\n","protected":false},"excerpt":{"rendered":"<p>-Photo murale rafra\u00eechissante d&#8217;une grande vague oc\u00e9anique. Cette murale est parfaite pour une salle de bain ou n&#8217;importe quelle pi\u00e8ce de votre int\u00e9rieur. -La murale comprend des laizes de 18\u2033 (45cm) de largeur. Par exemple, une murale de 6\u2032 (1,83m) de largeur a 4 laizes et une murale de 12\u2032 (3,66m) de largeur a 8 [&hellip;]<\/p>\n","protected":false},"featured_media":64209,"template":"","meta":{"_acf_changed":false},"product_brand":[],"product_cat":[153,401,163],"product_tag":[9517,9352,9231,8806,8807,9483,9612,9485,9519,9520],"class_list":{"0":"post-10514","1":"product","2":"type-product","3":"status-publish","4":"has-post-thumbnail","6":"product_cat-eau-et-plages","7":"product_cat-tous-nos-produits","8":"product_cat-trompe-loeil","9":"product_tag-eau","10":"product_tag-mer","11":"product_tag-ocean-fr-2","12":"product_tag-plage","13":"product_tag-plages","14":"product_tag-trompe-l-oeil","15":"product_tag-trompe-loeil-fr","16":"product_tag-trompe-oeil-fr","17":"product_tag-vague","18":"product_tag-vagues","20":"first","21":"instock","22":"taxable","23":"shipping-taxable","24":"purchasable","25":"product-type-variable","26":"has-default-attributes"},"acf":[],"_links":{"self":[{"href":"https:\/\/www.muralunique.com\/fr\/wp-json\/wp\/v2\/product\/10514","targetHints":{"allow":["GET"]}}],"collection":[{"href":"https:\/\/www.muralunique.com\/fr\/wp-json\/wp\/v2\/product"}],"about":[{"href":"https:\/\/www.muralunique.com\/fr\/wp-json\/wp\/v2\/types\/product"}],"wp:featuredmedia":[{"embeddable":true,"href":"https:\/\/www.muralunique.com\/fr\/wp-json\/wp\/v2\/media\/64209"}],"wp:attachment":[{"href":"https:\/\/www.muralunique.com\/fr\/wp-json\/wp\/v2\/media?parent=10514"}],"wp:term":[{"taxonomy":"product_brand","embeddable":true,"href":"https:\/\/www.muralunique.com\/fr\/wp-json\/wp\/v2\/product_brand?post=10514"},{"taxonomy":"product_cat","embeddable":true,"href":"https:\/\/www.muralunique.com\/fr\/wp-json\/wp\/v2\/product_cat?post=10514"},{"taxonomy":"product_tag","embeddable":true,"href":"https:\/\/www.muralunique.com\/fr\/wp-json\/wp\/v2\/product_tag?post=10514"}],"curies":[{"name":"wp","href":"https:\/\/api.w.org\/{rel}","templated":true}]}}