{"id":10531,"date":"2018-09-12T09:39:35","date_gmt":"2018-09-12T09:39:35","guid":{"rendered":"https:\/\/muralunique.com\/?post_type=product&#038;p=10531"},"modified":"2022-04-16T19:44:04","modified_gmt":"2022-04-16T23:44:04","slug":"carte-du-monde-texturee","status":"publish","type":"product","link":"https:\/\/www.muralunique.com\/fr\/produit\/carte-du-monde-texturee\/","title":{"rendered":"Carte du Monde Textur\u00e9e"},"content":{"rendered":"<p>-Murale en papier peint d&#8217;une carte du monde grise textur\u00e9e. Cette murale est parfaite pour un bureau, un salon ou n&#8217;importe quelle pi\u00e8ce de votre int\u00e9rieur.<\/p>\n<p>-La murale comprend des laizes de 18\u2033 (45cm) de largeur. Par exemple, une murale de 6\u2032 (1,83m) de largeur a 4 laizes et une murale de 12\u2032 (3,66m) de largeur a 8 laizes.<\/p>\n<p>-Murale en papier\u00a0peint pr\u00e9encoll\u00e9e, lavable, s\u2019enl\u00e8ve \u00e0 sec et r\u00e9utilisable. Facile \u00e0 installer, se pose comme du papier\u00a0peint (tapisserie).<\/p>\n<p>-murale de carte, murales de cartes, murale carte du monde, murales en papier peint de cartes du monde, papier peint carte du monde<\/p>\n","protected":false},"excerpt":{"rendered":"<p>-Murale en papier peint d&#8217;une carte du monde grise textur\u00e9e. Cette murale est parfaite pour un bureau, un salon ou n&#8217;importe quelle pi\u00e8ce de votre int\u00e9rieur. -La murale comprend des laizes de 18\u2033 (45cm) de largeur. Par exemple, une murale de 6\u2032 (1,83m) de largeur a 4 laizes et une murale de 12\u2032 (3,66m) de [&hellip;]<\/p>\n","protected":false},"featured_media":10532,"template":"","meta":{"_acf_changed":false},"product_brand":[],"product_cat":[160,169,401],"product_tag":[9171,9172,9046,9045,9545,9447,9448,9449],"class_list":{"0":"post-10531","1":"product","2":"type-product","3":"status-publish","4":"has-post-thumbnail","6":"product_cat-cartes-et-drapeaux","7":"product_cat-textures-2","8":"product_cat-tous-nos-produits","9":"product_tag-carte-fr","10":"product_tag-cartes","11":"product_tag-geographie","12":"product_tag-geographique","13":"product_tag-monde","14":"product_tag-texture-fr","15":"product_tag-texture-fr-2","16":"product_tag-textures","18":"first","19":"instock","20":"taxable","21":"shipping-taxable","22":"purchasable","23":"product-type-variable","24":"has-default-attributes"},"acf":[],"_links":{"self":[{"href":"https:\/\/www.muralunique.com\/fr\/wp-json\/wp\/v2\/product\/10531","targetHints":{"allow":["GET"]}}],"collection":[{"href":"https:\/\/www.muralunique.com\/fr\/wp-json\/wp\/v2\/product"}],"about":[{"href":"https:\/\/www.muralunique.com\/fr\/wp-json\/wp\/v2\/types\/product"}],"wp:featuredmedia":[{"embeddable":true,"href":"https:\/\/www.muralunique.com\/fr\/wp-json\/wp\/v2\/media\/10532"}],"wp:attachment":[{"href":"https:\/\/www.muralunique.com\/fr\/wp-json\/wp\/v2\/media?parent=10531"}],"wp:term":[{"taxonomy":"product_brand","embeddable":true,"href":"https:\/\/www.muralunique.com\/fr\/wp-json\/wp\/v2\/product_brand?post=10531"},{"taxonomy":"product_cat","embeddable":true,"href":"https:\/\/www.muralunique.com\/fr\/wp-json\/wp\/v2\/product_cat?post=10531"},{"taxonomy":"product_tag","embeddable":true,"href":"https:\/\/www.muralunique.com\/fr\/wp-json\/wp\/v2\/product_tag?post=10531"}],"curies":[{"name":"wp","href":"https:\/\/api.w.org\/{rel}","templated":true}]}}