{"id":10540,"date":"2018-09-12T12:04:01","date_gmt":"2018-09-12T12:04:01","guid":{"rendered":"https:\/\/muralunique.com\/?post_type=product&#038;p=10540"},"modified":"2025-09-30T16:17:29","modified_gmt":"2025-09-30T20:17:29","slug":"cuir-rouge-capitonne","status":"publish","type":"product","link":"https:\/\/www.muralunique.com\/fr\/produit\/cuir-rouge-capitonne\/","title":{"rendered":"Cuir Rouge Capitonn\u00e9"},"content":{"rendered":"<p>-Murale en papier peint d&#8217;un cuir capitonn\u00e9 rouge. Cette murale donnera de la personnalit\u00e9 \u00e0 votre salle de cin\u00e9ma maison (ou n&#8217;importe quelle autre pi\u00e8ce).<\/p>\n<p>-La murale comprend des laizes de 18\u2033 (45cm) de largeur. Par exemple, une murale de 6\u2032 (1,83m) de largeur a 4 laizes et une murale de 12\u2032 (3,66m) de largeur a 8 laizes.<\/p>\n<p>-Murale en papier\u00a0peint pr\u00e9encoll\u00e9e, lavable, s\u2019enl\u00e8ve \u00e0 sec et r\u00e9utilisable. Facile \u00e0 installer, se pose comme du papier\u00a0peint (tapisserie).<\/p>\n<p>-murale de cuir rouge, murale de cuir capitonn\u00e9, murales en papier peint d&#8217;imitation de cuir, papier peint capitonn\u00e9, tapisserie capitonn\u00e9<\/p>\n","protected":false},"excerpt":{"rendered":"<p>-Murale en papier peint d&#8217;un cuir capitonn\u00e9 rouge. Cette murale donnera de la personnalit\u00e9 \u00e0 votre salle de cin\u00e9ma maison (ou n&#8217;importe quelle autre pi\u00e8ce). -La murale comprend des laizes de 18\u2033 (45cm) de largeur. Par exemple, une murale de 6\u2032 (1,83m) de largeur a 4 laizes et une murale de 12\u2032 (3,66m) de largeur [&hellip;]<\/p>\n","protected":false},"featured_media":10541,"template":"","meta":{"_acf_changed":false},"product_brand":[203],"product_cat":[169,401,163],"product_tag":[9143,9447,9448,9449,9483,9482,9485],"class_list":{"0":"post-10540","1":"product","2":"type-product","3":"status-publish","4":"has-post-thumbnail","6":"product_brand-muralunique-com","7":"product_cat-textures-2","8":"product_cat-tous-nos-produits","9":"product_cat-trompe-loeil","10":"product_tag-cuir","11":"product_tag-texture-fr","12":"product_tag-texture-fr-2","13":"product_tag-textures","14":"product_tag-trompe-l-oeil","15":"product_tag-trompe-loeil","16":"product_tag-trompe-oeil-fr","18":"first","19":"instock","20":"taxable","21":"shipping-taxable","22":"purchasable","23":"product-type-variable","24":"has-default-attributes"},"acf":[],"_links":{"self":[{"href":"https:\/\/www.muralunique.com\/fr\/wp-json\/wp\/v2\/product\/10540","targetHints":{"allow":["GET"]}}],"collection":[{"href":"https:\/\/www.muralunique.com\/fr\/wp-json\/wp\/v2\/product"}],"about":[{"href":"https:\/\/www.muralunique.com\/fr\/wp-json\/wp\/v2\/types\/product"}],"wp:featuredmedia":[{"embeddable":true,"href":"https:\/\/www.muralunique.com\/fr\/wp-json\/wp\/v2\/media\/10541"}],"wp:attachment":[{"href":"https:\/\/www.muralunique.com\/fr\/wp-json\/wp\/v2\/media?parent=10540"}],"wp:term":[{"taxonomy":"product_brand","embeddable":true,"href":"https:\/\/www.muralunique.com\/fr\/wp-json\/wp\/v2\/product_brand?post=10540"},{"taxonomy":"product_cat","embeddable":true,"href":"https:\/\/www.muralunique.com\/fr\/wp-json\/wp\/v2\/product_cat?post=10540"},{"taxonomy":"product_tag","embeddable":true,"href":"https:\/\/www.muralunique.com\/fr\/wp-json\/wp\/v2\/product_tag?post=10540"}],"curies":[{"name":"wp","href":"https:\/\/api.w.org\/{rel}","templated":true}]}}