{"id":10649,"date":"2018-10-20T16:03:17","date_gmt":"2018-10-20T16:03:17","guid":{"rendered":"https:\/\/muralunique.com\/?post_type=product&#038;p=10649"},"modified":"2022-04-16T19:43:43","modified_gmt":"2022-04-16T23:43:43","slug":"village-de-hallstatt-dans-les-alpes-autrichiennes","status":"publish","type":"product","link":"https:\/\/www.muralunique.com\/fr\/produit\/village-de-hallstatt-dans-les-alpes-autrichiennes\/","title":{"rendered":"Village de Hallstatt dans les Alpes Autrichiennes"},"content":{"rendered":"<p>-Village de Hallstatt dans les Alpes Autrichiennes. Murale en papier peint du pittoresque village de Hallstatt dans les Alpes Autrichiennes.<\/p>\n<p>-La murale comprend des laizes de 18\u2033 (45cm) de largeur. Par exemple, une murale de 6\u2032 (1,83m) de largeur a 4 laizes et une murale de 12\u2032 (3,66m) de largeur a 8 laizes.<\/p>\n<p>-Murale en papier\u00a0peint pr\u00e9encoll\u00e9e, lavable, s\u2019enl\u00e8ve \u00e0 sec et r\u00e9utilisable. Facile \u00e0 installer, se pose comme du papier\u00a0peint (tapisserie).<\/p>\n<p>-murales Alpes Autrichiennes, photo murale Alpes Autrichiennes, murales en papier peint de montages, papier peint des Alpes, tapisserie de montagnes<\/p>\n","protected":false},"excerpt":{"rendered":"<p>-Village de Hallstatt dans les Alpes Autrichiennes. Murale en papier peint du pittoresque village de Hallstatt dans les Alpes Autrichiennes. -La murale comprend des laizes de 18\u2033 (45cm) de largeur. Par exemple, une murale de 6\u2032 (1,83m) de largeur a 4 laizes et une murale de 12\u2032 (3,66m) de largeur a 8 laizes. -Murale en [&hellip;]<\/p>\n","protected":false},"featured_media":31870,"template":"","meta":{"_acf_changed":false},"product_brand":[203],"product_cat":[153,141,401],"product_tag":[9790,9517,8691,9534,9135,9208,9209,9219,9388,9137,9510],"class_list":{"0":"post-10649","1":"product","2":"type-product","3":"status-publish","4":"has-post-thumbnail","6":"product_brand-muralunique-com","7":"product_cat-eau-et-plages","8":"product_cat-nature-et-paysages","9":"product_cat-tous-nos-produits","10":"product_tag-autriche-fr","11":"product_tag-eau","12":"product_tag-europe-fr","13":"product_tag-hiver","14":"product_tag-lac","15":"product_tag-montagne","16":"product_tag-montagnes","17":"product_tag-nature-fr","18":"product_tag-neige","19":"product_tag-paysage","20":"product_tag-village-fr","22":"first","23":"instock","24":"taxable","25":"shipping-taxable","26":"purchasable","27":"product-type-variable","28":"has-default-attributes"},"acf":[],"_links":{"self":[{"href":"https:\/\/www.muralunique.com\/fr\/wp-json\/wp\/v2\/product\/10649","targetHints":{"allow":["GET"]}}],"collection":[{"href":"https:\/\/www.muralunique.com\/fr\/wp-json\/wp\/v2\/product"}],"about":[{"href":"https:\/\/www.muralunique.com\/fr\/wp-json\/wp\/v2\/types\/product"}],"wp:featuredmedia":[{"embeddable":true,"href":"https:\/\/www.muralunique.com\/fr\/wp-json\/wp\/v2\/media\/31870"}],"wp:attachment":[{"href":"https:\/\/www.muralunique.com\/fr\/wp-json\/wp\/v2\/media?parent=10649"}],"wp:term":[{"taxonomy":"product_brand","embeddable":true,"href":"https:\/\/www.muralunique.com\/fr\/wp-json\/wp\/v2\/product_brand?post=10649"},{"taxonomy":"product_cat","embeddable":true,"href":"https:\/\/www.muralunique.com\/fr\/wp-json\/wp\/v2\/product_cat?post=10649"},{"taxonomy":"product_tag","embeddable":true,"href":"https:\/\/www.muralunique.com\/fr\/wp-json\/wp\/v2\/product_tag?post=10649"}],"curies":[{"name":"wp","href":"https:\/\/api.w.org\/{rel}","templated":true}]}}