{"id":10657,"date":"2018-10-25T12:24:58","date_gmt":"2018-10-25T12:24:58","guid":{"rendered":"https:\/\/muralunique.com\/?post_type=product&#038;p=10657"},"modified":"2022-03-16T17:38:27","modified_gmt":"2022-03-16T21:38:27","slug":"plage-de-letat-de-ceara-au-bresil","status":"publish","type":"product","link":"https:\/\/www.muralunique.com\/fr\/produit\/plage-de-letat-de-ceara-au-bresil\/","title":{"rendered":"Plage de l&#8217;\u00c9tat de Cear\u00e0 au Br\u00e9sil"},"content":{"rendered":"<p>-Murale en papier peint de la c\u00e9l\u00e8bre plage de l&#8217;\u00e9tat de Cear\u00e0 au Br\u00e9sil. Transformez votre salle de bain, ou n&#8217;importe quelle pi\u00e8ce, avec cette magnifique murale de plage.<\/p>\n<p>-La murale comprend des laizes de 18&#8243; (45cm) de largeur. Par exemple, une murale de 6&#8242; (1,83m) de largeur a 4 laizes et une murale de 12&#8242; (3,66m) de largeur a 8 laizes.<\/p>\n<p>-Murale en papier\u00a0peint pr\u00e9encoll\u00e9e, lavable, s&#8217;enl\u00e8ve \u00e0 sec et r\u00e9utilisable. Facile \u00e0 installer, se pose comme du papier\u00a0peint (tapisserie).<\/p>\n<p>-murale de plage, murales en papier peint de plage, tapisserie de plage, murales de palmiers, papier peint de palmiers, tapisserie de palmiers<\/p>\n","protected":false},"excerpt":{"rendered":"<p>-Murale en papier peint de la c\u00e9l\u00e8bre plage de l&#8217;\u00e9tat de Cear\u00e0 au Br\u00e9sil. Transformez votre salle de bain, ou n&#8217;importe quelle pi\u00e8ce, avec cette magnifique murale de plage. -La murale comprend des laizes de 18&#8243; (45cm) de largeur. Par exemple, une murale de 6&#8242; (1,83m) de largeur a 4 laizes et une murale de [&hellip;]<\/p>\n","protected":false},"featured_media":31872,"template":"","meta":{"_acf_changed":false},"product_brand":[203],"product_cat":[153,141,401],"product_tag":[9517,9352,9231,10138,9242,8806,8807],"class_list":{"0":"post-10657","1":"product","2":"type-product","3":"status-publish","4":"has-post-thumbnail","6":"product_brand-muralunique-com","7":"product_cat-eau-et-plages","8":"product_cat-nature-et-paysages","9":"product_cat-tous-nos-produits","10":"product_tag-eau","11":"product_tag-mer","12":"product_tag-ocean-fr-2","13":"product_tag-palmier-fr","14":"product_tag-palmiers","15":"product_tag-plage","16":"product_tag-plages","18":"first","19":"instock","20":"taxable","21":"shipping-taxable","22":"purchasable","23":"product-type-variable","24":"has-default-attributes"},"acf":[],"_links":{"self":[{"href":"https:\/\/www.muralunique.com\/fr\/wp-json\/wp\/v2\/product\/10657","targetHints":{"allow":["GET"]}}],"collection":[{"href":"https:\/\/www.muralunique.com\/fr\/wp-json\/wp\/v2\/product"}],"about":[{"href":"https:\/\/www.muralunique.com\/fr\/wp-json\/wp\/v2\/types\/product"}],"wp:featuredmedia":[{"embeddable":true,"href":"https:\/\/www.muralunique.com\/fr\/wp-json\/wp\/v2\/media\/31872"}],"wp:attachment":[{"href":"https:\/\/www.muralunique.com\/fr\/wp-json\/wp\/v2\/media?parent=10657"}],"wp:term":[{"taxonomy":"product_brand","embeddable":true,"href":"https:\/\/www.muralunique.com\/fr\/wp-json\/wp\/v2\/product_brand?post=10657"},{"taxonomy":"product_cat","embeddable":true,"href":"https:\/\/www.muralunique.com\/fr\/wp-json\/wp\/v2\/product_cat?post=10657"},{"taxonomy":"product_tag","embeddable":true,"href":"https:\/\/www.muralunique.com\/fr\/wp-json\/wp\/v2\/product_tag?post=10657"}],"curies":[{"name":"wp","href":"https:\/\/api.w.org\/{rel}","templated":true}]}}