{"id":10699,"date":"2018-11-16T10:31:34","date_gmt":"2018-11-16T10:31:34","guid":{"rendered":"https:\/\/muralunique.com\/?post_type=product&#038;p=10699"},"modified":"2025-09-30T16:19:54","modified_gmt":"2025-09-30T20:19:54","slug":"fleurs-de-dahlia","status":"publish","type":"product","link":"https:\/\/www.muralunique.com\/fr\/produit\/fleurs-de-dahlia\/","title":{"rendered":"Fleurs de Dahlia"},"content":{"rendered":"<p>-Murale en papier peint d&#8217;un plan rapproch\u00e9 de fleurs de dahlia dans les tons de blanc, rose et mauve. Une image florale color\u00e9e d&#8217;une r\u00e9solution et d&#8217;une qualit\u00e9 exceptionelle (500 M\u00e9gaPixels).<\/p>\n<p>-La murale comprend des laizes de 18&#8243; (45cm) de largeur. Par exemple, une murale de 6&#8242; (1,83m) de largeur a 4 laizes et une murale de 12&#8242; (3,66m) de largeur a 8 laizes.<\/p>\n<p>-Murale en papier\u00a0peint pr\u00e9encoll\u00e9e, lavable, s&#8217;enl\u00e8ve \u00e0 sec et r\u00e9utilisable. Facile \u00e0 installer, se pose comme du papier\u00a0peint (tapisserie).<\/p>\n<p>-Photographie de Donn Petelka. Vous pouvez obtenir plus d&#8217;informations \u00e0 cette adresse:\u00a0<a href=\"mailto:donnpetelka@gmail.com\" target=\"_blank\" rel=\"noopener noreferrer\">donnpetelka@gmail.com<\/a>.<\/p>\n<p>-murale de fleurs de dahlia, murale de dahlias, murale en papier peint de fleurs, tapisserie de fleurs, papier peint floral<\/p>\n","protected":false},"excerpt":{"rendered":"<p>-Murale en papier peint d&#8217;un plan rapproch\u00e9 de fleurs de dahlia dans les tons de blanc, rose et mauve. Une image florale color\u00e9e d&#8217;une r\u00e9solution et d&#8217;une qualit\u00e9 exceptionelle (500 M\u00e9gaPixels). -La murale comprend des laizes de 18&#8243; (45cm) de largeur. Par exemple, une murale de 6&#8242; (1,83m) de largeur a 4 laizes et une [&hellip;]<\/p>\n","protected":false},"featured_media":86773,"template":"","meta":{"_acf_changed":false},"product_brand":[197],"product_cat":[150,401,427],"product_tag":[9010,9006,8905],"class_list":{"0":"post-10699","1":"product","2":"type-product","3":"status-publish","4":"has-post-thumbnail","6":"artist-donn-petelka-fr","7":"product_brand-donn-petelka-2","8":"product_cat-fleurs-et-feuillages","9":"product_cat-tous-nos-produits","10":"product_cat-ultra-haute-d-finition-photos","11":"product_tag-fleurs","12":"product_tag-floral-fr","13":"product_tag-plan-rapproche","15":"first","16":"instock","17":"taxable","18":"shipping-taxable","19":"purchasable","20":"product-type-variable","21":"has-default-attributes"},"acf":[],"_links":{"self":[{"href":"https:\/\/www.muralunique.com\/fr\/wp-json\/wp\/v2\/product\/10699","targetHints":{"allow":["GET"]}}],"collection":[{"href":"https:\/\/www.muralunique.com\/fr\/wp-json\/wp\/v2\/product"}],"about":[{"href":"https:\/\/www.muralunique.com\/fr\/wp-json\/wp\/v2\/types\/product"}],"wp:featuredmedia":[{"embeddable":true,"href":"https:\/\/www.muralunique.com\/fr\/wp-json\/wp\/v2\/media\/86773"}],"wp:attachment":[{"href":"https:\/\/www.muralunique.com\/fr\/wp-json\/wp\/v2\/media?parent=10699"}],"wp:term":[{"taxonomy":"product_brand","embeddable":true,"href":"https:\/\/www.muralunique.com\/fr\/wp-json\/wp\/v2\/product_brand?post=10699"},{"taxonomy":"product_cat","embeddable":true,"href":"https:\/\/www.muralunique.com\/fr\/wp-json\/wp\/v2\/product_cat?post=10699"},{"taxonomy":"product_tag","embeddable":true,"href":"https:\/\/www.muralunique.com\/fr\/wp-json\/wp\/v2\/product_tag?post=10699"}],"curies":[{"name":"wp","href":"https:\/\/api.w.org\/{rel}","templated":true}]}}