{"id":10713,"date":"2018-12-05T12:39:46","date_gmt":"2018-12-05T12:39:46","guid":{"rendered":"https:\/\/muralunique.com\/?post_type=product&#038;p=10713"},"modified":"2022-03-16T17:38:26","modified_gmt":"2022-03-16T21:38:26","slug":"plage-sur-la-mer-noire","status":"publish","type":"product","link":"https:\/\/www.muralunique.com\/fr\/produit\/plage-sur-la-mer-noire\/","title":{"rendered":"Plage sur la Mer Noire"},"content":{"rendered":"<p>-Photo murale en papier peint d&#8217;une plage sur la mer Noire.\u00a0La mer Noire est un corps d\u2019eau et une mer marginale de l\u2019oc\u00e9an Atlantique entre l\u2019Europe de l\u2019Est, le Caucase et l\u2019Asie occidentale (<a href=\"https:\/\/fr.wikipedia.org\/wiki\/Mer_Noire\" rel=\"nofollow noopener\" target=\"_blank\">www.wikipedia.org<\/a>).<\/p>\n<p>-La murale comprend des laizes de 18&#8243; (45cm) de largeur. Par exemple, une murale de 6&#8242; (1,83m) de largeur a 4 laizes et une murale de 12&#8242; (3,66m) de largeur a 8 laizes.<\/p>\n<p>-Murale en papier\u00a0peint pr\u00e9encoll\u00e9e, lavable, s&#8217;enl\u00e8ve \u00e0 sec et r\u00e9utilisable. Facile \u00e0 installer, se pose comme du papier\u00a0peint (tapisserie).<\/p>\n<p>-murales\u00a0de plages, murales\u00a0en papier peint de plages, murale de plage, murale en papier peint de plage, tapisserie de plage, papier peint de plage<\/p>\n","protected":false},"excerpt":{"rendered":"<p>-Photo murale en papier peint d&#8217;une plage sur la mer Noire.\u00a0La mer Noire est un corps d\u2019eau et une mer marginale de l\u2019oc\u00e9an Atlantique entre l\u2019Europe de l\u2019Est, le Caucase et l\u2019Asie occidentale (www.wikipedia.org). -La murale comprend des laizes de 18&#8243; (45cm) de largeur. Par exemple, une murale de 6&#8242; (1,83m) de largeur a 4 [&hellip;]<\/p>\n","protected":false},"featured_media":31874,"template":"","meta":{"_acf_changed":false},"product_brand":[203],"product_cat":[153,141,401],"product_tag":[9517,8691,9352,9219,9231,9137,8806,8807,9349],"class_list":{"0":"post-10713","1":"product","2":"type-product","3":"status-publish","4":"has-post-thumbnail","6":"product_brand-muralunique-com","7":"product_cat-eau-et-plages","8":"product_cat-nature-et-paysages","9":"product_cat-tous-nos-produits","10":"product_tag-eau","11":"product_tag-europe-fr","12":"product_tag-mer","13":"product_tag-nature-fr","14":"product_tag-ocean-fr-2","15":"product_tag-paysage","16":"product_tag-plage","17":"product_tag-plages","18":"product_tag-sable","20":"first","21":"instock","22":"taxable","23":"shipping-taxable","24":"purchasable","25":"product-type-variable","26":"has-default-attributes"},"acf":[],"_links":{"self":[{"href":"https:\/\/www.muralunique.com\/fr\/wp-json\/wp\/v2\/product\/10713","targetHints":{"allow":["GET"]}}],"collection":[{"href":"https:\/\/www.muralunique.com\/fr\/wp-json\/wp\/v2\/product"}],"about":[{"href":"https:\/\/www.muralunique.com\/fr\/wp-json\/wp\/v2\/types\/product"}],"wp:featuredmedia":[{"embeddable":true,"href":"https:\/\/www.muralunique.com\/fr\/wp-json\/wp\/v2\/media\/31874"}],"wp:attachment":[{"href":"https:\/\/www.muralunique.com\/fr\/wp-json\/wp\/v2\/media?parent=10713"}],"wp:term":[{"taxonomy":"product_brand","embeddable":true,"href":"https:\/\/www.muralunique.com\/fr\/wp-json\/wp\/v2\/product_brand?post=10713"},{"taxonomy":"product_cat","embeddable":true,"href":"https:\/\/www.muralunique.com\/fr\/wp-json\/wp\/v2\/product_cat?post=10713"},{"taxonomy":"product_tag","embeddable":true,"href":"https:\/\/www.muralunique.com\/fr\/wp-json\/wp\/v2\/product_tag?post=10713"}],"curies":[{"name":"wp","href":"https:\/\/api.w.org\/{rel}","templated":true}]}}