{"id":10724,"date":"2018-12-11T13:48:18","date_gmt":"2018-12-11T13:48:18","guid":{"rendered":"https:\/\/muralunique.com\/?post_type=product&#038;p=10724"},"modified":"2022-03-16T17:38:26","modified_gmt":"2022-03-16T21:38:26","slug":"soleil-dans-une-foret-de-hetres","status":"publish","type":"product","link":"https:\/\/www.muralunique.com\/fr\/produit\/soleil-dans-une-foret-de-hetres\/","title":{"rendered":"Soleil dans une For\u00eat de H\u00eatres"},"content":{"rendered":"<p>-Murale ensoleill\u00e9e d&#8217;une for\u00eat de h\u00eatres. Cette murale de la nature donnera une atmosph\u00e8re de d\u00e9tente \u00e0 n&#8217;importe quelle pi\u00e8ce de votre int\u00e9rieur.<\/p>\n<p>-La murale comprend des laizes de 18\u2033 (45cm) de largeur. Par exemple, une murale de 6\u2032 (1,83m) de largeur a 4 laizes et une murale de 12\u2032 (3,66m) de largeur a 8 laizes.<\/p>\n<p>-Murale en papier\u00a0peint pr\u00e9encoll\u00e9e, lavable, s\u2019enl\u00e8ve \u00e0 sec et r\u00e9utilisable. Facile \u00e0 installer, se pose comme du papier\u00a0peint (tapisserie).<\/p>\n<p>-murale de for\u00eat, murale en papier peint de for\u00eat, tapisserie de for\u00eat, papier peint de for\u00eat, photo murale de for\u00eat<\/p>\n","protected":false},"excerpt":{"rendered":"<p>-Murale ensoleill\u00e9e d&#8217;une for\u00eat de h\u00eatres. Cette murale de la nature donnera une atmosph\u00e8re de d\u00e9tente \u00e0 n&#8217;importe quelle pi\u00e8ce de votre int\u00e9rieur. -La murale comprend des laizes de 18\u2033 (45cm) de largeur. Par exemple, une murale de 6\u2032 (1,83m) de largeur a 4 laizes et une murale de 12\u2032 (3,66m) de largeur a 8 [&hellip;]<\/p>\n","protected":false},"featured_media":31880,"template":"","meta":{"_acf_changed":false},"product_brand":[],"product_cat":[141,401],"product_tag":[9478,9431,9019,8812,8813,9219,9137],"class_list":{"0":"post-10724","1":"product","2":"type-product","3":"status-publish","4":"has-post-thumbnail","6":"product_cat-nature-et-paysages","7":"product_cat-tous-nos-produits","8":"product_tag-arbres","9":"product_tag-ensoleille","10":"product_tag-foret","11":"product_tag-hetre","12":"product_tag-hetres","13":"product_tag-nature-fr","14":"product_tag-paysage","16":"first","17":"instock","18":"taxable","19":"shipping-taxable","20":"purchasable","21":"product-type-variable","22":"has-default-attributes"},"acf":[],"_links":{"self":[{"href":"https:\/\/www.muralunique.com\/fr\/wp-json\/wp\/v2\/product\/10724","targetHints":{"allow":["GET"]}}],"collection":[{"href":"https:\/\/www.muralunique.com\/fr\/wp-json\/wp\/v2\/product"}],"about":[{"href":"https:\/\/www.muralunique.com\/fr\/wp-json\/wp\/v2\/types\/product"}],"wp:featuredmedia":[{"embeddable":true,"href":"https:\/\/www.muralunique.com\/fr\/wp-json\/wp\/v2\/media\/31880"}],"wp:attachment":[{"href":"https:\/\/www.muralunique.com\/fr\/wp-json\/wp\/v2\/media?parent=10724"}],"wp:term":[{"taxonomy":"product_brand","embeddable":true,"href":"https:\/\/www.muralunique.com\/fr\/wp-json\/wp\/v2\/product_brand?post=10724"},{"taxonomy":"product_cat","embeddable":true,"href":"https:\/\/www.muralunique.com\/fr\/wp-json\/wp\/v2\/product_cat?post=10724"},{"taxonomy":"product_tag","embeddable":true,"href":"https:\/\/www.muralunique.com\/fr\/wp-json\/wp\/v2\/product_tag?post=10724"}],"curies":[{"name":"wp","href":"https:\/\/api.w.org\/{rel}","templated":true}]}}