{"id":10744,"date":"2018-12-27T12:24:55","date_gmt":"2018-12-27T12:24:55","guid":{"rendered":"https:\/\/muralunique.com\/?post_type=product&#038;p=10744"},"modified":"2022-06-14T11:07:56","modified_gmt":"2022-06-14T15:07:56","slug":"ete-a-laube-dans-une-foret-de-hetres","status":"publish","type":"product","link":"https:\/\/www.muralunique.com\/fr\/produit\/ete-a-laube-dans-une-foret-de-hetres\/","title":{"rendered":"\u00c9t\u00e9 \u00e0 l&#8217;Aube dans une For\u00eat de H\u00eatres"},"content":{"rendered":"<p>-Murale en papier peint de la nature d&#8217;un petit sentier dans une for\u00eat de h\u00eatres. Cette murale trompe l&#8217;oeil donnera de la profondeur \u00e0 n&#8217;importe pi\u00e8ce de votre int\u00e9rieur.<\/p>\n<p>-La murale comprend des laizes de 18\u2033 (45cm) de largeur. Par exemple, une murale de 6\u2032 (1,83m) de largeur a 4 laizes et une murale de 12\u2032 (3,66m) de largeur a 8 laizes.<\/p>\n<p>-Murale en papier\u00a0peint pr\u00e9encoll\u00e9e, lavable, s\u2019enl\u00e8ve \u00e0 sec et r\u00e9utilisable. Facile \u00e0 installer, se pose comme du papier\u00a0peint (tapisserie).<\/p>\n<p>-murale for\u00eat de h\u00eatres, murale de la nature, murale de for\u00eat, murale en papier peint de for\u00eat, tapisserie de for\u00eat, papier peint de for\u00eat<\/p>\n","protected":false},"excerpt":{"rendered":"<p>-Murale en papier peint de la nature d&#8217;un petit sentier dans une for\u00eat de h\u00eatres. Cette murale trompe l&#8217;oeil donnera de la profondeur \u00e0 n&#8217;importe pi\u00e8ce de votre int\u00e9rieur. -La murale comprend des laizes de 18\u2033 (45cm) de largeur. Par exemple, une murale de 6\u2032 (1,83m) de largeur a 4 laizes et une murale de [&hellip;]<\/p>\n","protected":false},"featured_media":65573,"template":"","meta":{"_acf_changed":false},"product_brand":[203],"product_cat":[141,305,401,163],"product_tag":[9478,8938,8864,9258,9427,9019,8812,8813,9219,9261,9137,9331,9467,9483,9612,9485],"class_list":{"0":"post-10744","1":"product","2":"type-product","3":"status-publish","4":"has-post-thumbnail","6":"product_brand-muralunique-com","7":"product_cat-nature-et-paysages","8":"product_cat-produits-vedettes","9":"product_cat-tous-nos-produits","10":"product_cat-trompe-loeil","11":"product_tag-arbres","12":"product_tag-aube","13":"product_tag-calme","14":"product_tag-chemin","15":"product_tag-ete","16":"product_tag-foret","17":"product_tag-hetre","18":"product_tag-hetres","19":"product_tag-nature-fr","20":"product_tag-paisible","21":"product_tag-paysage","22":"product_tag-route","23":"product_tag-tranquilite","24":"product_tag-trompe-l-oeil","25":"product_tag-trompe-loeil-fr","26":"product_tag-trompe-oeil-fr","28":"first","29":"instock","30":"taxable","31":"shipping-taxable","32":"purchasable","33":"product-type-variable","34":"has-default-attributes"},"acf":[],"_links":{"self":[{"href":"https:\/\/www.muralunique.com\/fr\/wp-json\/wp\/v2\/product\/10744","targetHints":{"allow":["GET"]}}],"collection":[{"href":"https:\/\/www.muralunique.com\/fr\/wp-json\/wp\/v2\/product"}],"about":[{"href":"https:\/\/www.muralunique.com\/fr\/wp-json\/wp\/v2\/types\/product"}],"wp:featuredmedia":[{"embeddable":true,"href":"https:\/\/www.muralunique.com\/fr\/wp-json\/wp\/v2\/media\/65573"}],"wp:attachment":[{"href":"https:\/\/www.muralunique.com\/fr\/wp-json\/wp\/v2\/media?parent=10744"}],"wp:term":[{"taxonomy":"product_brand","embeddable":true,"href":"https:\/\/www.muralunique.com\/fr\/wp-json\/wp\/v2\/product_brand?post=10744"},{"taxonomy":"product_cat","embeddable":true,"href":"https:\/\/www.muralunique.com\/fr\/wp-json\/wp\/v2\/product_cat?post=10744"},{"taxonomy":"product_tag","embeddable":true,"href":"https:\/\/www.muralunique.com\/fr\/wp-json\/wp\/v2\/product_tag?post=10744"}],"curies":[{"name":"wp","href":"https:\/\/api.w.org\/{rel}","templated":true}]}}