{"id":10781,"date":"2019-01-05T11:13:58","date_gmt":"2019-01-05T11:13:58","guid":{"rendered":"https:\/\/muralunique.com\/?post_type=product&#038;p=10781"},"modified":"2022-04-16T19:43:59","modified_gmt":"2022-04-16T23:43:59","slug":"plantation-de-the-vert","status":"publish","type":"product","link":"https:\/\/www.muralunique.com\/fr\/produit\/plantation-de-the-vert\/","title":{"rendered":"Plantation de Th\u00e9 Vert"},"content":{"rendered":"<p>-Plantation de Th\u00e9 Vert. Photo murale originale d&#8217;une magnifique vue d&#8217;une plantation de th\u00e9 vert en Asie. Une murale id\u00e9ale pour une boutique de th\u00e9.<\/p>\n<p>-La murale comprend des laizes de 18&#8243; (45cm) de largeur. Par exemple, une murale de 6&#8242; (1,83m) de largeur a 4 laizes et une murale de 12&#8242; (3,66m) de largeur a 8 laizes.<\/p>\n<p>-Murale en papier\u00a0peint pr\u00e9encoll\u00e9e, lavable, s&#8217;enl\u00e8ve \u00e0 sec et r\u00e9utilisable. Facile \u00e0 installer, se pose comme du papier\u00a0peint (tapisserie).<\/p>\n<p>-murale d&#8217;une plantation de th\u00e9 vert, murale en papier peint de th\u00e9 vert, tapisserie de th\u00e9, papier peint de th\u00e9, murales d&#8217;une plantation de th\u00e9 vert<\/p>\n","protected":false},"excerpt":{"rendered":"<p>-Plantation de Th\u00e9 Vert. Photo murale originale d&#8217;une magnifique vue d&#8217;une plantation de th\u00e9 vert en Asie. Une murale id\u00e9ale pour une boutique de th\u00e9. -La murale comprend des laizes de 18&#8243; (45cm) de largeur. Par exemple, une murale de 6&#8242; (1,83m) de largeur a 4 laizes et une murale de 12&#8242; (3,66m) de largeur [&hellip;]<\/p>\n","protected":false},"featured_media":31888,"template":"","meta":{"_acf_changed":false},"product_brand":[203],"product_cat":[471,141,138,401],"product_tag":[8784,8783,8994,9219,9016,9238,9137,9438],"class_list":{"0":"post-10781","1":"product","2":"type-product","3":"status-publish","4":"has-post-thumbnail","6":"product_brand-muralunique-com","7":"product_cat-cuisine-nourriture","8":"product_cat-nature-et-paysages","9":"product_cat-oriental-religion-spiritualite","10":"product_cat-tous-nos-produits","11":"product_tag-asiatique","12":"product_tag-asie","13":"product_tag-champ","14":"product_tag-nature-fr","15":"product_tag-nourriture","16":"product_tag-oriental-fr","17":"product_tag-paysage","18":"product_tag-the","20":"first","21":"instock","22":"taxable","23":"shipping-taxable","24":"purchasable","25":"product-type-variable","26":"has-default-attributes"},"acf":[],"_links":{"self":[{"href":"https:\/\/www.muralunique.com\/fr\/wp-json\/wp\/v2\/product\/10781","targetHints":{"allow":["GET"]}}],"collection":[{"href":"https:\/\/www.muralunique.com\/fr\/wp-json\/wp\/v2\/product"}],"about":[{"href":"https:\/\/www.muralunique.com\/fr\/wp-json\/wp\/v2\/types\/product"}],"wp:featuredmedia":[{"embeddable":true,"href":"https:\/\/www.muralunique.com\/fr\/wp-json\/wp\/v2\/media\/31888"}],"wp:attachment":[{"href":"https:\/\/www.muralunique.com\/fr\/wp-json\/wp\/v2\/media?parent=10781"}],"wp:term":[{"taxonomy":"product_brand","embeddable":true,"href":"https:\/\/www.muralunique.com\/fr\/wp-json\/wp\/v2\/product_brand?post=10781"},{"taxonomy":"product_cat","embeddable":true,"href":"https:\/\/www.muralunique.com\/fr\/wp-json\/wp\/v2\/product_cat?post=10781"},{"taxonomy":"product_tag","embeddable":true,"href":"https:\/\/www.muralunique.com\/fr\/wp-json\/wp\/v2\/product_tag?post=10781"}],"curies":[{"name":"wp","href":"https:\/\/api.w.org\/{rel}","templated":true}]}}