{"id":10828,"date":"2019-01-06T10:24:40","date_gmt":"2019-01-06T10:24:40","guid":{"rendered":"https:\/\/muralunique.com\/?post_type=product&#038;p=10828"},"modified":"2023-11-28T13:10:51","modified_gmt":"2023-11-28T18:10:51","slug":"toile-de-coquelicots","status":"publish","type":"product","link":"https:\/\/www.muralunique.com\/fr\/produit\/toile-de-coquelicots\/","title":{"rendered":"Toile de Coquelicots"},"content":{"rendered":"<p>-Murale en papier peint d&#8217;une toile de coquelicots rouges. Cette murale de fleurs originale donnera une touche moderne \u00e0 vos murs.<\/p>\n<p>-La murale comprend des laizes de 18\u2033 (45cm) de largeur. Par exemple, une murale de 6\u2032 (1,83m) de largeur a 4 laizes et une murale de 12\u2032 (3,66m) de largeur a 8 laizes.<\/p>\n<p>-Murale en papier\u00a0peint pr\u00e9encoll\u00e9e, lavable, s\u2019enl\u00e8ve \u00e0 sec et r\u00e9utilisable. Facile \u00e0 installer, se pose comme du papier\u00a0peint (tapisserie).<\/p>\n<p>-murale de fleurs, murales de fleurs, murale en papier peint de fleurs, tapisserie de fleurs, papier peint de fleurs<\/p>\n","protected":false},"excerpt":{"rendered":"<p>-Murale en papier peint d&#8217;une toile de coquelicots rouges. Cette murale de fleurs originale donnera une touche moderne \u00e0 vos murs. -La murale comprend des laizes de 18\u2033 (45cm) de largeur. Par exemple, une murale de 6\u2032 (1,83m) de largeur a 4 laizes et une murale de 12\u2032 (3,66m) de largeur a 8 laizes. -Murale [&hellip;]<\/p>\n","protected":false},"featured_media":58059,"template":"","meta":{"_acf_changed":false},"product_brand":[203],"product_cat":[150,401],"product_tag":[9290,9291,9009,9010,9006,9187],"class_list":{"0":"post-10828","1":"product","2":"type-product","3":"status-publish","4":"has-post-thumbnail","6":"product_brand-muralunique-com","7":"product_cat-fleurs-et-feuillages","8":"product_cat-tous-nos-produits","9":"product_tag-coquelicot","10":"product_tag-coquelicots","11":"product_tag-fleur","12":"product_tag-fleurs","13":"product_tag-floral-fr","14":"product_tag-moderne","16":"first","17":"instock","18":"taxable","19":"shipping-taxable","20":"purchasable","21":"product-type-variable","22":"has-default-attributes"},"acf":[],"_links":{"self":[{"href":"https:\/\/www.muralunique.com\/fr\/wp-json\/wp\/v2\/product\/10828","targetHints":{"allow":["GET"]}}],"collection":[{"href":"https:\/\/www.muralunique.com\/fr\/wp-json\/wp\/v2\/product"}],"about":[{"href":"https:\/\/www.muralunique.com\/fr\/wp-json\/wp\/v2\/types\/product"}],"wp:featuredmedia":[{"embeddable":true,"href":"https:\/\/www.muralunique.com\/fr\/wp-json\/wp\/v2\/media\/58059"}],"wp:attachment":[{"href":"https:\/\/www.muralunique.com\/fr\/wp-json\/wp\/v2\/media?parent=10828"}],"wp:term":[{"taxonomy":"product_brand","embeddable":true,"href":"https:\/\/www.muralunique.com\/fr\/wp-json\/wp\/v2\/product_brand?post=10828"},{"taxonomy":"product_cat","embeddable":true,"href":"https:\/\/www.muralunique.com\/fr\/wp-json\/wp\/v2\/product_cat?post=10828"},{"taxonomy":"product_tag","embeddable":true,"href":"https:\/\/www.muralunique.com\/fr\/wp-json\/wp\/v2\/product_tag?post=10828"}],"curies":[{"name":"wp","href":"https:\/\/api.w.org\/{rel}","templated":true}]}}