{"id":10894,"date":"2019-01-14T18:40:03","date_gmt":"2019-01-14T18:40:03","guid":{"rendered":"https:\/\/muralunique.com\/?post_type=product&#038;p=10894"},"modified":"2022-03-16T17:38:25","modified_gmt":"2022-03-16T21:38:25","slug":"kaleidoscope","status":"publish","type":"product","link":"https:\/\/www.muralunique.com\/fr\/produit\/kaleidoscope\/","title":{"rendered":"Kal\u00e9idoscope"},"content":{"rendered":"<p>-Murale abstraite originale d&#8217;un kal\u00e9idoscope en noir et blanc. Tel que vu \u00e0 l&#8217;\u00c9mission <a href=\"http:\/\/www.canalvie.com\/emissions\/design-v-i-p-1.1092322\" rel=\"nofollow noopener\" target=\"_blank\">Design VIP<\/a>.<\/p>\n<p>-La murale comprend des laizes de 18&#8243; (45cm) de largeur. Par exemple, une murale de 6&#8242; (1,83m) de largeur a 4 laizes et une murale de 12&#8242; (3,66m) de largeur a 8 laizes.<\/p>\n<p>-Murale en papier\u00a0peint pr\u00e9encoll\u00e9e, lavable, s&#8217;enl\u00e8ve \u00e0 sec et r\u00e9utilisable. Facile \u00e0 installer, se pose comme du papier\u00a0peint (tapisserie).<\/p>\n<p>-murale de kal\u00e9idoscope, murale en papier peint de kal\u00e9idoscope, tapisserie en noir et blanc, murale en noir et blanc, papier peint en noir et blanc<\/p>\n","protected":false},"excerpt":{"rendered":"<p>-Murale abstraite originale d&#8217;un kal\u00e9idoscope en noir et blanc. Tel que vu \u00e0 l&#8217;\u00c9mission Design VIP. -La murale comprend des laizes de 18&#8243; (45cm) de largeur. Par exemple, une murale de 6&#8242; (1,83m) de largeur a 4 laizes et une murale de 12&#8242; (3,66m) de largeur a 8 laizes. -Murale en papier\u00a0peint pr\u00e9encoll\u00e9e, lavable, s&#8217;enl\u00e8ve [&hellip;]<\/p>\n","protected":false},"featured_media":10895,"template":"","meta":{"_acf_changed":false},"product_brand":[],"product_cat":[125,401,163],"product_tag":[8751,9483,9612,9485],"class_list":{"0":"post-10894","1":"product","2":"type-product","3":"status-publish","4":"has-post-thumbnail","6":"product_cat-abstrait-et-geometrie","7":"product_cat-tous-nos-produits","8":"product_cat-trompe-loeil","9":"product_tag-abstrait","10":"product_tag-trompe-l-oeil","11":"product_tag-trompe-loeil-fr","12":"product_tag-trompe-oeil-fr","14":"first","15":"instock","16":"taxable","17":"shipping-taxable","18":"purchasable","19":"product-type-variable","20":"has-default-attributes"},"acf":[],"_links":{"self":[{"href":"https:\/\/www.muralunique.com\/fr\/wp-json\/wp\/v2\/product\/10894","targetHints":{"allow":["GET"]}}],"collection":[{"href":"https:\/\/www.muralunique.com\/fr\/wp-json\/wp\/v2\/product"}],"about":[{"href":"https:\/\/www.muralunique.com\/fr\/wp-json\/wp\/v2\/types\/product"}],"wp:featuredmedia":[{"embeddable":true,"href":"https:\/\/www.muralunique.com\/fr\/wp-json\/wp\/v2\/media\/10895"}],"wp:attachment":[{"href":"https:\/\/www.muralunique.com\/fr\/wp-json\/wp\/v2\/media?parent=10894"}],"wp:term":[{"taxonomy":"product_brand","embeddable":true,"href":"https:\/\/www.muralunique.com\/fr\/wp-json\/wp\/v2\/product_brand?post=10894"},{"taxonomy":"product_cat","embeddable":true,"href":"https:\/\/www.muralunique.com\/fr\/wp-json\/wp\/v2\/product_cat?post=10894"},{"taxonomy":"product_tag","embeddable":true,"href":"https:\/\/www.muralunique.com\/fr\/wp-json\/wp\/v2\/product_tag?post=10894"}],"curies":[{"name":"wp","href":"https:\/\/api.w.org\/{rel}","templated":true}]}}