{"id":10964,"date":"2019-01-23T18:19:46","date_gmt":"2019-01-23T18:19:46","guid":{"rendered":"https:\/\/muralunique.com\/?post_type=product&#038;p=10964"},"modified":"2022-03-16T17:38:25","modified_gmt":"2022-03-16T21:38:25","slug":"pyramide-de-fleurs-parc-de-la-nature-laval-quebec","status":"publish","type":"product","link":"https:\/\/www.muralunique.com\/fr\/produit\/pyramide-de-fleurs-parc-de-la-nature-laval-quebec\/","title":{"rendered":"Pyramide de Fleurs, Parc de la Nature, Laval, Quebec"},"content":{"rendered":"<p>-Murale en papier peint color\u00e9e d&#8217;une pyramide de fleurs du Parc de la Nature \u00e0 Laval, Qu\u00e9bec, Canada.<\/p>\n<p>-La murale comprend des laizes de 18\u2033 (45cm) de largeur. Par exemple, une murale de 6\u2032 (1,83m) de largeur a 4 laizes et une murale de 12\u2032 (3,66m) de largeur a 8 laizes.<\/p>\n<p>-Murale en papier\u00a0peint pr\u00e9encoll\u00e9e, lavable, s\u2019enl\u00e8ve \u00e0 sec et r\u00e9utilisable. Facile \u00e0 installer, se pose comme du papier\u00a0peint (tapisserie).<\/p>\n<p>-Photo originale de Perry Mastrovito. Vous pouvez obtenir plus d&#8217;informations \u00e0 <a href=\"http:\/\/www.perrymastrovito.com\" rel=\"nofollow noopener\" target=\"_blank\">www.perrymastrovito.com<\/a>.<\/p>\n<p>-murale de la nature, murale en papier peint de paysages, murale de fleurs, murale de fleurs, murale en papier peint de fleurs<\/p>\n","protected":false},"excerpt":{"rendered":"<p>-Murale en papier peint color\u00e9e d&#8217;une pyramide de fleurs du Parc de la Nature \u00e0 Laval, Qu\u00e9bec, Canada. -La murale comprend des laizes de 18\u2033 (45cm) de largeur. Par exemple, une murale de 6\u2032 (1,83m) de largeur a 4 laizes et une murale de 12\u2032 (3,66m) de largeur a 8 laizes. -Murale en papier\u00a0peint pr\u00e9encoll\u00e9e, [&hellip;]<\/p>\n","protected":false},"featured_media":10965,"template":"","meta":{"_acf_changed":false},"product_brand":[191],"product_cat":[150,401,163],"product_tag":[8676,9010,9006,8705,9219,9306,9483,9612,9485],"class_list":{"0":"post-10964","1":"product","2":"type-product","3":"status-publish","4":"has-post-thumbnail","6":"artist-perry-mastrovito-fr","7":"product_brand-perry-mastrovito","8":"product_cat-fleurs-et-feuillages","9":"product_cat-tous-nos-produits","10":"product_cat-trompe-loeil","11":"product_tag-canada-fr","12":"product_tag-fleurs","13":"product_tag-floral-fr","14":"product_tag-laval-fr","15":"product_tag-nature-fr","16":"product_tag-quebec-fr","17":"product_tag-trompe-l-oeil","18":"product_tag-trompe-loeil-fr","19":"product_tag-trompe-oeil-fr","21":"first","22":"instock","23":"taxable","24":"shipping-taxable","25":"purchasable","26":"product-type-variable","27":"has-default-attributes"},"acf":[],"_links":{"self":[{"href":"https:\/\/www.muralunique.com\/fr\/wp-json\/wp\/v2\/product\/10964","targetHints":{"allow":["GET"]}}],"collection":[{"href":"https:\/\/www.muralunique.com\/fr\/wp-json\/wp\/v2\/product"}],"about":[{"href":"https:\/\/www.muralunique.com\/fr\/wp-json\/wp\/v2\/types\/product"}],"wp:featuredmedia":[{"embeddable":true,"href":"https:\/\/www.muralunique.com\/fr\/wp-json\/wp\/v2\/media\/10965"}],"wp:attachment":[{"href":"https:\/\/www.muralunique.com\/fr\/wp-json\/wp\/v2\/media?parent=10964"}],"wp:term":[{"taxonomy":"product_brand","embeddable":true,"href":"https:\/\/www.muralunique.com\/fr\/wp-json\/wp\/v2\/product_brand?post=10964"},{"taxonomy":"product_cat","embeddable":true,"href":"https:\/\/www.muralunique.com\/fr\/wp-json\/wp\/v2\/product_cat?post=10964"},{"taxonomy":"product_tag","embeddable":true,"href":"https:\/\/www.muralunique.com\/fr\/wp-json\/wp\/v2\/product_tag?post=10964"}],"curies":[{"name":"wp","href":"https:\/\/api.w.org\/{rel}","templated":true}]}}