{"id":11090,"date":"2019-02-14T12:32:15","date_gmt":"2019-02-14T12:32:15","guid":{"rendered":"https:\/\/muralunique.com\/?post_type=product&#038;p=11090"},"modified":"2024-02-06T11:28:57","modified_gmt":"2024-02-06T16:28:57","slug":"fleurs-de-dahlia-noir-et-blanc","status":"publish","type":"product","link":"https:\/\/www.muralunique.com\/fr\/produit\/fleurs-de-dahlia-noir-et-blanc\/","title":{"rendered":"Fleurs de Dahlia (Noir et Blanc)"},"content":{"rendered":"<p>-Murale en papier peint d&#8217;un plan rapproch\u00e9 de fleurs de dahlia en noir et blanc. La qualit\u00e9 (r\u00e9solution) de cette image est exceptionnelle (500 M\u00e9gaPixels).<\/p>\n<p>-La murale comprend des laizes de 18&#8243; (45cm) de largeur. Par exemple, une murale de 6&#8242; (1,83m) de largeur a 4 laizes et une murale de 12&#8242; (3,66m) de largeur a 8 laizes.<\/p>\n<p>-Murale en papier\u00a0peint pr\u00e9encoll\u00e9e, lavable, s&#8217;enl\u00e8ve \u00e0 sec et r\u00e9utilisable. Facile \u00e0 installer, se pose comme du papier\u00a0peint (tapisserie).<\/p>\n<p>-Photographie de Donn Petelka. Vous pouvez obtenir plus d&#8217;informations \u00e0 cette adresse:\u00a0<a href=\"mailto:donnpetelka@gmail.com\" target=\"_blank\" rel=\"noopener noreferrer\">donnpetelka@gmail.com<\/a>.<\/p>\n<p>-murale de fleurs en noir et blanc, murale en noir et blanc, murale de fleurs de dahlia, murale de dahlias, murale en papier peint de fleurs<\/p>\n","protected":false},"excerpt":{"rendered":"<p>-Murale en papier peint d&#8217;un plan rapproch\u00e9 de fleurs de dahlia en noir et blanc. La qualit\u00e9 (r\u00e9solution) de cette image est exceptionnelle (500 M\u00e9gaPixels). -La murale comprend des laizes de 18&#8243; (45cm) de largeur. Par exemple, une murale de 6&#8242; (1,83m) de largeur a 4 laizes et une murale de 12&#8242; (3,66m) de largeur [&hellip;]<\/p>\n","protected":false},"featured_media":62826,"template":"","meta":{"_acf_changed":false},"product_brand":[197],"product_cat":[150,305,401,427],"product_tag":[9944,9009,9010,9006,9167,8905],"class_list":{"0":"post-11090","1":"product","2":"type-product","3":"status-publish","4":"has-post-thumbnail","6":"artist-donn-petelka-fr","7":"product_brand-donn-petelka-2","8":"product_cat-fleurs-et-feuillages","9":"product_cat-produits-vedettes","10":"product_cat-tous-nos-produits","11":"product_cat-ultra-haute-d-finition-photos","12":"product_tag-bouquet-fr","13":"product_tag-fleur","14":"product_tag-fleurs","15":"product_tag-floral-fr","16":"product_tag-macro-fr","17":"product_tag-plan-rapproche","19":"first","20":"instock","21":"taxable","22":"shipping-taxable","23":"purchasable","24":"product-type-variable","25":"has-default-attributes"},"acf":[],"_links":{"self":[{"href":"https:\/\/www.muralunique.com\/fr\/wp-json\/wp\/v2\/product\/11090","targetHints":{"allow":["GET"]}}],"collection":[{"href":"https:\/\/www.muralunique.com\/fr\/wp-json\/wp\/v2\/product"}],"about":[{"href":"https:\/\/www.muralunique.com\/fr\/wp-json\/wp\/v2\/types\/product"}],"wp:featuredmedia":[{"embeddable":true,"href":"https:\/\/www.muralunique.com\/fr\/wp-json\/wp\/v2\/media\/62826"}],"wp:attachment":[{"href":"https:\/\/www.muralunique.com\/fr\/wp-json\/wp\/v2\/media?parent=11090"}],"wp:term":[{"taxonomy":"product_brand","embeddable":true,"href":"https:\/\/www.muralunique.com\/fr\/wp-json\/wp\/v2\/product_brand?post=11090"},{"taxonomy":"product_cat","embeddable":true,"href":"https:\/\/www.muralunique.com\/fr\/wp-json\/wp\/v2\/product_cat?post=11090"},{"taxonomy":"product_tag","embeddable":true,"href":"https:\/\/www.muralunique.com\/fr\/wp-json\/wp\/v2\/product_tag?post=11090"}],"curies":[{"name":"wp","href":"https:\/\/api.w.org\/{rel}","templated":true}]}}