{"id":11117,"date":"2019-02-26T10:36:22","date_gmt":"2019-02-26T10:36:22","guid":{"rendered":"https:\/\/muralunique.com\/?post_type=product&#038;p=11117"},"modified":"2022-10-12T12:43:21","modified_gmt":"2022-10-12T16:43:21","slug":"leopard-des-neiges","status":"publish","type":"product","link":"https:\/\/www.muralunique.com\/fr\/produit\/leopard-des-neiges\/","title":{"rendered":"L\u00e9opard des Neiges"},"content":{"rendered":"<p>-Photo murale d&#8217;un plan rapproch\u00e9 d&#8217;un l\u00e9opard des neiges. Cette murale est parfaite pour une chambre de fille ou une chambre de gar\u00e7on. Le l\u00e9opard des neiges est un grand chat originaire des montagnes de l&#8217;Asie centrale et m\u00e9ridionale. Il est class\u00e9 comme vuln\u00e9rable sur la <a href=\"https:\/\/fr.wikipedia.org\/wiki\/Liste_rouge_de_l%27UICN\" rel=\"nofollow noopener\" target=\"_blank\">liste rouge des esp\u00e8ces menac\u00e9es de l&#8217;UICN<\/a> (<a href=\"https:\/\/fr.wikipedia.org\/wiki\/Panth%C3%A8re_des_neiges\" rel=\"nofollow noopener\" target=\"_blank\">wikipedia.org<\/a>).<\/p>\n<p>-La murale comprend des laizes de 18\u2033 (45cm) de largeur. Par exemple, une murale de 6\u2032 (1,83m) de largeur a 4 laizes et une murale de 12\u2032 (3,66m) de largeur a 8 laizes.<\/p>\n<p>-Murale en papier\u00a0peint pr\u00e9encoll\u00e9e, lavable, s\u2019enl\u00e8ve \u00e0 sec et r\u00e9utilisable. Facile \u00e0 installer, se pose comme du papier\u00a0peint (tapisserie).<\/p>\n<p>-murale d&#8217;animaux, murales d&#8217;animaux, murale de l\u00e9opard, murale en papier peint d&#8217;un l\u00e9opard des neiges, tapisserie d&#8217;un l\u00e9opard des neiges<\/p>\n","protected":false},"excerpt":{"rendered":"<p>-Photo murale d&#8217;un plan rapproch\u00e9 d&#8217;un l\u00e9opard des neiges. Cette murale est parfaite pour une chambre de fille ou une chambre de gar\u00e7on. Le l\u00e9opard des neiges est un grand chat originaire des montagnes de l&#8217;Asie centrale et m\u00e9ridionale. Il est class\u00e9 comme vuln\u00e9rable sur la liste rouge des esp\u00e8ces menac\u00e9es de l&#8217;UICN (wikipedia.org). -La [&hellip;]<\/p>\n","protected":false},"featured_media":11118,"template":"","meta":{"_acf_changed":false},"product_brand":[203],"product_cat":[131,134,173,401],"product_tag":[8769,8784,8783,8879,9534,9146,9388,9524],"class_list":{"0":"post-11117","1":"product","2":"type-product","3":"status-publish","4":"has-post-thumbnail","6":"product_brand-muralunique-com","7":"product_cat-adolescents","8":"product_cat-animaux","9":"product_cat-enfants","10":"product_cat-tous-nos-produits","11":"product_tag-animaux","12":"product_tag-asiatique","13":"product_tag-asie","14":"product_tag-chats","15":"product_tag-hiver","16":"product_tag-leopards-fr","17":"product_tag-neige","18":"product_tag-sauvage","20":"first","21":"instock","22":"taxable","23":"shipping-taxable","24":"purchasable","25":"product-type-variable","26":"has-default-attributes"},"acf":[],"_links":{"self":[{"href":"https:\/\/www.muralunique.com\/fr\/wp-json\/wp\/v2\/product\/11117","targetHints":{"allow":["GET"]}}],"collection":[{"href":"https:\/\/www.muralunique.com\/fr\/wp-json\/wp\/v2\/product"}],"about":[{"href":"https:\/\/www.muralunique.com\/fr\/wp-json\/wp\/v2\/types\/product"}],"wp:featuredmedia":[{"embeddable":true,"href":"https:\/\/www.muralunique.com\/fr\/wp-json\/wp\/v2\/media\/11118"}],"wp:attachment":[{"href":"https:\/\/www.muralunique.com\/fr\/wp-json\/wp\/v2\/media?parent=11117"}],"wp:term":[{"taxonomy":"product_brand","embeddable":true,"href":"https:\/\/www.muralunique.com\/fr\/wp-json\/wp\/v2\/product_brand?post=11117"},{"taxonomy":"product_cat","embeddable":true,"href":"https:\/\/www.muralunique.com\/fr\/wp-json\/wp\/v2\/product_cat?post=11117"},{"taxonomy":"product_tag","embeddable":true,"href":"https:\/\/www.muralunique.com\/fr\/wp-json\/wp\/v2\/product_tag?post=11117"}],"curies":[{"name":"wp","href":"https:\/\/api.w.org\/{rel}","templated":true}]}}