{"id":11137,"date":"2019-03-05T19:30:57","date_gmt":"2019-03-05T19:30:57","guid":{"rendered":"https:\/\/muralunique.com\/?post_type=product&#038;p=11137"},"modified":"2022-03-16T17:38:23","modified_gmt":"2022-03-16T21:38:23","slug":"triangles-geometriques-corail","status":"publish","type":"product","link":"https:\/\/www.muralunique.com\/fr\/produit\/triangles-geometriques-corail\/","title":{"rendered":"Triangles G\u00e9om\u00e9triques Corail"},"content":{"rendered":"<p>-Triangles G\u00e9om\u00e9triques Corail.\u00a0Murale en papier peint abstraite de triangles g\u00e9om\u00e9triques couleur corail. Cette murale donnera de la vie \u00e0 n&#8217;importe quelle pi\u00e8ce de votre int\u00e9rieur.<\/p>\n<p>-La murale comprend des laizes de 18&#8243; (45cm) de largeur. Par exemple, une murale de 6&#8242; (1,83m) de largeur a 4 laizes et une murale de 12&#8242; (3,66m) de largeur a 8 laizes.<\/p>\n<p>-Murale en papier\u00a0peint pr\u00e9encoll\u00e9e, lavable, s&#8217;enl\u00e8ve \u00e0 sec et r\u00e9utilisable. Facile \u00e0 installer, se pose comme du papier\u00a0peint (tapisserie).<\/p>\n<p>-murale g\u00e9om\u00e9trique, murale en papier peint g\u00e9om\u00e9trique, papier peint g\u00e9om\u00e9trique, tapisserie g\u00e9om\u00e9trique, murale abstraite, papier peint abstrait<\/p>\n","protected":false},"excerpt":{"rendered":"<p>-Triangles G\u00e9om\u00e9triques Corail.\u00a0Murale en papier peint abstraite de triangles g\u00e9om\u00e9triques couleur corail. Cette murale donnera de la vie \u00e0 n&#8217;importe quelle pi\u00e8ce de votre int\u00e9rieur. -La murale comprend des laizes de 18&#8243; (45cm) de largeur. Par exemple, une murale de 6&#8242; (1,83m) de largeur a 4 laizes et une murale de 12&#8242; (3,66m) de largeur [&hellip;]<\/p>\n","protected":false},"featured_media":49560,"template":"","meta":{"_acf_changed":false},"product_brand":[203],"product_cat":[125,401],"product_tag":[8751,8922,9047,9049],"class_list":{"0":"post-11137","1":"product","2":"type-product","3":"status-publish","4":"has-post-thumbnail","6":"product_brand-muralunique-com","7":"product_cat-abstrait-et-geometrie","8":"product_cat-tous-nos-produits","9":"product_tag-abstrait","10":"product_tag-corail","11":"product_tag-geometrie","12":"product_tag-geometrique","14":"first","15":"instock","16":"taxable","17":"shipping-taxable","18":"purchasable","19":"product-type-variable","20":"has-default-attributes"},"acf":[],"_links":{"self":[{"href":"https:\/\/www.muralunique.com\/fr\/wp-json\/wp\/v2\/product\/11137","targetHints":{"allow":["GET"]}}],"collection":[{"href":"https:\/\/www.muralunique.com\/fr\/wp-json\/wp\/v2\/product"}],"about":[{"href":"https:\/\/www.muralunique.com\/fr\/wp-json\/wp\/v2\/types\/product"}],"wp:featuredmedia":[{"embeddable":true,"href":"https:\/\/www.muralunique.com\/fr\/wp-json\/wp\/v2\/media\/49560"}],"wp:attachment":[{"href":"https:\/\/www.muralunique.com\/fr\/wp-json\/wp\/v2\/media?parent=11137"}],"wp:term":[{"taxonomy":"product_brand","embeddable":true,"href":"https:\/\/www.muralunique.com\/fr\/wp-json\/wp\/v2\/product_brand?post=11137"},{"taxonomy":"product_cat","embeddable":true,"href":"https:\/\/www.muralunique.com\/fr\/wp-json\/wp\/v2\/product_cat?post=11137"},{"taxonomy":"product_tag","embeddable":true,"href":"https:\/\/www.muralunique.com\/fr\/wp-json\/wp\/v2\/product_tag?post=11137"}],"curies":[{"name":"wp","href":"https:\/\/api.w.org\/{rel}","templated":true}]}}