{"id":11145,"date":"2019-03-06T09:13:20","date_gmt":"2019-03-06T09:13:20","guid":{"rendered":"https:\/\/muralunique.com\/?post_type=product&#038;p=11145"},"modified":"2022-03-16T17:38:23","modified_gmt":"2022-03-16T21:38:23","slug":"arc-en-ciel-de-fruits-et-legumes","status":"publish","type":"product","link":"https:\/\/www.muralunique.com\/fr\/produit\/arc-en-ciel-de-fruits-et-legumes\/","title":{"rendered":"Arc-en-Ciel de Fruits et L\u00e9gumes"},"content":{"rendered":"<p>-Murale en papier peint color\u00e9e d&#8217;un arc-en-ciel de fruits et l\u00e9gumes. Cette murale ajoutera de la vie et de la couleur \u00e0 toute cuisine, salle \u00e0 manger, restaurant, etc&#8230;<\/p>\n<p>-La murale comprend des laizes de 18\u2033 (45cm) de largeur. Par exemple, une murale de 6\u2032 (1,83m) de largeur a 4 laizes et une murale de 12\u2032 (3,66m) de largeur a 8 laizes.<\/p>\n<p>-Murale en papier\u00a0peint pr\u00e9encoll\u00e9e, lavable, s\u2019enl\u00e8ve \u00e0 sec et r\u00e9utilisable. Facile \u00e0 installer, se pose comme du papier\u00a0peint (tapisserie).<\/p>\n<p>-murale en papier peint pour cuisine, tapisserie cuisine, papier peint cuisine, murale de fruits et l\u00e9gumes, papier peint de fruits et l\u00e9gumes<\/p>\n","protected":false},"excerpt":{"rendered":"<p>-Murale en papier peint color\u00e9e d&#8217;un arc-en-ciel de fruits et l\u00e9gumes. Cette murale ajoutera de la vie et de la couleur \u00e0 toute cuisine, salle \u00e0 manger, restaurant, etc&#8230; -La murale comprend des laizes de 18\u2033 (45cm) de largeur. Par exemple, une murale de 6\u2032 (1,83m) de largeur a 4 laizes et une murale de [&hellip;]<\/p>\n","protected":false},"featured_media":11146,"template":"","meta":{"_acf_changed":false},"product_brand":[203],"product_cat":[471,401],"product_tag":[9312,9035,9502,9016,9325],"class_list":{"0":"post-11145","1":"product","2":"type-product","3":"status-publish","4":"has-post-thumbnail","6":"product_brand-muralunique-com","7":"product_cat-cuisine-nourriture","8":"product_cat-tous-nos-produits","9":"product_tag-arc-en-ciel","10":"product_tag-fruits-fr","11":"product_tag-legumes","12":"product_tag-nourriture","13":"product_tag-restaurant-fr","15":"first","16":"instock","17":"taxable","18":"shipping-taxable","19":"purchasable","20":"product-type-variable","21":"has-default-attributes"},"acf":[],"_links":{"self":[{"href":"https:\/\/www.muralunique.com\/fr\/wp-json\/wp\/v2\/product\/11145","targetHints":{"allow":["GET"]}}],"collection":[{"href":"https:\/\/www.muralunique.com\/fr\/wp-json\/wp\/v2\/product"}],"about":[{"href":"https:\/\/www.muralunique.com\/fr\/wp-json\/wp\/v2\/types\/product"}],"wp:featuredmedia":[{"embeddable":true,"href":"https:\/\/www.muralunique.com\/fr\/wp-json\/wp\/v2\/media\/11146"}],"wp:attachment":[{"href":"https:\/\/www.muralunique.com\/fr\/wp-json\/wp\/v2\/media?parent=11145"}],"wp:term":[{"taxonomy":"product_brand","embeddable":true,"href":"https:\/\/www.muralunique.com\/fr\/wp-json\/wp\/v2\/product_brand?post=11145"},{"taxonomy":"product_cat","embeddable":true,"href":"https:\/\/www.muralunique.com\/fr\/wp-json\/wp\/v2\/product_cat?post=11145"},{"taxonomy":"product_tag","embeddable":true,"href":"https:\/\/www.muralunique.com\/fr\/wp-json\/wp\/v2\/product_tag?post=11145"}],"curies":[{"name":"wp","href":"https:\/\/api.w.org\/{rel}","templated":true}]}}