{"id":11152,"date":"2019-03-07T14:56:24","date_gmt":"2019-03-07T14:56:24","guid":{"rendered":"https:\/\/muralunique.com\/?post_type=product&#038;p=11152"},"modified":"2022-03-16T17:38:23","modified_gmt":"2022-03-16T21:38:23","slug":"cloture-de-campagne","status":"publish","type":"product","link":"https:\/\/www.muralunique.com\/fr\/produit\/cloture-de-campagne\/","title":{"rendered":"Cl\u00f4ture de Campagne"},"content":{"rendered":"<p>-Murale en papier peint d&#8217;une cl\u00f4ture de bois \u00e0 la campagne. Cette photo murale est un magnifique trompe l&#8217;oeil qui donnera de la profonfeur \u00e0 n&#8217;importe quelle pi\u00e8ce de votre int\u00e9rieur.<\/p>\n<p>-La murale comprend des laizes de 18&#8243; (45cm) de largeur. Par exemple, une murale de 6&#8242; (1,83m) de largeur a 4 laizes et une murale de 12&#8242; (3,66m) de largeur a 8 laizes.<\/p>\n<p>-Murale en papier\u00a0peint pr\u00e9encoll\u00e9e, lavable, s&#8217;enl\u00e8ve \u00e0 sec et r\u00e9utilisable. Facile \u00e0 installer, se pose comme du papier\u00a0peint (tapisserie).<\/p>\n<p>-murale trompe l&#8217;oeil, murale en papier peint trompe l&#8217;oeil, murale d&#8217;une cl\u00f4ture, papier peint trompe l&#8217;oeil, papier peint campagne<\/p>\n","protected":false},"excerpt":{"rendered":"<p>-Murale en papier peint d&#8217;une cl\u00f4ture de bois \u00e0 la campagne. Cette photo murale est un magnifique trompe l&#8217;oeil qui donnera de la profonfeur \u00e0 n&#8217;importe quelle pi\u00e8ce de votre int\u00e9rieur. -La murale comprend des laizes de 18&#8243; (45cm) de largeur. Par exemple, une murale de 6&#8242; (1,83m) de largeur a 4 laizes et une [&hellip;]<\/p>\n","protected":false},"featured_media":11153,"template":"","meta":{"_acf_changed":false},"product_brand":[203],"product_cat":[150,141,401,163],"product_tag":[9478,9538,8926,8990,9014,9219,8925,9137,9612,9485],"class_list":{"0":"post-11152","1":"product","2":"type-product","3":"status-publish","4":"has-post-thumbnail","6":"product_brand-muralunique-com","7":"product_cat-fleurs-et-feuillages","8":"product_cat-nature-et-paysages","9":"product_cat-tous-nos-produits","10":"product_cat-trompe-loeil","11":"product_tag-arbres","12":"product_tag-bois","13":"product_tag-campagne","14":"product_tag-cloture","15":"product_tag-feuillage","16":"product_tag-nature-fr","17":"product_tag-pays-fr","18":"product_tag-paysage","19":"product_tag-trompe-loeil-fr","20":"product_tag-trompe-oeil-fr","22":"first","23":"instock","24":"taxable","25":"shipping-taxable","26":"purchasable","27":"product-type-variable","28":"has-default-attributes"},"acf":[],"_links":{"self":[{"href":"https:\/\/www.muralunique.com\/fr\/wp-json\/wp\/v2\/product\/11152","targetHints":{"allow":["GET"]}}],"collection":[{"href":"https:\/\/www.muralunique.com\/fr\/wp-json\/wp\/v2\/product"}],"about":[{"href":"https:\/\/www.muralunique.com\/fr\/wp-json\/wp\/v2\/types\/product"}],"wp:featuredmedia":[{"embeddable":true,"href":"https:\/\/www.muralunique.com\/fr\/wp-json\/wp\/v2\/media\/11153"}],"wp:attachment":[{"href":"https:\/\/www.muralunique.com\/fr\/wp-json\/wp\/v2\/media?parent=11152"}],"wp:term":[{"taxonomy":"product_brand","embeddable":true,"href":"https:\/\/www.muralunique.com\/fr\/wp-json\/wp\/v2\/product_brand?post=11152"},{"taxonomy":"product_cat","embeddable":true,"href":"https:\/\/www.muralunique.com\/fr\/wp-json\/wp\/v2\/product_cat?post=11152"},{"taxonomy":"product_tag","embeddable":true,"href":"https:\/\/www.muralunique.com\/fr\/wp-json\/wp\/v2\/product_tag?post=11152"}],"curies":[{"name":"wp","href":"https:\/\/api.w.org\/{rel}","templated":true}]}}