{"id":11166,"date":"2019-03-19T14:08:20","date_gmt":"2019-03-19T14:08:20","guid":{"rendered":"https:\/\/muralunique.com\/?post_type=product&#038;p=11166"},"modified":"2022-03-16T17:38:22","modified_gmt":"2022-03-16T21:38:22","slug":"degrade-abstrait-multicolore","status":"publish","type":"product","link":"https:\/\/www.muralunique.com\/fr\/produit\/degrade-abstrait-multicolore\/","title":{"rendered":"D\u00e9grad\u00e9 Abstrait Multicolore"},"content":{"rendered":"<p>-Murale en papier peint d&#8217;un d\u00e9grad\u00e9 g\u00e9om\u00e9trique abstrait multicolore. Parfait pour une chambre d&#8217;enfant ou une salle de jeu ou pour toute autre pi\u00e8ce qui a besoin de vie et de couleurs.<\/p>\n<p>-La murale comprend des laizes de 18&#8243; (45cm) de largeur. Par exemple, une murale de 6&#8242; (1,83m) de largeur a 4 laizes et une murale de 12&#8242; (3,66m) de largeur a 8 laizes.<\/p>\n<p>-Murale en papier\u00a0peint pr\u00e9encoll\u00e9e, lavable, s&#8217;enl\u00e8ve \u00e0 sec et r\u00e9utilisable. Facile \u00e0 installer, se pose comme du papier\u00a0peint (tapisserie).<\/p>\n<p>-murale abstraite, murale g\u00e9om\u00e9trique, murale en papier peint color\u00e9e, murale multicolore, tapisserie multicolore, papier peint multicolore<\/p>\n","protected":false},"excerpt":{"rendered":"<p>-Murale en papier peint d&#8217;un d\u00e9grad\u00e9 g\u00e9om\u00e9trique abstrait multicolore. Parfait pour une chambre d&#8217;enfant ou une salle de jeu ou pour toute autre pi\u00e8ce qui a besoin de vie et de couleurs. -La murale comprend des laizes de 18&#8243; (45cm) de largeur. Par exemple, une murale de 6&#8242; (1,83m) de largeur a 4 laizes et [&hellip;]<\/p>\n","protected":false},"featured_media":11167,"template":"","meta":{"_acf_changed":false},"product_brand":[203],"product_cat":[125,173,401],"product_tag":[8751,8895,9125,9047,9049],"class_list":{"0":"post-11166","1":"product","2":"type-product","3":"status-publish","4":"has-post-thumbnail","6":"product_brand-muralunique-com","7":"product_cat-abstrait-et-geometrie","8":"product_cat-enfants","9":"product_cat-tous-nos-produits","10":"product_tag-abstrait","11":"product_tag-enfants","12":"product_tag-gamins","13":"product_tag-geometrie","14":"product_tag-geometrique","16":"first","17":"instock","18":"taxable","19":"shipping-taxable","20":"purchasable","21":"product-type-variable","22":"has-default-attributes"},"acf":[],"_links":{"self":[{"href":"https:\/\/www.muralunique.com\/fr\/wp-json\/wp\/v2\/product\/11166","targetHints":{"allow":["GET"]}}],"collection":[{"href":"https:\/\/www.muralunique.com\/fr\/wp-json\/wp\/v2\/product"}],"about":[{"href":"https:\/\/www.muralunique.com\/fr\/wp-json\/wp\/v2\/types\/product"}],"wp:featuredmedia":[{"embeddable":true,"href":"https:\/\/www.muralunique.com\/fr\/wp-json\/wp\/v2\/media\/11167"}],"wp:attachment":[{"href":"https:\/\/www.muralunique.com\/fr\/wp-json\/wp\/v2\/media?parent=11166"}],"wp:term":[{"taxonomy":"product_brand","embeddable":true,"href":"https:\/\/www.muralunique.com\/fr\/wp-json\/wp\/v2\/product_brand?post=11166"},{"taxonomy":"product_cat","embeddable":true,"href":"https:\/\/www.muralunique.com\/fr\/wp-json\/wp\/v2\/product_cat?post=11166"},{"taxonomy":"product_tag","embeddable":true,"href":"https:\/\/www.muralunique.com\/fr\/wp-json\/wp\/v2\/product_tag?post=11166"}],"curies":[{"name":"wp","href":"https:\/\/api.w.org\/{rel}","templated":true}]}}