{"id":11175,"date":"2019-03-22T14:18:07","date_gmt":"2019-03-22T14:18:07","guid":{"rendered":"https:\/\/muralunique.com\/?post_type=product&#038;p=11175"},"modified":"2022-03-16T17:38:22","modified_gmt":"2022-03-16T21:38:22","slug":"porte-en-acier-de-voute-de-banque","status":"publish","type":"product","link":"https:\/\/www.muralunique.com\/fr\/produit\/porte-en-acier-de-voute-de-banque\/","title":{"rendered":"Porte en Acier de Vo\u00fbte de Banque"},"content":{"rendered":"<p>-Murale trompe l&#8217;oeil d&#8217;une porte en acier d&#8217;une vo\u00fbte de banque s\u00e9curit\u00e9 maximum. Cette murale originale et unique transformera votre int\u00e9rieur en lui donnant de la vie et de la personnalit\u00e9.<\/p>\n<p><span style=\"white-space: pre-wrap;\">-Mesure 10.5&#8242; (3,20m) de largeur par 8&#8242; (2,44m) de hauteur.<\/span><\/p>\n<p>-La murale comprend 7 laizes de 18&#8243; (45cm) de largeur par 8&#8242; (2,44m) de hauteur.<\/p>\n<p>-Murale en papier\u00a0peint pr\u00e9encoll\u00e9e, lavable, s&#8217;enl\u00e8ve \u00e0 sec et r\u00e9utilisable. Se pose comme du papier\u00a0peint (tapisserie).<\/p>\n<p>-murales en papier peint trompe l&#8217;oeil, murale trompe l&#8217;oeil, murale porte en acier, murale porte acier vo\u00fbte banque, tapisserie porte acier vo\u00fbte banque, papier peint porte acier vo\u00fbte banque<\/p>\n","protected":false},"excerpt":{"rendered":"<p>-Murale trompe l&#8217;oeil d&#8217;une porte en acier d&#8217;une vo\u00fbte de banque s\u00e9curit\u00e9 maximum. Cette murale originale et unique transformera votre int\u00e9rieur en lui donnant de la vie et de la personnalit\u00e9. -Mesure 10.5&#8242; (3,20m) de largeur par 8&#8242; (2,44m) de hauteur. -La murale comprend 7 laizes de 18&#8243; (45cm) de largeur par 8&#8242; (2,44m) de [&hellip;]<\/p>\n","protected":false},"featured_media":11176,"template":"","meta":{"_acf_changed":false},"product_brand":[203],"product_cat":[131,169,401,163],"product_tag":[9412,9441,9442,9183,9447,9448,9483,9612,9485],"class_list":{"0":"post-11175","1":"product","2":"type-product","3":"status-publish","4":"has-post-thumbnail","6":"product_brand-muralunique-com","7":"product_cat-adolescents","8":"product_cat-textures-2","9":"product_cat-tous-nos-produits","10":"product_cat-trompe-loeil","11":"product_tag-acier","12":"product_tag-ado","13":"product_tag-adolescents","14":"product_tag-metal-fr","15":"product_tag-texture-fr","16":"product_tag-texture-fr-2","17":"product_tag-trompe-l-oeil","18":"product_tag-trompe-loeil-fr","19":"product_tag-trompe-oeil-fr","21":"first","22":"instock","23":"taxable","24":"shipping-taxable","25":"purchasable","26":"product-type-variable","27":"has-default-attributes"},"acf":[],"_links":{"self":[{"href":"https:\/\/www.muralunique.com\/fr\/wp-json\/wp\/v2\/product\/11175","targetHints":{"allow":["GET"]}}],"collection":[{"href":"https:\/\/www.muralunique.com\/fr\/wp-json\/wp\/v2\/product"}],"about":[{"href":"https:\/\/www.muralunique.com\/fr\/wp-json\/wp\/v2\/types\/product"}],"wp:featuredmedia":[{"embeddable":true,"href":"https:\/\/www.muralunique.com\/fr\/wp-json\/wp\/v2\/media\/11176"}],"wp:attachment":[{"href":"https:\/\/www.muralunique.com\/fr\/wp-json\/wp\/v2\/media?parent=11175"}],"wp:term":[{"taxonomy":"product_brand","embeddable":true,"href":"https:\/\/www.muralunique.com\/fr\/wp-json\/wp\/v2\/product_brand?post=11175"},{"taxonomy":"product_cat","embeddable":true,"href":"https:\/\/www.muralunique.com\/fr\/wp-json\/wp\/v2\/product_cat?post=11175"},{"taxonomy":"product_tag","embeddable":true,"href":"https:\/\/www.muralunique.com\/fr\/wp-json\/wp\/v2\/product_tag?post=11175"}],"curies":[{"name":"wp","href":"https:\/\/api.w.org\/{rel}","templated":true}]}}