{"id":11183,"date":"2019-03-28T10:48:49","date_gmt":"2019-03-28T10:48:49","guid":{"rendered":"https:\/\/muralunique.com\/?post_type=product&#038;p=11183"},"modified":"2025-10-16T15:11:19","modified_gmt":"2025-10-16T19:11:19","slug":"feuilles-tropicales","status":"publish","type":"product","link":"https:\/\/www.muralunique.com\/fr\/produit\/feuilles-tropicales\/","title":{"rendered":"Feuilles Tropicales"},"content":{"rendered":"<p>-Murale en papier peint de feuilles tropicales exotiques vertes.\u00a0Les feuilles tropicales et les feuilles de bananier sont tr\u00e8s tendance et contribueront \u00e0 cr\u00e9er un d\u00e9cor unique et \u00e9poustouflant.<\/p>\n<p><strong>-1753 et 1753&#215;2 peuvent \u00eatre r\u00e9p\u00e9t\u00e9es horizontalement, pas les autres dimensions.<\/strong><\/p>\n<p>-La murale comprend des laizes de 18\u2033 (45cm) de largeur. Par exemple, une murale de 6\u2032 (1,83m) de largeur a 4 laizes et une murale de 12\u2032 (3,66m) de largeur a 8 laizes.<\/p>\n<p>-Murale en papier\u00a0peint pr\u00e9encoll\u00e9e, lavable, s\u2019enl\u00e8ve \u00e0 sec et r\u00e9utilisable. Facile \u00e0 installer, se pose comme du papier\u00a0peint (tapisserie).<\/p>\n<p>-murale tropicale, murale en papier peint tropicale, murale de feuillage tropical, tapisserie de feuillage tropical, papier peint de feuillage tropical<\/p>\n","protected":false},"excerpt":{"rendered":"<p>-Murale en papier peint de feuilles tropicales exotiques vertes.\u00a0Les feuilles tropicales et les feuilles de bananier sont tr\u00e8s tendance et contribueront \u00e0 cr\u00e9er un d\u00e9cor unique et \u00e9poustouflant. -1753 et 1753&#215;2 peuvent \u00eatre r\u00e9p\u00e9t\u00e9es horizontalement, pas les autres dimensions. -La murale comprend des laizes de 18\u2033 (45cm) de largeur. Par exemple, une murale de 6\u2032 [&hellip;]<\/p>\n","protected":false},"featured_media":49300,"template":"","meta":{"_acf_changed":false},"product_brand":[203],"product_cat":[150,367,10345,401],"product_tag":[9715,8970,9014,9142,9144,9713,9486],"class_list":{"0":"post-11183","1":"product","2":"type-product","3":"status-publish","4":"has-post-thumbnail","6":"product_brand-muralunique-com","7":"product_cat-fleurs-et-feuillages","8":"product_cat-murales-en-r-p-tition","9":"product_cat-murs-extra-hauts-murales-repetition-verticale","10":"product_cat-tous-nos-produits","11":"product_tag-banane","12":"product_tag-exotique","13":"product_tag-feuillage","14":"product_tag-feuille","15":"product_tag-feuilles","16":"product_tag-feuilles-de-banane","17":"product_tag-tropical-fr","19":"first","20":"instock","21":"taxable","22":"shipping-taxable","23":"purchasable","24":"product-type-variable"},"acf":[],"_links":{"self":[{"href":"https:\/\/www.muralunique.com\/fr\/wp-json\/wp\/v2\/product\/11183","targetHints":{"allow":["GET"]}}],"collection":[{"href":"https:\/\/www.muralunique.com\/fr\/wp-json\/wp\/v2\/product"}],"about":[{"href":"https:\/\/www.muralunique.com\/fr\/wp-json\/wp\/v2\/types\/product"}],"wp:featuredmedia":[{"embeddable":true,"href":"https:\/\/www.muralunique.com\/fr\/wp-json\/wp\/v2\/media\/49300"}],"wp:attachment":[{"href":"https:\/\/www.muralunique.com\/fr\/wp-json\/wp\/v2\/media?parent=11183"}],"wp:term":[{"taxonomy":"product_brand","embeddable":true,"href":"https:\/\/www.muralunique.com\/fr\/wp-json\/wp\/v2\/product_brand?post=11183"},{"taxonomy":"product_cat","embeddable":true,"href":"https:\/\/www.muralunique.com\/fr\/wp-json\/wp\/v2\/product_cat?post=11183"},{"taxonomy":"product_tag","embeddable":true,"href":"https:\/\/www.muralunique.com\/fr\/wp-json\/wp\/v2\/product_tag?post=11183"}],"curies":[{"name":"wp","href":"https:\/\/api.w.org\/{rel}","templated":true}]}}