{"id":11200,"date":"2019-04-05T13:05:22","date_gmt":"2019-04-05T13:05:22","guid":{"rendered":"https:\/\/muralunique.com\/?post_type=product&#038;p=11200"},"modified":"2022-03-16T17:38:22","modified_gmt":"2022-03-16T21:38:22","slug":"montagne-de-whistler","status":"publish","type":"product","link":"https:\/\/www.muralunique.com\/fr\/produit\/montagne-de-whistler\/","title":{"rendered":"Montagne de Whistler"},"content":{"rendered":"<p>-Photo murale en papier peint de la montagne de Whistler en Colombie-Britannique, Canada. Cette murale est parfaite pour les amateurs de ski et s&#8217;int\u00e9grera parfaitement dans n&#8217;importe quelle pi\u00e8ce.<\/p>\n<p>-La murale comprend des laizes de 18\u2033 (45cm) de largeur. Par exemple, une murale de 6\u2032 (1,83m) de largeur a 4 laizes et une murale de 12\u2032 (3,66m) de largeur a 8 laizes.<\/p>\n<p>-Murale en papier\u00a0peint pr\u00e9encoll\u00e9e, lavable, s\u2019enl\u00e8ve \u00e0 sec et r\u00e9utilisable. Facile \u00e0 installer, se pose comme du papier\u00a0peint (tapisserie).<\/p>\n<p>-murale de ski, murale en papier peint de ski, murale montage Whistler, tapisserie de ski, papier peint de ski<\/p>\n","protected":false},"excerpt":{"rendered":"<p>-Photo murale en papier peint de la montagne de Whistler en Colombie-Britannique, Canada. Cette murale est parfaite pour les amateurs de ski et s&#8217;int\u00e9grera parfaitement dans n&#8217;importe quelle pi\u00e8ce. -La murale comprend des laizes de 18\u2033 (45cm) de largeur. Par exemple, une murale de 6\u2032 (1,83m) de largeur a 4 laizes et une murale de [&hellip;]<\/p>\n","protected":false},"featured_media":31901,"template":"","meta":{"_acf_changed":false},"product_brand":[203],"product_cat":[141,145,401],"product_tag":[8676,8673,9534,9209,9219,9388,9137,9378,9400],"class_list":{"0":"post-11200","1":"product","2":"type-product","3":"status-publish","4":"has-post-thumbnail","6":"product_brand-muralunique-com","7":"product_cat-nature-et-paysages","8":"product_cat-sports-2","9":"product_cat-tous-nos-produits","10":"product_tag-canada-fr","11":"product_tag-colombie-britannique","12":"product_tag-hiver","13":"product_tag-montagnes","14":"product_tag-nature-fr","15":"product_tag-neige","16":"product_tag-paysage","17":"product_tag-ski-fr","18":"product_tag-sports","20":"first","21":"instock","22":"taxable","23":"shipping-taxable","24":"purchasable","25":"product-type-variable","26":"has-default-attributes"},"acf":[],"_links":{"self":[{"href":"https:\/\/www.muralunique.com\/fr\/wp-json\/wp\/v2\/product\/11200","targetHints":{"allow":["GET"]}}],"collection":[{"href":"https:\/\/www.muralunique.com\/fr\/wp-json\/wp\/v2\/product"}],"about":[{"href":"https:\/\/www.muralunique.com\/fr\/wp-json\/wp\/v2\/types\/product"}],"wp:featuredmedia":[{"embeddable":true,"href":"https:\/\/www.muralunique.com\/fr\/wp-json\/wp\/v2\/media\/31901"}],"wp:attachment":[{"href":"https:\/\/www.muralunique.com\/fr\/wp-json\/wp\/v2\/media?parent=11200"}],"wp:term":[{"taxonomy":"product_brand","embeddable":true,"href":"https:\/\/www.muralunique.com\/fr\/wp-json\/wp\/v2\/product_brand?post=11200"},{"taxonomy":"product_cat","embeddable":true,"href":"https:\/\/www.muralunique.com\/fr\/wp-json\/wp\/v2\/product_cat?post=11200"},{"taxonomy":"product_tag","embeddable":true,"href":"https:\/\/www.muralunique.com\/fr\/wp-json\/wp\/v2\/product_tag?post=11200"}],"curies":[{"name":"wp","href":"https:\/\/api.w.org\/{rel}","templated":true}]}}