{"id":11206,"date":"2019-04-09T14:39:07","date_gmt":"2019-04-09T14:39:07","guid":{"rendered":"https:\/\/muralunique.com\/?post_type=product&#038;p=11206"},"modified":"2022-03-16T17:38:22","modified_gmt":"2022-03-16T21:38:22","slug":"parc-national-jasper-alberta","status":"publish","type":"product","link":"https:\/\/www.muralunique.com\/fr\/produit\/parc-national-jasper-alberta\/","title":{"rendered":"Parc National Jasper, Alberta"},"content":{"rendered":"<p>-Murale en papier peint d&#8217;une vue magnifique du Parc National Jasper en Alberta, Canada. Cette murale est un trompe l&#8217;oeil parfait pour un petit mur.<\/p>\n<p>-La murale comprend des laizes de 18&#8243; (45cm) de largeur. Par exemple, une murale de 6&#8242; (1,83m) de largeur a 4 laizes et une murale de 12&#8242; (3,66m) de largeur a 8 laizes.<\/p>\n<p>-Murale en papier\u00a0peint pr\u00e9encoll\u00e9e, lavable, s&#8217;enl\u00e8ve \u00e0 sec et r\u00e9utilisable. Facile \u00e0 installer, se pose comme du papier\u00a0peint (tapisserie).<\/p>\n<p>-murale de la nature, murale en papier peint de la nature, murale du parc Jasper, tapisserie de paysages, papier peint de paysages<\/p>\n","protected":false},"excerpt":{"rendered":"<p>-Murale en papier peint d&#8217;une vue magnifique du Parc National Jasper en Alberta, Canada. Cette murale est un trompe l&#8217;oeil parfait pour un petit mur. -La murale comprend des laizes de 18&#8243; (45cm) de largeur. Par exemple, une murale de 6&#8242; (1,83m) de largeur a 4 laizes et une murale de 12&#8242; (3,66m) de largeur [&hellip;]<\/p>\n","protected":false},"featured_media":11207,"template":"","meta":{"_acf_changed":false},"product_brand":[203],"product_cat":[153,141,401,163],"product_tag":[8661,9478,8676,9517,9019,9135,9209,9219,9252,9137,9483,9612,9485],"class_list":{"0":"post-11206","1":"product","2":"type-product","3":"status-publish","4":"has-post-thumbnail","6":"product_brand-muralunique-com","7":"product_cat-eau-et-plages","8":"product_cat-nature-et-paysages","9":"product_cat-tous-nos-produits","10":"product_cat-trompe-loeil","11":"product_tag-alberta-fr","12":"product_tag-arbres","13":"product_tag-canada-fr","14":"product_tag-eau","15":"product_tag-foret","16":"product_tag-lac","17":"product_tag-montagnes","18":"product_tag-nature-fr","19":"product_tag-parc","20":"product_tag-paysage","21":"product_tag-trompe-l-oeil","22":"product_tag-trompe-loeil-fr","23":"product_tag-trompe-oeil-fr","25":"first","26":"instock","27":"taxable","28":"shipping-taxable","29":"purchasable","30":"product-type-variable","31":"has-default-attributes"},"acf":[],"_links":{"self":[{"href":"https:\/\/www.muralunique.com\/fr\/wp-json\/wp\/v2\/product\/11206","targetHints":{"allow":["GET"]}}],"collection":[{"href":"https:\/\/www.muralunique.com\/fr\/wp-json\/wp\/v2\/product"}],"about":[{"href":"https:\/\/www.muralunique.com\/fr\/wp-json\/wp\/v2\/types\/product"}],"wp:featuredmedia":[{"embeddable":true,"href":"https:\/\/www.muralunique.com\/fr\/wp-json\/wp\/v2\/media\/11207"}],"wp:attachment":[{"href":"https:\/\/www.muralunique.com\/fr\/wp-json\/wp\/v2\/media?parent=11206"}],"wp:term":[{"taxonomy":"product_brand","embeddable":true,"href":"https:\/\/www.muralunique.com\/fr\/wp-json\/wp\/v2\/product_brand?post=11206"},{"taxonomy":"product_cat","embeddable":true,"href":"https:\/\/www.muralunique.com\/fr\/wp-json\/wp\/v2\/product_cat?post=11206"},{"taxonomy":"product_tag","embeddable":true,"href":"https:\/\/www.muralunique.com\/fr\/wp-json\/wp\/v2\/product_tag?post=11206"}],"curies":[{"name":"wp","href":"https:\/\/api.w.org\/{rel}","templated":true}]}}