{"id":11245,"date":"2019-04-23T10:17:24","date_gmt":"2019-04-23T10:17:24","guid":{"rendered":"https:\/\/muralunique.com\/?post_type=product&#038;p=11245"},"modified":"2022-03-16T17:38:21","modified_gmt":"2022-03-16T21:38:21","slug":"lierre-sur-mur-de-brique","status":"publish","type":"product","link":"https:\/\/www.muralunique.com\/fr\/produit\/lierre-sur-mur-de-brique\/","title":{"rendered":"Lierre sur Mur de Brique"},"content":{"rendered":"<p>-Murale en papier peint de lierre sur un mur de briques brunes. Ce trompe l&#8217;oeil est parfait pour cr\u00e9er l&#8217;illusion d&#8217;un mur v\u00e9g\u00e9tal.\u00a0La\u00a0qualit\u00e9 (r\u00e9solution) de cette image est exceptionnelle (400\u00a0M\u00e9gaPixels).<\/p>\n<p>-La murale comprend des laizes de 18&#8243; (45cm) de largeur. Par exemple, une murale de 6&#8242; (1,83m) de largeur a 4 laizes et une murale de 12&#8242; (3,66m) de largeur a 8 laizes.<\/p>\n<p>-Murale en papier\u00a0peint pr\u00e9encoll\u00e9e, lavable, s&#8217;enl\u00e8ve \u00e0 sec et r\u00e9utilisable. Facile \u00e0 installer, se pose comme du papier\u00a0peint (tapisserie).<\/p>\n<p>-Photographie de Donn Petelka. Vous pouvez obtenir plus d&#8217;informations \u00e0 cette adresse:\u00a0<a href=\"mailto:donnpetelka@gmail.com\" target=\"_blank\" rel=\"noopener noreferrer\">donnpetelka@gmail.com<\/a><\/p>\n<p>-murale mur v\u00e9g\u00e9tal, murales mur v\u00e9g\u00e9tal, tapisserie de feuilles, papier peint v\u00e9g\u00e9tal, papier peint de feuilles<\/p>\n","protected":false},"excerpt":{"rendered":"<p>-Murale en papier peint de lierre sur un mur de briques brunes. Ce trompe l&#8217;oeil est parfait pour cr\u00e9er l&#8217;illusion d&#8217;un mur v\u00e9g\u00e9tal.\u00a0La\u00a0qualit\u00e9 (r\u00e9solution) de cette image est exceptionnelle (400\u00a0M\u00e9gaPixels). -La murale comprend des laizes de 18&#8243; (45cm) de largeur. Par exemple, une murale de 6&#8242; (1,83m) de largeur a 4 laizes et une murale [&hellip;]<\/p>\n","protected":false},"featured_media":11246,"template":"","meta":{"_acf_changed":false},"product_brand":[197],"product_cat":[150,169,401,163,427],"product_tag":[8847,9014,9142,9144,9515,9447,9448,9449,9483,9612,9485],"class_list":{"0":"post-11245","1":"product","2":"type-product","3":"status-publish","4":"has-post-thumbnail","6":"artist-donn-petelka-fr","7":"product_brand-donn-petelka-2","8":"product_cat-fleurs-et-feuillages","9":"product_cat-textures-2","10":"product_cat-tous-nos-produits","11":"product_cat-trompe-loeil","12":"product_cat-ultra-haute-d-finition-photos","13":"product_tag-briques","14":"product_tag-feuillage","15":"product_tag-feuille","16":"product_tag-feuilles","17":"product_tag-mur","18":"product_tag-texture-fr","19":"product_tag-texture-fr-2","20":"product_tag-textures","21":"product_tag-trompe-l-oeil","22":"product_tag-trompe-loeil-fr","23":"product_tag-trompe-oeil-fr","25":"first","26":"instock","27":"taxable","28":"shipping-taxable","29":"purchasable","30":"product-type-variable","31":"has-default-attributes"},"acf":[],"_links":{"self":[{"href":"https:\/\/www.muralunique.com\/fr\/wp-json\/wp\/v2\/product\/11245","targetHints":{"allow":["GET"]}}],"collection":[{"href":"https:\/\/www.muralunique.com\/fr\/wp-json\/wp\/v2\/product"}],"about":[{"href":"https:\/\/www.muralunique.com\/fr\/wp-json\/wp\/v2\/types\/product"}],"wp:featuredmedia":[{"embeddable":true,"href":"https:\/\/www.muralunique.com\/fr\/wp-json\/wp\/v2\/media\/11246"}],"wp:attachment":[{"href":"https:\/\/www.muralunique.com\/fr\/wp-json\/wp\/v2\/media?parent=11245"}],"wp:term":[{"taxonomy":"product_brand","embeddable":true,"href":"https:\/\/www.muralunique.com\/fr\/wp-json\/wp\/v2\/product_brand?post=11245"},{"taxonomy":"product_cat","embeddable":true,"href":"https:\/\/www.muralunique.com\/fr\/wp-json\/wp\/v2\/product_cat?post=11245"},{"taxonomy":"product_tag","embeddable":true,"href":"https:\/\/www.muralunique.com\/fr\/wp-json\/wp\/v2\/product_tag?post=11245"}],"curies":[{"name":"wp","href":"https:\/\/api.w.org\/{rel}","templated":true}]}}