{"id":11255,"date":"2019-04-24T12:08:25","date_gmt":"2019-04-24T12:08:25","guid":{"rendered":"https:\/\/muralunique.com\/?post_type=product&#038;p=11255"},"modified":"2022-03-16T17:38:21","modified_gmt":"2022-03-16T21:38:21","slug":"riviere-katoun-en-russie","status":"publish","type":"product","link":"https:\/\/www.muralunique.com\/fr\/produit\/riviere-katoun-en-russie\/","title":{"rendered":"Rivi\u00e8re Katoun en Russie"},"content":{"rendered":"<p>-Photo murale de la rivi\u00e8re Katoun en Russie. La rivi\u00e8re Katoun a une longueur de 688 km et, associ\u00e9e \u00e0 la Biia, donne naissance \u00e0 la rivi\u00e8re Ob (<a href=\"https:\/\/fr.wikipedia.org\/wiki\/Katoun\" rel=\"nofollow noopener\" target=\"_blank\">wikipedia.org<\/a>).<\/p>\n<p>-La murale comprend des laizes de 18&#8243; (45cm) de largeur. Par exemple, une murale de 6&#8242; (1,83m) de largeur a 4 laizes et une murale de 12&#8242; (3,66m) de largeur a 8 laizes.<\/p>\n<p>-Murale en papier\u00a0peint pr\u00e9encoll\u00e9e, lavable, s&#8217;enl\u00e8ve \u00e0 sec et r\u00e9utilisable. Facile \u00e0 installer, se pose comme du papier\u00a0peint (tapisserie).<\/p>\n<p>-Photographie de Donn Petelka. Vous pouvez obtenir plus d&#8217;informations \u00e0 cette adresse:\u00a0<a href=\"mailto:donnpetelka@gmail.com\" target=\"_blank\" rel=\"noopener noreferrer\">donnpetelka@gmail.com<\/a>.<\/p>\n<p>-murale de rivi\u00e8re, tapisserie de rivi\u00e8re, murale rivi\u00e8re Katoun en Russie, murale de la nature, papier peint de paysage<\/p>\n","protected":false},"excerpt":{"rendered":"<p>-Photo murale de la rivi\u00e8re Katoun en Russie. La rivi\u00e8re Katoun a une longueur de 688 km et, associ\u00e9e \u00e0 la Biia, donne naissance \u00e0 la rivi\u00e8re Ob (wikipedia.org). -La murale comprend des laizes de 18&#8243; (45cm) de largeur. Par exemple, une murale de 6&#8242; (1,83m) de largeur a 4 laizes et une murale de [&hellip;]<\/p>\n","protected":false},"featured_media":31911,"template":"","meta":{"_acf_changed":false},"product_brand":[203],"product_cat":[153,141,401],"product_tag":[9477,9478,9517,9019,9209,9219,9137,9330],"class_list":{"0":"post-11255","1":"product","2":"type-product","3":"status-publish","4":"has-post-thumbnail","6":"product_brand-muralunique-com","7":"product_cat-eau-et-plages","8":"product_cat-nature-et-paysages","9":"product_cat-tous-nos-produits","10":"product_tag-arbre","11":"product_tag-arbres","12":"product_tag-eau","13":"product_tag-foret","14":"product_tag-montagnes","15":"product_tag-nature-fr","16":"product_tag-paysage","17":"product_tag-riviere","19":"first","20":"instock","21":"taxable","22":"shipping-taxable","23":"purchasable","24":"product-type-variable","25":"has-default-attributes"},"acf":[],"_links":{"self":[{"href":"https:\/\/www.muralunique.com\/fr\/wp-json\/wp\/v2\/product\/11255","targetHints":{"allow":["GET"]}}],"collection":[{"href":"https:\/\/www.muralunique.com\/fr\/wp-json\/wp\/v2\/product"}],"about":[{"href":"https:\/\/www.muralunique.com\/fr\/wp-json\/wp\/v2\/types\/product"}],"wp:featuredmedia":[{"embeddable":true,"href":"https:\/\/www.muralunique.com\/fr\/wp-json\/wp\/v2\/media\/31911"}],"wp:attachment":[{"href":"https:\/\/www.muralunique.com\/fr\/wp-json\/wp\/v2\/media?parent=11255"}],"wp:term":[{"taxonomy":"product_brand","embeddable":true,"href":"https:\/\/www.muralunique.com\/fr\/wp-json\/wp\/v2\/product_brand?post=11255"},{"taxonomy":"product_cat","embeddable":true,"href":"https:\/\/www.muralunique.com\/fr\/wp-json\/wp\/v2\/product_cat?post=11255"},{"taxonomy":"product_tag","embeddable":true,"href":"https:\/\/www.muralunique.com\/fr\/wp-json\/wp\/v2\/product_tag?post=11255"}],"curies":[{"name":"wp","href":"https:\/\/api.w.org\/{rel}","templated":true}]}}