{"id":11265,"date":"2019-04-30T10:31:22","date_gmt":"2019-04-30T10:31:22","guid":{"rendered":"https:\/\/muralunique.com\/?post_type=product&#038;p=11265"},"modified":"2022-04-16T19:43:49","modified_gmt":"2022-04-16T23:43:49","slug":"riviere-dans-une-montagne-des-appalaches","status":"publish","type":"product","link":"https:\/\/www.muralunique.com\/fr\/produit\/riviere-dans-une-montagne-des-appalaches\/","title":{"rendered":"Rivi\u00e8re dans une Montagne des Appalaches"},"content":{"rendered":"<p>-Murale en papier peint d&#8217;une rivi\u00e8re dans une montagne des Appalaches.\u00a0Les Appalaches sont une cha\u00eene de montagnes situ\u00e9e dans l&#8217;Est de l&#8217;Am\u00e9rique du Nord et s&#8217;\u00e9tendant de Terre-Neuve (Canada), au nord, jusqu&#8217;au centre de l&#8217;\u00c9tat de l&#8217;Alabama, au sud (\u00c9tats-Unis). Elle culmine au mont Mitchell (2 037 m\u00e8tres) en Caroline du Nord (<a href=\"https:\/\/fr.wikipedia.org\/wiki\/Appalaches\" rel=\"nofollow noopener\" target=\"_blank\">wikipedia.com<\/a>).<\/p>\n<p>-La murale comprend des laizes de 18\u2033 (45cm) de largeur. Par exemple, une murale de 6\u2032 (1,83m) de largeur a 4 laizes et une murale de 12\u2032 (3,66m) de largeur a 8 laizes.<\/p>\n<p>-Murale en papier\u00a0peint pr\u00e9encoll\u00e9e, lavable, s\u2019enl\u00e8ve \u00e0 sec et r\u00e9utilisable. Facile \u00e0 installer, se pose comme du papier\u00a0peint (tapisserie).<\/p>\n<p>-murale de montagnes, murale en papier peint de montagnes, murale de la nature, papier peint de montagnes, tapisserie nature<\/p>\n","protected":false},"excerpt":{"rendered":"<p>-Murale en papier peint d&#8217;une rivi\u00e8re dans une montagne des Appalaches.\u00a0Les Appalaches sont une cha\u00eene de montagnes situ\u00e9e dans l&#8217;Est de l&#8217;Am\u00e9rique du Nord et s&#8217;\u00e9tendant de Terre-Neuve (Canada), au nord, jusqu&#8217;au centre de l&#8217;\u00c9tat de l&#8217;Alabama, au sud (\u00c9tats-Unis). Elle culmine au mont Mitchell (2 037 m\u00e8tres) en Caroline du Nord (wikipedia.com). -La murale [&hellip;]<\/p>\n","protected":false},"featured_media":31905,"template":"","meta":{"_acf_changed":false},"product_brand":[],"product_cat":[153,141,401,163],"product_tag":[9478,8676,9517,9499,9019,9209,9219,9137,9330,9483,9612,9485,8741],"class_list":{"0":"post-11265","1":"product","2":"type-product","3":"status-publish","4":"has-post-thumbnail","6":"product_cat-eau-et-plages","7":"product_cat-nature-et-paysages","8":"product_cat-tous-nos-produits","9":"product_cat-trompe-loeil","10":"product_tag-arbres","11":"product_tag-canada-fr","12":"product_tag-eau","13":"product_tag-etats-unis","14":"product_tag-foret","15":"product_tag-montagnes","16":"product_tag-nature-fr","17":"product_tag-paysage","18":"product_tag-riviere","19":"product_tag-trompe-l-oeil","20":"product_tag-trompe-loeil-fr","21":"product_tag-trompe-oeil-fr","22":"product_tag-usa-fr","24":"first","25":"instock","26":"taxable","27":"shipping-taxable","28":"purchasable","29":"product-type-variable","30":"has-default-attributes"},"acf":[],"_links":{"self":[{"href":"https:\/\/www.muralunique.com\/fr\/wp-json\/wp\/v2\/product\/11265","targetHints":{"allow":["GET"]}}],"collection":[{"href":"https:\/\/www.muralunique.com\/fr\/wp-json\/wp\/v2\/product"}],"about":[{"href":"https:\/\/www.muralunique.com\/fr\/wp-json\/wp\/v2\/types\/product"}],"wp:featuredmedia":[{"embeddable":true,"href":"https:\/\/www.muralunique.com\/fr\/wp-json\/wp\/v2\/media\/31905"}],"wp:attachment":[{"href":"https:\/\/www.muralunique.com\/fr\/wp-json\/wp\/v2\/media?parent=11265"}],"wp:term":[{"taxonomy":"product_brand","embeddable":true,"href":"https:\/\/www.muralunique.com\/fr\/wp-json\/wp\/v2\/product_brand?post=11265"},{"taxonomy":"product_cat","embeddable":true,"href":"https:\/\/www.muralunique.com\/fr\/wp-json\/wp\/v2\/product_cat?post=11265"},{"taxonomy":"product_tag","embeddable":true,"href":"https:\/\/www.muralunique.com\/fr\/wp-json\/wp\/v2\/product_tag?post=11265"}],"curies":[{"name":"wp","href":"https:\/\/api.w.org\/{rel}","templated":true}]}}