{"id":11275,"date":"2019-05-07T09:42:52","date_gmt":"2019-05-07T09:42:52","guid":{"rendered":"https:\/\/muralunique.com\/?post_type=product&#038;p=11275"},"modified":"2022-04-16T19:43:51","modified_gmt":"2022-04-16T23:43:51","slug":"avion-douglas-dc3-vintage-en-noir-et-blanc","status":"publish","type":"product","link":"https:\/\/www.muralunique.com\/fr\/produit\/avion-douglas-dc3-vintage-en-noir-et-blanc\/","title":{"rendered":"Avion Douglas DC3 Vintage en Noir et Blanc"},"content":{"rendered":"<p>-Photo murale en papier peint d&#8217;un vieil avion vintage DC3 en noir et blanc. L&#8217;avion Douglas DC3 a r\u00e9volutionn\u00e9 le transport a\u00e9rien dans les ann\u00e9es mille neuf cent trente et mille neuf cent quarante. Son effet durable sur l&#8217;industrie a\u00e9rienne et la Seconde Guerre mondiale en fait l&#8217;un des avions de transport les plus importants jamais fabriqu\u00e9s (<a href=\"https:\/\/www.wikipedia.org\/\" rel=\"nofollow noopener\" target=\"_blank\">wikipedia.org<\/a>).<\/p>\n<p>-La murale comprend des laizes de 18\u2033 (45cm) de largeur. Par exemple, une murale de 6\u2032 (1,83m) de largeur a 4 laizes et une murale de 12\u2032 (3,66m) de largeur a 8 laizes.<\/p>\n<p>-Murale en papier\u00a0peint pr\u00e9encoll\u00e9e, lavable, s\u2019enl\u00e8ve \u00e0 sec et r\u00e9utilisable. Facile \u00e0 installer, se pose comme du papier\u00a0peint (tapisserie).<\/p>\n<p>-murale d&#8217;avion, murale avion Douglas, murale avion Douglas DC3, murale de transport, murales d&#8217;un vieil avion<\/p>\n","protected":false},"excerpt":{"rendered":"<p>-Photo murale en papier peint d&#8217;un vieil avion vintage DC3 en noir et blanc. L&#8217;avion Douglas DC3 a r\u00e9volutionn\u00e9 le transport a\u00e9rien dans les ann\u00e9es mille neuf cent trente et mille neuf cent quarante. Son effet durable sur l&#8217;industrie a\u00e9rienne et la Seconde Guerre mondiale en fait l&#8217;un des avions de transport les plus importants [&hellip;]<\/p>\n","protected":false},"featured_media":11276,"template":"","meta":{"_acf_changed":false},"product_brand":[203],"product_cat":[401,179],"product_tag":[9469,9470,9234,9512],"class_list":{"0":"post-11275","1":"product","2":"type-product","3":"status-publish","4":"has-post-thumbnail","6":"product_brand-muralunique-com","7":"product_cat-tous-nos-produits","8":"product_cat-transports","9":"product_tag-transport-fr","10":"product_tag-transportation","11":"product_tag-vieux","12":"product_tag-vintage-fr","14":"first","15":"instock","16":"taxable","17":"shipping-taxable","18":"purchasable","19":"product-type-variable","20":"has-default-attributes"},"acf":[],"_links":{"self":[{"href":"https:\/\/www.muralunique.com\/fr\/wp-json\/wp\/v2\/product\/11275","targetHints":{"allow":["GET"]}}],"collection":[{"href":"https:\/\/www.muralunique.com\/fr\/wp-json\/wp\/v2\/product"}],"about":[{"href":"https:\/\/www.muralunique.com\/fr\/wp-json\/wp\/v2\/types\/product"}],"wp:featuredmedia":[{"embeddable":true,"href":"https:\/\/www.muralunique.com\/fr\/wp-json\/wp\/v2\/media\/11276"}],"wp:attachment":[{"href":"https:\/\/www.muralunique.com\/fr\/wp-json\/wp\/v2\/media?parent=11275"}],"wp:term":[{"taxonomy":"product_brand","embeddable":true,"href":"https:\/\/www.muralunique.com\/fr\/wp-json\/wp\/v2\/product_brand?post=11275"},{"taxonomy":"product_cat","embeddable":true,"href":"https:\/\/www.muralunique.com\/fr\/wp-json\/wp\/v2\/product_cat?post=11275"},{"taxonomy":"product_tag","embeddable":true,"href":"https:\/\/www.muralunique.com\/fr\/wp-json\/wp\/v2\/product_tag?post=11275"}],"curies":[{"name":"wp","href":"https:\/\/api.w.org\/{rel}","templated":true}]}}