{"id":11310,"date":"2019-05-09T12:05:17","date_gmt":"2019-05-09T12:05:17","guid":{"rendered":"https:\/\/muralunique.com\/?post_type=product&#038;p=11310"},"modified":"2022-09-15T12:08:42","modified_gmt":"2022-09-15T16:08:42","slug":"la-terre-vue-de-la-lune","status":"publish","type":"product","link":"https:\/\/www.muralunique.com\/fr\/produit\/la-terre-vue-de-la-lune\/","title":{"rendered":"La Terre vue de la Lune"},"content":{"rendered":"<p>-Magnifique murale repr\u00e9sentant une vue de notre plan\u00e8te Terre depuis la lune. Cette murale de l&#8217;espace est parfaite pour une salle de jeux ou pour la chambre d&#8217;un enfant ou d&#8217;un adolescent.<\/p>\n<p>-La murale comprend des laizes de 18\u2033 (45cm) de largeur. Par exemple, une murale de 6\u2032 (1,83m) de largeur a 4 laizes et une murale de 12\u2032 (3,66m) de largeur a 8 laizes.<\/p>\n<p>-Murale en papier\u00a0peint pr\u00e9encoll\u00e9e, lavable, s\u2019enl\u00e8ve \u00e0 sec et r\u00e9utilisable. Facile \u00e0 installer, se pose comme du papier\u00a0peint (tapisserie).<\/p>\n<p>-murale de l&#8217;espace, tapisserie de l&#8217;espace, papier peint de l&#8217;espace, murale de la Terre, murale de la lune<\/p>\n","protected":false},"excerpt":{"rendered":"<p>-Magnifique murale repr\u00e9sentant une vue de notre plan\u00e8te Terre depuis la lune. Cette murale de l&#8217;espace est parfaite pour une salle de jeux ou pour la chambre d&#8217;un enfant ou d&#8217;un adolescent. -La murale comprend des laizes de 18\u2033 (45cm) de largeur. Par exemple, une murale de 6\u2032 (1,83m) de largeur a 4 laizes et [&hellip;]<\/p>\n","protected":false},"featured_media":11311,"template":"","meta":{"_acf_changed":false},"product_brand":[203],"product_cat":[131,173,176,305,401],"product_tag":[9441,9442,8894,8895,9395,9041,9125,9196,8687],"class_list":{"0":"post-11310","1":"product","2":"type-product","3":"status-publish","4":"has-post-thumbnail","6":"product_brand-muralunique-com","7":"product_cat-adolescents","8":"product_cat-enfants","9":"product_cat-espace","10":"product_cat-produits-vedettes","11":"product_cat-tous-nos-produits","12":"product_tag-ado","13":"product_tag-adolescents","14":"product_tag-enfant","15":"product_tag-enfants","16":"product_tag-espace","17":"product_tag-galaxie","18":"product_tag-gamins","19":"product_tag-lune","20":"product_tag-terre","22":"first","23":"instock","24":"taxable","25":"shipping-taxable","26":"purchasable","27":"product-type-variable","28":"has-default-attributes"},"acf":[],"_links":{"self":[{"href":"https:\/\/www.muralunique.com\/fr\/wp-json\/wp\/v2\/product\/11310","targetHints":{"allow":["GET"]}}],"collection":[{"href":"https:\/\/www.muralunique.com\/fr\/wp-json\/wp\/v2\/product"}],"about":[{"href":"https:\/\/www.muralunique.com\/fr\/wp-json\/wp\/v2\/types\/product"}],"wp:featuredmedia":[{"embeddable":true,"href":"https:\/\/www.muralunique.com\/fr\/wp-json\/wp\/v2\/media\/11311"}],"wp:attachment":[{"href":"https:\/\/www.muralunique.com\/fr\/wp-json\/wp\/v2\/media?parent=11310"}],"wp:term":[{"taxonomy":"product_brand","embeddable":true,"href":"https:\/\/www.muralunique.com\/fr\/wp-json\/wp\/v2\/product_brand?post=11310"},{"taxonomy":"product_cat","embeddable":true,"href":"https:\/\/www.muralunique.com\/fr\/wp-json\/wp\/v2\/product_cat?post=11310"},{"taxonomy":"product_tag","embeddable":true,"href":"https:\/\/www.muralunique.com\/fr\/wp-json\/wp\/v2\/product_tag?post=11310"}],"curies":[{"name":"wp","href":"https:\/\/api.w.org\/{rel}","templated":true}]}}