{"id":11345,"date":"2019-05-22T09:16:14","date_gmt":"2019-05-22T09:16:14","guid":{"rendered":"https:\/\/muralunique.com\/?post_type=product&#038;p=11345"},"modified":"2023-06-15T16:56:50","modified_gmt":"2023-06-15T20:56:50","slug":"bouquet-de-roses-et-pivoines","status":"publish","type":"product","link":"https:\/\/www.muralunique.com\/fr\/produit\/bouquet-de-roses-et-pivoines\/","title":{"rendered":"Bouquet de Roses et Pivoines"},"content":{"rendered":"<p>-Murale en papier peint d&#8217;un magnifique bouquet de roses et de pivoines sur fond noir. Si vous avez envie d&#8217;une murale plut\u00f4t sombre avec des grosses fleurs, cette murale est l&#8217;option parfaite. En plus d&#8217;\u00eatre tr\u00e8s tendance, cette murale donnera de la personnalit\u00e9 et de l&#8217;\u00e9l\u00e9gance \u00e0 n&#8217;importe quelle pi\u00e8ce de votre int\u00e9rieur. Aussi une tr\u00e8s bonne id\u00e9e pour un salon de coiffure ou un spa.<\/p>\n<p>-La murale comprend des laizes de 18\u2033 (45cm) de largeur. Par exemple, une murale de 6\u2032 (1,83m) de largeur a 4 laizes et une murale de 12\u2032 (3,66m) de largeur a 8 laizes.<\/p>\n<p>-Murale en papier\u00a0peint pr\u00e9encoll\u00e9e, lavable, s\u2019enl\u00e8ve \u00e0 sec et r\u00e9utilisable. Facile \u00e0 installer, se pose comme du papier\u00a0peint (tapisserie).<\/p>\n<p>-Mots Cl\u00e9s: murale bouquet de roses et pivoines, papier peint bouquet de roses et pivoines, tapisserie bouquet de roses et pivoines, murale de fleur, murale en papier peint de fleurs, papier peint de fleurs, tapisserie de fleurs, papier peint grosses fleurs, murale grosses fleurs, tapisserie grosses fleurs, murale en papier peint grosses fleurs<\/p>\n","protected":false},"excerpt":{"rendered":"<p>-Murale en papier peint d&#8217;un magnifique bouquet de roses et de pivoines sur fond noir. Si vous avez envie d&#8217;une murale plut\u00f4t sombre avec des grosses fleurs, cette murale est l&#8217;option parfaite. En plus d&#8217;\u00eatre tr\u00e8s tendance, cette murale donnera de la personnalit\u00e9 et de l&#8217;\u00e9l\u00e9gance \u00e0 n&#8217;importe quelle pi\u00e8ce de votre int\u00e9rieur. Aussi une [&hellip;]<\/p>\n","protected":false},"featured_media":63029,"template":"","meta":{"_acf_changed":false},"product_brand":[203],"product_cat":[150,305,401],"product_tag":[9009,9010,9006,10195,9976,9340,9341],"class_list":{"0":"post-11345","1":"product","2":"type-product","3":"status-publish","4":"has-post-thumbnail","6":"product_brand-muralunique-com","7":"product_cat-fleurs-et-feuillages","8":"product_cat-produits-vedettes","9":"product_cat-tous-nos-produits","10":"product_tag-fleur","11":"product_tag-fleurs","12":"product_tag-floral-fr","13":"product_tag-pivoine","14":"product_tag-pivoines","15":"product_tag-rose","16":"product_tag-roses-fr","18":"first","19":"instock","20":"taxable","21":"shipping-taxable","22":"purchasable","23":"product-type-variable","24":"has-default-attributes"},"acf":[],"_links":{"self":[{"href":"https:\/\/www.muralunique.com\/fr\/wp-json\/wp\/v2\/product\/11345","targetHints":{"allow":["GET"]}}],"collection":[{"href":"https:\/\/www.muralunique.com\/fr\/wp-json\/wp\/v2\/product"}],"about":[{"href":"https:\/\/www.muralunique.com\/fr\/wp-json\/wp\/v2\/types\/product"}],"wp:featuredmedia":[{"embeddable":true,"href":"https:\/\/www.muralunique.com\/fr\/wp-json\/wp\/v2\/media\/63029"}],"wp:attachment":[{"href":"https:\/\/www.muralunique.com\/fr\/wp-json\/wp\/v2\/media?parent=11345"}],"wp:term":[{"taxonomy":"product_brand","embeddable":true,"href":"https:\/\/www.muralunique.com\/fr\/wp-json\/wp\/v2\/product_brand?post=11345"},{"taxonomy":"product_cat","embeddable":true,"href":"https:\/\/www.muralunique.com\/fr\/wp-json\/wp\/v2\/product_cat?post=11345"},{"taxonomy":"product_tag","embeddable":true,"href":"https:\/\/www.muralunique.com\/fr\/wp-json\/wp\/v2\/product_tag?post=11345"}],"curies":[{"name":"wp","href":"https:\/\/api.w.org\/{rel}","templated":true}]}}