{"id":11364,"date":"2019-05-27T11:50:52","date_gmt":"2019-05-27T11:50:52","guid":{"rendered":"https:\/\/muralunique.com\/?post_type=product&#038;p=11364"},"modified":"2022-03-16T17:38:20","modified_gmt":"2022-03-16T21:38:20","slug":"marbre-brun","status":"publish","type":"product","link":"https:\/\/www.muralunique.com\/fr\/produit\/marbre-brun\/","title":{"rendered":"Marbre Brun"},"content":{"rendered":"<p>-Murale en papier peint de six panneaux de marbre brun en haute d\u00e9finition.\u00a0Cette murale de texture est parfaite pour une salle de bain, une chambre \u00e0 coucher ou un salon et apportera \u00e9l\u00e9gance et personnalit\u00e9 \u00e0 votre int\u00e9rieur.<\/p>\n<p>-La murale comprend des laizes de 18&#8243; (45cm) de largeur. Par exemple, une murale de 6&#8242; (1,83m) de largeur a 4 laizes et une murale de 12&#8242; (3,66m) de largeur a 8 laizes.<\/p>\n<p>-Murale en papier\u00a0peint pr\u00e9encoll\u00e9e, lavable, s&#8217;enl\u00e8ve \u00e0 sec et r\u00e9utilisable. Facile \u00e0 installer, se pose comme du papier\u00a0peint (tapisserie).<\/p>\n<p>-murale de marbre, murale en papier peint de marbre brun, papier peint de marbre, tapisserie de marbre, murale de texture<\/p>\n","protected":false},"excerpt":{"rendered":"<p>-Murale en papier peint de six panneaux de marbre brun en haute d\u00e9finition.\u00a0Cette murale de texture est parfaite pour une salle de bain, une chambre \u00e0 coucher ou un salon et apportera \u00e9l\u00e9gance et personnalit\u00e9 \u00e0 votre int\u00e9rieur. -La murale comprend des laizes de 18&#8243; (45cm) de largeur. Par exemple, une murale de 6&#8242; (1,83m) [&hellip;]<\/p>\n","protected":false},"featured_media":11365,"template":"","meta":{"_acf_changed":false},"product_brand":[203],"product_cat":[169,401],"product_tag":[9447,9448,9449],"class_list":{"0":"post-11364","1":"product","2":"type-product","3":"status-publish","4":"has-post-thumbnail","6":"product_brand-muralunique-com","7":"product_cat-textures-2","8":"product_cat-tous-nos-produits","9":"product_tag-texture-fr","10":"product_tag-texture-fr-2","11":"product_tag-textures","13":"first","14":"instock","15":"taxable","16":"shipping-taxable","17":"purchasable","18":"product-type-variable","19":"has-default-attributes"},"acf":[],"_links":{"self":[{"href":"https:\/\/www.muralunique.com\/fr\/wp-json\/wp\/v2\/product\/11364","targetHints":{"allow":["GET"]}}],"collection":[{"href":"https:\/\/www.muralunique.com\/fr\/wp-json\/wp\/v2\/product"}],"about":[{"href":"https:\/\/www.muralunique.com\/fr\/wp-json\/wp\/v2\/types\/product"}],"wp:featuredmedia":[{"embeddable":true,"href":"https:\/\/www.muralunique.com\/fr\/wp-json\/wp\/v2\/media\/11365"}],"wp:attachment":[{"href":"https:\/\/www.muralunique.com\/fr\/wp-json\/wp\/v2\/media?parent=11364"}],"wp:term":[{"taxonomy":"product_brand","embeddable":true,"href":"https:\/\/www.muralunique.com\/fr\/wp-json\/wp\/v2\/product_brand?post=11364"},{"taxonomy":"product_cat","embeddable":true,"href":"https:\/\/www.muralunique.com\/fr\/wp-json\/wp\/v2\/product_cat?post=11364"},{"taxonomy":"product_tag","embeddable":true,"href":"https:\/\/www.muralunique.com\/fr\/wp-json\/wp\/v2\/product_tag?post=11364"}],"curies":[{"name":"wp","href":"https:\/\/api.w.org\/{rel}","templated":true}]}}