{"id":11373,"date":"2019-05-28T12:22:47","date_gmt":"2019-05-28T12:22:47","guid":{"rendered":"https:\/\/muralunique.com\/?post_type=product&#038;p=11373"},"modified":"2022-03-16T17:38:18","modified_gmt":"2022-03-16T21:38:18","slug":"roseaux-verts","status":"publish","type":"product","link":"https:\/\/www.muralunique.com\/fr\/produit\/roseaux-verts\/","title":{"rendered":"Roseaux Verts"},"content":{"rendered":"<p>-Photo murale d&#8217;un plan rapproch\u00e9 de roseaux verts.\u00a0Que ce soit pour une salle \u00e0 manger, une salle de bain, une chambre ou un salon, cette murale apportera lumi\u00e8re et fra\u00eecheur \u00e0 votre int\u00e9rieur.<\/p>\n<p>-La murale comprend des laizes de 18&#8243; (45cm) de largeur. Par exemple, une murale de 6&#8242; (1,83m) de largeur a 4 laizes et une murale de 12&#8242; (3,66m) de largeur a 8 laizes.<\/p>\n<p>-Murale en papier\u00a0peint pr\u00e9encoll\u00e9e, lavable, s&#8217;enl\u00e8ve \u00e0 sec et r\u00e9utilisable. Facile \u00e0 installer, se pose comme du papier\u00a0peint (tapisserie).<\/p>\n<p>-murale de roseau vert, murale de roseaux verts, murale gazon, tapisserie gazon, papier peint gazon<\/p>\n","protected":false},"excerpt":{"rendered":"<p>-Photo murale d&#8217;un plan rapproch\u00e9 de roseaux verts.\u00a0Que ce soit pour une salle \u00e0 manger, une salle de bain, une chambre ou un salon, cette murale apportera lumi\u00e8re et fra\u00eecheur \u00e0 votre int\u00e9rieur. -La murale comprend des laizes de 18&#8243; (45cm) de largeur. Par exemple, une murale de 6&#8242; (1,83m) de largeur a 4 laizes [&hellip;]<\/p>\n","protected":false},"featured_media":11374,"template":"","meta":{"_acf_changed":false},"product_brand":[203],"product_cat":[150,401],"product_tag":[9014,9031,9030,9063,9219,8905,10034,10035],"class_list":{"0":"post-11373","1":"product","2":"type-product","3":"status-publish","4":"has-post-thumbnail","6":"product_brand-muralunique-com","7":"product_cat-fleurs-et-feuillages","8":"product_cat-tous-nos-produits","9":"product_tag-feuillage","10":"product_tag-fraicheur","11":"product_tag-frais","12":"product_tag-gazon","13":"product_tag-nature-fr","14":"product_tag-plan-rapproche","15":"product_tag-roseau","16":"product_tag-roseaux","18":"first","19":"instock","20":"taxable","21":"shipping-taxable","22":"purchasable","23":"product-type-variable","24":"has-default-attributes"},"acf":[],"_links":{"self":[{"href":"https:\/\/www.muralunique.com\/fr\/wp-json\/wp\/v2\/product\/11373","targetHints":{"allow":["GET"]}}],"collection":[{"href":"https:\/\/www.muralunique.com\/fr\/wp-json\/wp\/v2\/product"}],"about":[{"href":"https:\/\/www.muralunique.com\/fr\/wp-json\/wp\/v2\/types\/product"}],"wp:featuredmedia":[{"embeddable":true,"href":"https:\/\/www.muralunique.com\/fr\/wp-json\/wp\/v2\/media\/11374"}],"wp:attachment":[{"href":"https:\/\/www.muralunique.com\/fr\/wp-json\/wp\/v2\/media?parent=11373"}],"wp:term":[{"taxonomy":"product_brand","embeddable":true,"href":"https:\/\/www.muralunique.com\/fr\/wp-json\/wp\/v2\/product_brand?post=11373"},{"taxonomy":"product_cat","embeddable":true,"href":"https:\/\/www.muralunique.com\/fr\/wp-json\/wp\/v2\/product_cat?post=11373"},{"taxonomy":"product_tag","embeddable":true,"href":"https:\/\/www.muralunique.com\/fr\/wp-json\/wp\/v2\/product_tag?post=11373"}],"curies":[{"name":"wp","href":"https:\/\/api.w.org\/{rel}","templated":true}]}}